{"id":595850,"date":"2025-06-19T23:03:13","date_gmt":"2025-06-19T20:03:13","guid":{"rendered":"https:\/\/nextsnkr.com\/product\/speedcat-red\/"},"modified":"2026-01-30T18:32:37","modified_gmt":"2026-01-30T15:32:37","slug":"speedcat-red","status":"publish","type":"product","link":"https:\/\/nextsnkr.com\/fi\/tuote\/speedcat-red\/","title":{"rendered":"Speedcat punaiset mokkanahkaiset tennarit tyylikk\u00e4\u00e4seen rentoon ilmeeseen"},"content":{"rendered":"<h2>Speedcat punaiset mokkanahkaiset tennarit tyylikk\u00e4\u00e4seen rentoon ilmeeseen<\/h2>\n<p>Speedcat Red-lenkkarit on valmistettu korkealaatuisesta mokkanahasta, mik\u00e4 takaa mukavuuden ja kest\u00e4vyyden. Kevyet ja tyylikk\u00e4\u00e4t, ne sopivat p\u00e4ivitt\u00e4iseen k\u00e4ytt\u00f6\u00f6n ja ulkoiluun. Speedcat-br\u00e4ndi yhdist\u00e4\u00e4 modernin muotoilun ja klassisen estetiikan, mik\u00e4 lis\u00e4\u00e4 kirkkautta ilmeeseesi. Ihanteellinen valinta niille, jotka arvostavat mukavuutta, tyyli\u00e4 ja ensiluokkaista laatua vapaa-ajan kengiss\u00e4.<\/p>\n","protected":false},"excerpt":{"rendered":"<p>Speedcat Red-lenkkarit on valmistettu korkealaatuisesta mokkanahasta, mik\u00e4 takaa mukavuuden ja kest\u00e4vyyden. Kevyet ja tyylikk\u00e4\u00e4t, ne sopivat p\u00e4ivitt\u00e4iseen k\u00e4ytt\u00f6\u00f6n ja ulkoiluun. Speedcat-br\u00e4ndi yhdist\u00e4\u00e4 modernin muotoilun ja klassisen estetiikan, mik\u00e4 lis\u00e4\u00e4 kirkkautta ilmeeseesi. Ihanteellinen valinta niille, jotka arvostavat mukavuutta, tyyli\u00e4 ja ensiluokkaista laatua vapaa-ajan kengiss\u00e4.<\/p>\n","protected":false},"featured_media":595851,"comment_status":"open","ping_status":"open","template":"","meta":[],"product_brand":[],"product_cat":[3199,3318],"product_tag":[],"class_list":{"0":"post-595850","1":"product","2":"type-product","3":"status-publish","4":"has-post-thumbnail","6":"product_cat-all-product","7":"product_cat-kedy","8":"pa_rozmir-910","9":"pa_rozmir-912","10":"pa_rozmir-914","11":"pa_rozmir-915","12":"pa_rozmir-916","13":"pa_rozmir-917","14":"pa_rozmir-918","15":"pa_rozmir-919","16":"pa_rozmir-920","17":"pa_rozmir-921","18":"pa_rozmir-922","20":"first","21":"instock","22":"purchasable","23":"product-type-variable"},"_links":{"self":[{"href":"https:\/\/nextsnkr.com\/fi\/wp-json\/wp\/v2\/product\/595850","targetHints":{"allow":["GET"]}}],"collection":[{"href":"https:\/\/nextsnkr.com\/fi\/wp-json\/wp\/v2\/product"}],"about":[{"href":"https:\/\/nextsnkr.com\/fi\/wp-json\/wp\/v2\/types\/product"}],"replies":[{"embeddable":true,"href":"https:\/\/nextsnkr.com\/fi\/wp-json\/wp\/v2\/comments?post=595850"}],"version-history":[{"count":0,"href":"https:\/\/nextsnkr.com\/fi\/wp-json\/wp\/v2\/product\/595850\/revisions"}],"wp:featuredmedia":[{"embeddable":true,"href":"https:\/\/nextsnkr.com\/fi\/wp-json\/wp\/v2\/media\/595851"}],"wp:attachment":[{"href":"https:\/\/nextsnkr.com\/fi\/wp-json\/wp\/v2\/media?parent=595850"}],"wp:term":[{"taxonomy":"product_brand","embeddable":true,"href":"https:\/\/nextsnkr.com\/fi\/wp-json\/wp\/v2\/product_brand?post=595850"},{"taxonomy":"product_cat","embeddable":true,"href":"https:\/\/nextsnkr.com\/fi\/wp-json\/wp\/v2\/product_cat?post=595850"},{"taxonomy":"product_tag","embeddable":true,"href":"https:\/\/nextsnkr.com\/fi\/wp-json\/wp\/v2\/product_tag?post=595850"}],"curies":[{"name":"wp","href":"https:\/\/api.w.org\/{rel}","templated":true}]}}