{"id":595680,"date":"2025-06-19T23:04:20","date_gmt":"2025-06-19T20:04:20","guid":{"rendered":"https:\/\/nextsnkr.com\/product\/9060-nori-green\/"},"modified":"2026-01-30T18:32:32","modified_gmt":"2026-01-30T15:32:32","slug":"9060-nori-green","status":"publish","type":"product","link":"https:\/\/nextsnkr.com\/fi\/tuote\/9060-nori-green\/","title":{"rendered":"9060 Nori Green mokka-ja tekstiililenkkarit, tyylikk\u00e4\u00e4t ja mukavat"},"content":{"rendered":"<h2>9060 Nori Green mokka-ja tekstiililenkkarit, tyylikk\u00e4\u00e4t ja mukavat<\/h2>\n<p>Tyylikk\u00e4\u00e4t 9060 Nori Green-lenkkarit on valmistettu korkealaatuisesta mokkanahasta ja tekstiileist\u00e4, mik\u00e4 takaa mukavuuden ja kest\u00e4vyyden. Malli on ihanteellinen p\u00e4ivitt\u00e4iseen k\u00e4ytt\u00f6\u00f6n, yhdistyy erilaisiin ulkon\u00e4k\u00f6ihin ja takaa mukavuuden koko p\u00e4iv\u00e4n. Valitse n\u00e4m\u00e4 lenkkarit aktiiviseen ja tyylikk\u00e4\u00e4seen el\u00e4m\u00e4\u00e4n korostaen ainutlaatuista tyyli\u00e4si.<\/p>\n","protected":false},"excerpt":{"rendered":"<p>Tyylikk\u00e4\u00e4t 9060 Nori Green-lenkkarit on valmistettu korkealaatuisesta mokkanahasta ja tekstiileist\u00e4, mik\u00e4 takaa mukavuuden ja kest\u00e4vyyden. Malli on ihanteellinen p\u00e4ivitt\u00e4iseen k\u00e4ytt\u00f6\u00f6n, yhdistyy erilaisiin ulkon\u00e4k\u00f6ihin ja takaa mukavuuden koko p\u00e4iv\u00e4n. Valitse n\u00e4m\u00e4 lenkkarit aktiiviseen ja tyylikk\u00e4\u00e4seen el\u00e4m\u00e4\u00e4n korostaen ainutlaatuista tyyli\u00e4si.<\/p>\n","protected":false},"featured_media":595681,"comment_status":"open","ping_status":"open","template":"","meta":[],"product_brand":[],"product_cat":[3199,3200],"product_tag":[],"class_list":{"0":"post-595680","1":"product","2":"type-product","3":"status-publish","4":"has-post-thumbnail","6":"product_cat-all-product","7":"product_cat-krosivky","8":"pa_rozmir-910","9":"pa_rozmir-912","10":"pa_rozmir-914","11":"pa_rozmir-915","12":"pa_rozmir-916","13":"pa_rozmir-917","14":"pa_rozmir-918","15":"pa_rozmir-919","16":"pa_rozmir-920","17":"pa_rozmir-921","18":"pa_rozmir-922","20":"first","21":"instock","22":"purchasable","23":"product-type-variable"},"_links":{"self":[{"href":"https:\/\/nextsnkr.com\/fi\/wp-json\/wp\/v2\/product\/595680","targetHints":{"allow":["GET"]}}],"collection":[{"href":"https:\/\/nextsnkr.com\/fi\/wp-json\/wp\/v2\/product"}],"about":[{"href":"https:\/\/nextsnkr.com\/fi\/wp-json\/wp\/v2\/types\/product"}],"replies":[{"embeddable":true,"href":"https:\/\/nextsnkr.com\/fi\/wp-json\/wp\/v2\/comments?post=595680"}],"version-history":[{"count":0,"href":"https:\/\/nextsnkr.com\/fi\/wp-json\/wp\/v2\/product\/595680\/revisions"}],"wp:featuredmedia":[{"embeddable":true,"href":"https:\/\/nextsnkr.com\/fi\/wp-json\/wp\/v2\/media\/595681"}],"wp:attachment":[{"href":"https:\/\/nextsnkr.com\/fi\/wp-json\/wp\/v2\/media?parent=595680"}],"wp:term":[{"taxonomy":"product_brand","embeddable":true,"href":"https:\/\/nextsnkr.com\/fi\/wp-json\/wp\/v2\/product_brand?post=595680"},{"taxonomy":"product_cat","embeddable":true,"href":"https:\/\/nextsnkr.com\/fi\/wp-json\/wp\/v2\/product_cat?post=595680"},{"taxonomy":"product_tag","embeddable":true,"href":"https:\/\/nextsnkr.com\/fi\/wp-json\/wp\/v2\/product_tag?post=595680"}],"curies":[{"name":"wp","href":"https:\/\/api.w.org\/{rel}","templated":true}]}}