{"id":595341,"date":"2025-06-19T23:06:19","date_gmt":"2025-06-19T20:06:19","guid":{"rendered":"https:\/\/nextsnkr.com\/product\/9060-dark-beige\/"},"modified":"2026-01-30T18:32:23","modified_gmt":"2026-01-30T15:32:23","slug":"9060-dark-beige","status":"publish","type":"product","link":"https:\/\/nextsnkr.com\/fi\/tuote\/9060-dark-beige\/","title":{"rendered":"9060 Tumman Beiget mokkanahkaiset tennarit tyylikk\u00e4\u00e4seen ja mukavaan k\u00e4ytt\u00f6\u00f6n"},"content":{"rendered":"<h2>9060 Tumman Beiget mokkanahkaiset tennarit tyylikk\u00e4\u00e4seen ja mukavaan k\u00e4ytt\u00f6\u00f6n<\/h2>\n<p>9060 Tumman Beiget tennarit on valmistettu korkealaatuisesta mokkanahasta, mik\u00e4 takaa mukavuuden ja kest\u00e4vyyden. Vietnamilainen valmistaja takaa jokaisen parin erinomaisen laadun. Tyylik\u00e4s beige v\u00e4ri ja moderni muotoilu tekev\u00e4t n\u00e4ist\u00e4 tennareista monipuolisen valinnan p\u00e4ivitt\u00e4iseen k\u00e4ytt\u00f6\u00f6n ja aktiiviseen el\u00e4m\u00e4ntapaan. Kevyet ja mukavat, ne korostavat yksil\u00f6llisyytt\u00e4 ja lis\u00e4\u00e4v\u00e4t eleganssia mihin tahansa ilmeeseen.<\/p>\n","protected":false},"excerpt":{"rendered":"<p>9060 Tumman Beiget tennarit on valmistettu korkealaatuisesta mokkanahasta, mik\u00e4 takaa mukavuuden ja kest\u00e4vyyden. Vietnamilainen valmistaja takaa jokaisen parin erinomaisen laadun. Tyylik\u00e4s beige v\u00e4ri ja moderni muotoilu tekev\u00e4t n\u00e4ist\u00e4 tennareista monipuolisen valinnan p\u00e4ivitt\u00e4iseen k\u00e4ytt\u00f6\u00f6n ja aktiiviseen el\u00e4m\u00e4ntapaan. Kevyet ja mukavat, ne korostavat yksil\u00f6llisyytt\u00e4 ja lis\u00e4\u00e4v\u00e4t eleganssia mihin tahansa ilmeeseen.<\/p>\n","protected":false},"featured_media":595342,"comment_status":"open","ping_status":"open","template":"","meta":[],"product_brand":[],"product_cat":[3199,3200],"product_tag":[],"class_list":{"0":"post-595341","1":"product","2":"type-product","3":"status-publish","4":"has-post-thumbnail","6":"product_cat-all-product","7":"product_cat-krosivky","8":"pa_rozmir-910","9":"pa_rozmir-912","10":"pa_rozmir-914","11":"pa_rozmir-915","12":"pa_rozmir-916","13":"pa_rozmir-917","14":"pa_rozmir-918","15":"pa_rozmir-919","16":"pa_rozmir-920","17":"pa_rozmir-921","18":"pa_rozmir-922","20":"first","21":"instock","22":"purchasable","23":"product-type-variable"},"_links":{"self":[{"href":"https:\/\/nextsnkr.com\/fi\/wp-json\/wp\/v2\/product\/595341","targetHints":{"allow":["GET"]}}],"collection":[{"href":"https:\/\/nextsnkr.com\/fi\/wp-json\/wp\/v2\/product"}],"about":[{"href":"https:\/\/nextsnkr.com\/fi\/wp-json\/wp\/v2\/types\/product"}],"replies":[{"embeddable":true,"href":"https:\/\/nextsnkr.com\/fi\/wp-json\/wp\/v2\/comments?post=595341"}],"version-history":[{"count":0,"href":"https:\/\/nextsnkr.com\/fi\/wp-json\/wp\/v2\/product\/595341\/revisions"}],"wp:featuredmedia":[{"embeddable":true,"href":"https:\/\/nextsnkr.com\/fi\/wp-json\/wp\/v2\/media\/595342"}],"wp:attachment":[{"href":"https:\/\/nextsnkr.com\/fi\/wp-json\/wp\/v2\/media?parent=595341"}],"wp:term":[{"taxonomy":"product_brand","embeddable":true,"href":"https:\/\/nextsnkr.com\/fi\/wp-json\/wp\/v2\/product_brand?post=595341"},{"taxonomy":"product_cat","embeddable":true,"href":"https:\/\/nextsnkr.com\/fi\/wp-json\/wp\/v2\/product_cat?post=595341"},{"taxonomy":"product_tag","embeddable":true,"href":"https:\/\/nextsnkr.com\/fi\/wp-json\/wp\/v2\/product_tag?post=595341"}],"curies":[{"name":"wp","href":"https:\/\/api.w.org\/{rel}","templated":true}]}}