{"id":592420,"date":"2025-06-19T22:37:26","date_gmt":"2025-06-19T19:37:26","guid":{"rendered":"https:\/\/nextsnkr.com\/product\/bv-low-black-beige-premium\/"},"modified":"2026-01-30T18:30:55","modified_gmt":"2026-01-30T15:30:55","slug":"bv-low-black-beige-premium","status":"publish","type":"product","link":"https:\/\/nextsnkr.com\/fi\/tuote\/bv-low-black-beige-premium\/","title":{"rendered":"BV matalat Mustat \/ Beiget Premium-nahkasaappaat"},"content":{"rendered":"<h2>BV matalat Mustat \/ Beiget Premium-nahkasaappaat<\/h2>\n<p>Tyylikk\u00e4\u00e4t BV Low Black \/ Beige PREMIUM-saappaat on valmistettu korkealaatuisesta nahasta, mik\u00e4 takaa kest\u00e4vyyden ja mukavuuden p\u00e4ivitt\u00e4isess\u00e4 k\u00e4yt\u00f6ss\u00e4. Mallissa yhdistyv\u00e4t tyylik\u00e4s muotoilu k\u00e4yt\u00e4nn\u00f6llisyyteen, joka sopii aktiiviseen el\u00e4m\u00e4\u00e4n ja urbaaniin tyyliin. Valitse BV matala musta \/ Beige tuntea olonsa mukavaksi ja varmaksi kaikissa tilanteissa.<\/p>\n","protected":false},"excerpt":{"rendered":"<p>Tyylikk\u00e4\u00e4t BV Low Black \/ Beige PREMIUM-saappaat on valmistettu korkealaatuisesta nahasta, mik\u00e4 takaa kest\u00e4vyyden ja mukavuuden p\u00e4ivitt\u00e4isess\u00e4 k\u00e4yt\u00f6ss\u00e4. Mallissa yhdistyv\u00e4t tyylik\u00e4s muotoilu k\u00e4yt\u00e4nn\u00f6llisyyteen, joka sopii aktiiviseen el\u00e4m\u00e4\u00e4n ja urbaaniin tyyliin. Valitse BV matala musta \/ Beige tuntea olonsa mukavaksi ja varmaksi kaikissa tilanteissa.<\/p>\n","protected":false},"featured_media":592421,"comment_status":"open","ping_status":"open","template":"","meta":[],"product_brand":[],"product_cat":[3199,3331],"product_tag":[],"class_list":{"0":"post-592420","1":"product","2":"type-product","3":"status-publish","4":"has-post-thumbnail","6":"product_cat-all-product","7":"product_cat-cherevyky","8":"pa_rozmir-910","9":"pa_rozmir-912","10":"pa_rozmir-914","11":"pa_rozmir-915","12":"pa_rozmir-916","13":"pa_rozmir-917","14":"pa_rozmir-918","15":"pa_rozmir-919","16":"pa_rozmir-920","17":"pa_rozmir-921","18":"pa_rozmir-922","20":"first","21":"onbackorder","22":"purchasable","23":"product-type-variable"},"_links":{"self":[{"href":"https:\/\/nextsnkr.com\/fi\/wp-json\/wp\/v2\/product\/592420","targetHints":{"allow":["GET"]}}],"collection":[{"href":"https:\/\/nextsnkr.com\/fi\/wp-json\/wp\/v2\/product"}],"about":[{"href":"https:\/\/nextsnkr.com\/fi\/wp-json\/wp\/v2\/types\/product"}],"replies":[{"embeddable":true,"href":"https:\/\/nextsnkr.com\/fi\/wp-json\/wp\/v2\/comments?post=592420"}],"version-history":[{"count":0,"href":"https:\/\/nextsnkr.com\/fi\/wp-json\/wp\/v2\/product\/592420\/revisions"}],"wp:featuredmedia":[{"embeddable":true,"href":"https:\/\/nextsnkr.com\/fi\/wp-json\/wp\/v2\/media\/592421"}],"wp:attachment":[{"href":"https:\/\/nextsnkr.com\/fi\/wp-json\/wp\/v2\/media?parent=592420"}],"wp:term":[{"taxonomy":"product_brand","embeddable":true,"href":"https:\/\/nextsnkr.com\/fi\/wp-json\/wp\/v2\/product_brand?post=592420"},{"taxonomy":"product_cat","embeddable":true,"href":"https:\/\/nextsnkr.com\/fi\/wp-json\/wp\/v2\/product_cat?post=592420"},{"taxonomy":"product_tag","embeddable":true,"href":"https:\/\/nextsnkr.com\/fi\/wp-json\/wp\/v2\/product_tag?post=592420"}],"curies":[{"name":"wp","href":"https:\/\/api.w.org\/{rel}","templated":true}]}}