{"id":592250,"date":"2025-06-19T22:38:18","date_gmt":"2025-06-19T19:38:18","guid":{"rendered":"https:\/\/nextsnkr.com\/product\/bv-black-green-premium\/"},"modified":"2026-01-30T18:30:51","modified_gmt":"2026-01-30T15:30:51","slug":"bv-black-green-premium","status":"publish","type":"product","link":"https:\/\/nextsnkr.com\/fi\/tuote\/bv-black-green-premium\/","title":{"rendered":"BV mustat \/ vihre\u00e4t Premium-saappaat &#8211; nahkakeng\u00e4t mukavuutta ja tyyli\u00e4 varten"},"content":{"rendered":"<h2>BV mustat \/ vihre\u00e4t Premium-saappaat &#8211; nahkakeng\u00e4t mukavuutta ja tyyli\u00e4 varten<\/h2>\n<p>Tyylikk\u00e4\u00e4t BV Black \/ Green Premium-saappaat on valmistettu korkealaatuisesta nahasta, mik\u00e4 takaa kest\u00e4vyyden ja mukavuuden k\u00e4yt\u00f6n aikana. Ihanteellinen p\u00e4ivitt\u00e4iseen k\u00e4ytt\u00f6\u00f6n ja kylm\u00e4\u00e4n s\u00e4\u00e4h\u00e4n, jossa yhdistyv\u00e4t moderni muotoilu ja luotettavuus. N\u00e4m\u00e4 BV-nahkasaappaat korostavat tyyli\u00e4si ja takaavat l\u00e4mm\u00f6n ja mukavuuden kaikissa olosuhteissa.<\/p>\n","protected":false},"excerpt":{"rendered":"<p>Tyylikk\u00e4\u00e4t BV Black \/ Green Premium-saappaat on valmistettu korkealaatuisesta nahasta, mik\u00e4 takaa kest\u00e4vyyden ja mukavuuden k\u00e4yt\u00f6n aikana. Ihanteellinen p\u00e4ivitt\u00e4iseen k\u00e4ytt\u00f6\u00f6n ja kylm\u00e4\u00e4n s\u00e4\u00e4h\u00e4n, jossa yhdistyv\u00e4t moderni muotoilu ja luotettavuus. N\u00e4m\u00e4 BV-nahkasaappaat korostavat tyyli\u00e4si ja takaavat l\u00e4mm\u00f6n ja mukavuuden kaikissa olosuhteissa.<\/p>\n","protected":false},"featured_media":592251,"comment_status":"open","ping_status":"open","template":"","meta":[],"product_brand":[],"product_cat":[3199,3331],"product_tag":[],"class_list":{"0":"post-592250","1":"product","2":"type-product","3":"status-publish","4":"has-post-thumbnail","6":"product_cat-all-product","7":"product_cat-cherevyky","8":"pa_rozmir-910","9":"pa_rozmir-912","10":"pa_rozmir-914","11":"pa_rozmir-915","12":"pa_rozmir-916","13":"pa_rozmir-917","14":"pa_rozmir-918","15":"pa_rozmir-919","16":"pa_rozmir-920","17":"pa_rozmir-921","18":"pa_rozmir-922","20":"first","21":"onbackorder","22":"purchasable","23":"product-type-variable"},"_links":{"self":[{"href":"https:\/\/nextsnkr.com\/fi\/wp-json\/wp\/v2\/product\/592250","targetHints":{"allow":["GET"]}}],"collection":[{"href":"https:\/\/nextsnkr.com\/fi\/wp-json\/wp\/v2\/product"}],"about":[{"href":"https:\/\/nextsnkr.com\/fi\/wp-json\/wp\/v2\/types\/product"}],"replies":[{"embeddable":true,"href":"https:\/\/nextsnkr.com\/fi\/wp-json\/wp\/v2\/comments?post=592250"}],"version-history":[{"count":0,"href":"https:\/\/nextsnkr.com\/fi\/wp-json\/wp\/v2\/product\/592250\/revisions"}],"wp:featuredmedia":[{"embeddable":true,"href":"https:\/\/nextsnkr.com\/fi\/wp-json\/wp\/v2\/media\/592251"}],"wp:attachment":[{"href":"https:\/\/nextsnkr.com\/fi\/wp-json\/wp\/v2\/media?parent=592250"}],"wp:term":[{"taxonomy":"product_brand","embeddable":true,"href":"https:\/\/nextsnkr.com\/fi\/wp-json\/wp\/v2\/product_brand?post=592250"},{"taxonomy":"product_cat","embeddable":true,"href":"https:\/\/nextsnkr.com\/fi\/wp-json\/wp\/v2\/product_cat?post=592250"},{"taxonomy":"product_tag","embeddable":true,"href":"https:\/\/nextsnkr.com\/fi\/wp-json\/wp\/v2\/product_tag?post=592250"}],"curies":[{"name":"wp","href":"https:\/\/api.w.org\/{rel}","templated":true}]}}