{"id":591570,"date":"2025-06-19T22:41:43","date_gmt":"2025-06-19T19:41:43","guid":{"rendered":"https:\/\/nextsnkr.com\/product\/bv-black-pink-premium\/"},"modified":"2026-01-30T18:30:33","modified_gmt":"2026-01-30T15:30:33","slug":"bv-black-pink-premium","status":"publish","type":"product","link":"https:\/\/nextsnkr.com\/fi\/tuote\/bv-black-pink-premium\/","title":{"rendered":"BV Mustat \/ vaaleanpunaiset Premium-saappaat Aitoa nahkaa"},"content":{"rendered":"<h2>BV Mustat \/ vaaleanpunaiset Premium-saappaat Aitoa nahkaa<\/h2>\n<p>BV Black \/ Pink Premium-saappaat on valmistettu korkealaatuisesta nahasta, mik\u00e4 takaa kest\u00e4vyyden ja mukavuuden k\u00e4ytett\u00e4ess\u00e4. Mustan ja vaaleanpunaisen v\u00e4rin tyylik\u00e4s yhdistelm\u00e4 tekee niist\u00e4 kirkkaan korostuksen lookiisi. Luotettava pohja ja ensiluokkaiset viimeistelymateriaalit takaavat mukavuuden jokap\u00e4iv\u00e4isess\u00e4 k\u00e4yt\u00f6ss\u00e4. Ihanteellinen valinta niille, jotka arvostavat br\u00e4ndi\u00e4, laatua ja modernia muotoilua.<\/p>\n","protected":false},"excerpt":{"rendered":"<p>BV Black \/ Pink Premium-saappaat on valmistettu korkealaatuisesta nahasta, mik\u00e4 takaa kest\u00e4vyyden ja mukavuuden k\u00e4ytett\u00e4ess\u00e4. Mustan ja vaaleanpunaisen v\u00e4rin tyylik\u00e4s yhdistelm\u00e4 tekee niist\u00e4 kirkkaan korostuksen lookiisi. Luotettava pohja ja ensiluokkaiset viimeistelymateriaalit takaavat mukavuuden jokap\u00e4iv\u00e4isess\u00e4 k\u00e4yt\u00f6ss\u00e4. Ihanteellinen valinta niille, jotka arvostavat br\u00e4ndi\u00e4, laatua ja modernia muotoilua.<\/p>\n","protected":false},"featured_media":591571,"comment_status":"open","ping_status":"open","template":"","meta":[],"product_brand":[],"product_cat":[3199,3331],"product_tag":[],"class_list":{"0":"post-591570","1":"product","2":"type-product","3":"status-publish","4":"has-post-thumbnail","6":"product_cat-all-product","7":"product_cat-cherevyky","8":"pa_rozmir-910","9":"pa_rozmir-912","10":"pa_rozmir-914","11":"pa_rozmir-915","12":"pa_rozmir-916","13":"pa_rozmir-917","14":"pa_rozmir-918","15":"pa_rozmir-919","16":"pa_rozmir-920","17":"pa_rozmir-921","18":"pa_rozmir-922","20":"first","21":"onbackorder","22":"purchasable","23":"product-type-variable"},"_links":{"self":[{"href":"https:\/\/nextsnkr.com\/fi\/wp-json\/wp\/v2\/product\/591570","targetHints":{"allow":["GET"]}}],"collection":[{"href":"https:\/\/nextsnkr.com\/fi\/wp-json\/wp\/v2\/product"}],"about":[{"href":"https:\/\/nextsnkr.com\/fi\/wp-json\/wp\/v2\/types\/product"}],"replies":[{"embeddable":true,"href":"https:\/\/nextsnkr.com\/fi\/wp-json\/wp\/v2\/comments?post=591570"}],"version-history":[{"count":0,"href":"https:\/\/nextsnkr.com\/fi\/wp-json\/wp\/v2\/product\/591570\/revisions"}],"wp:featuredmedia":[{"embeddable":true,"href":"https:\/\/nextsnkr.com\/fi\/wp-json\/wp\/v2\/media\/591571"}],"wp:attachment":[{"href":"https:\/\/nextsnkr.com\/fi\/wp-json\/wp\/v2\/media?parent=591570"}],"wp:term":[{"taxonomy":"product_brand","embeddable":true,"href":"https:\/\/nextsnkr.com\/fi\/wp-json\/wp\/v2\/product_brand?post=591570"},{"taxonomy":"product_cat","embeddable":true,"href":"https:\/\/nextsnkr.com\/fi\/wp-json\/wp\/v2\/product_cat?post=591570"},{"taxonomy":"product_tag","embeddable":true,"href":"https:\/\/nextsnkr.com\/fi\/wp-json\/wp\/v2\/product_tag?post=591570"}],"curies":[{"name":"wp","href":"https:\/\/api.w.org\/{rel}","templated":true}]}}