{"id":591230,"date":"2025-06-19T22:43:28","date_gmt":"2025-06-19T19:43:28","guid":{"rendered":"https:\/\/nextsnkr.com\/product\/jordan-4\/"},"modified":"2026-01-30T18:30:24","modified_gmt":"2026-01-30T15:30:24","slug":"jordan-4","status":"publish","type":"product","link":"https:\/\/nextsnkr.com\/fi\/tuote\/jordan-4\/","title":{"rendered":"Jordan 4 Nahka lenkkarit-tyyli\u00e4 ja mukavuutta p\u00e4ivitt\u00e4iseen k\u00e4ytt\u00f6\u00f6n"},"content":{"rendered":"<h2>Jordan 4 Nahka lenkkarit-tyyli\u00e4 ja mukavuutta p\u00e4ivitt\u00e4iseen k\u00e4ytt\u00f6\u00f6n<\/h2>\n<p>Jordan 4-lenkkarit on valmistettu korkealaatuisesta nahasta, mik\u00e4 takaa kest\u00e4vyyden ja mukavuuden k\u00e4yt\u00f6n aikana. Mallissa yhdistyv\u00e4t tyylik\u00e4s muotoilu ja luotettava iskunvaimennus, joka sopii p\u00e4ivitt\u00e4iseen k\u00e4ytt\u00f6\u00f6n ja ulkoiluun. Jordan 4 tarjoaa mukavan jalan istuvuuden ja tyylikk\u00e4\u00e4n ilmeen kaikissa tilanteissa. Valitse t\u00e4m\u00e4 malli saadaksesi modernin ilmeen ja maksimaalisen mukavuuden.<\/p>\n","protected":false},"excerpt":{"rendered":"<p>Jordan 4-lenkkarit on valmistettu korkealaatuisesta nahasta, mik\u00e4 takaa kest\u00e4vyyden ja mukavuuden k\u00e4yt\u00f6n aikana. Mallissa yhdistyv\u00e4t tyylik\u00e4s muotoilu ja luotettava iskunvaimennus, joka sopii p\u00e4ivitt\u00e4iseen k\u00e4ytt\u00f6\u00f6n ja ulkoiluun. Jordan 4 tarjoaa mukavan jalan istuvuuden ja tyylikk\u00e4\u00e4n ilmeen kaikissa tilanteissa. Valitse t\u00e4m\u00e4 malli saadaksesi modernin ilmeen ja maksimaalisen mukavuuden.<\/p>\n","protected":false},"featured_media":591231,"comment_status":"open","ping_status":"open","template":"","meta":[],"product_brand":[],"product_cat":[3383,3199,3200],"product_tag":[],"class_list":{"0":"post-591230","1":"product","2":"type-product","3":"status-publish","4":"has-post-thumbnail","6":"product_cat-nike-jordan","7":"product_cat-all-product","8":"product_cat-krosivky","9":"pa_rozmir-910","10":"pa_rozmir-912","11":"pa_rozmir-914","12":"pa_rozmir-915","13":"pa_rozmir-916","14":"pa_rozmir-917","15":"pa_rozmir-918","16":"pa_rozmir-919","17":"pa_rozmir-920","18":"pa_rozmir-921","19":"pa_rozmir-922","21":"first","22":"instock","23":"purchasable","24":"product-type-variable"},"_links":{"self":[{"href":"https:\/\/nextsnkr.com\/fi\/wp-json\/wp\/v2\/product\/591230","targetHints":{"allow":["GET"]}}],"collection":[{"href":"https:\/\/nextsnkr.com\/fi\/wp-json\/wp\/v2\/product"}],"about":[{"href":"https:\/\/nextsnkr.com\/fi\/wp-json\/wp\/v2\/types\/product"}],"replies":[{"embeddable":true,"href":"https:\/\/nextsnkr.com\/fi\/wp-json\/wp\/v2\/comments?post=591230"}],"version-history":[{"count":0,"href":"https:\/\/nextsnkr.com\/fi\/wp-json\/wp\/v2\/product\/591230\/revisions"}],"wp:featuredmedia":[{"embeddable":true,"href":"https:\/\/nextsnkr.com\/fi\/wp-json\/wp\/v2\/media\/591231"}],"wp:attachment":[{"href":"https:\/\/nextsnkr.com\/fi\/wp-json\/wp\/v2\/media?parent=591230"}],"wp:term":[{"taxonomy":"product_brand","embeddable":true,"href":"https:\/\/nextsnkr.com\/fi\/wp-json\/wp\/v2\/product_brand?post=591230"},{"taxonomy":"product_cat","embeddable":true,"href":"https:\/\/nextsnkr.com\/fi\/wp-json\/wp\/v2\/product_cat?post=591230"},{"taxonomy":"product_tag","embeddable":true,"href":"https:\/\/nextsnkr.com\/fi\/wp-json\/wp\/v2\/product_tag?post=591230"}],"curies":[{"name":"wp","href":"https:\/\/api.w.org\/{rel}","templated":true}]}}