{"id":590380,"date":"2025-06-19T22:49:48","date_gmt":"2025-06-19T19:49:48","guid":{"rendered":"https:\/\/nextsnkr.com\/product\/air-force-2\/"},"modified":"2026-01-30T18:29:44","modified_gmt":"2026-01-30T15:29:44","slug":"air-force-2","status":"publish","type":"product","link":"https:\/\/nextsnkr.com\/fi\/tuote\/air-force-2\/","title":{"rendered":"Nike Air Force tekstiililenkkarit p\u00e4ivitt\u00e4iseen mukavuuteen"},"content":{"rendered":"<h2>Nike Air Force tekstiililenkkarit p\u00e4ivitt\u00e4iseen mukavuuteen<\/h2>\n<p>Niken Air Force-lenkkarit on valmistettu korkealaatuisista tekstiileist\u00e4, mik\u00e4 tarjoaa keveytt\u00e4, hengitt\u00e4vyytt\u00e4 ja mukavuutta jokap\u00e4iv\u00e4isess\u00e4 k\u00e4yt\u00f6ss\u00e4. Ihanteelliset aktiiviseen el\u00e4m\u00e4ntapaan ja tyylikk\u00e4\u00e4seen ulkon\u00e4k\u00f6\u00f6n, niiss\u00e4 yhdistyv\u00e4t luotettavuus, moderni muotoilu ja kest\u00e4vyys. Valinta niille, jotka arvostavat mukavuutta ja ainutlaatuista tyyli\u00e4 joka p\u00e4iv\u00e4.<\/p>\n","protected":false},"excerpt":{"rendered":"<p>Niken Air Force-lenkkarit on valmistettu korkealaatuisista tekstiileist\u00e4, mik\u00e4 tarjoaa keveytt\u00e4, hengitt\u00e4vyytt\u00e4 ja mukavuutta jokap\u00e4iv\u00e4isess\u00e4 k\u00e4yt\u00f6ss\u00e4. Ihanteelliset aktiiviseen el\u00e4m\u00e4ntapaan ja tyylikk\u00e4\u00e4seen ulkon\u00e4k\u00f6\u00f6n, niiss\u00e4 yhdistyv\u00e4t luotettavuus, moderni muotoilu ja kest\u00e4vyys. Valinta niille, jotka arvostavat mukavuutta ja ainutlaatuista tyyli\u00e4 joka p\u00e4iv\u00e4.<\/p>\n","protected":false},"featured_media":590381,"comment_status":"open","ping_status":"open","template":"","meta":[],"product_brand":[],"product_cat":[3199,3318],"product_tag":[],"class_list":{"0":"post-590380","1":"product","2":"type-product","3":"status-publish","4":"has-post-thumbnail","6":"product_cat-all-product","7":"product_cat-kedy","8":"pa_rozmir-910","9":"pa_rozmir-912","10":"pa_rozmir-914","11":"pa_rozmir-915","12":"pa_rozmir-916","13":"pa_rozmir-917","14":"pa_rozmir-918","15":"pa_rozmir-919","16":"pa_rozmir-920","17":"pa_rozmir-921","18":"pa_rozmir-922","20":"first","21":"onbackorder","22":"purchasable","23":"product-type-variable"},"_links":{"self":[{"href":"https:\/\/nextsnkr.com\/fi\/wp-json\/wp\/v2\/product\/590380","targetHints":{"allow":["GET"]}}],"collection":[{"href":"https:\/\/nextsnkr.com\/fi\/wp-json\/wp\/v2\/product"}],"about":[{"href":"https:\/\/nextsnkr.com\/fi\/wp-json\/wp\/v2\/types\/product"}],"replies":[{"embeddable":true,"href":"https:\/\/nextsnkr.com\/fi\/wp-json\/wp\/v2\/comments?post=590380"}],"version-history":[{"count":0,"href":"https:\/\/nextsnkr.com\/fi\/wp-json\/wp\/v2\/product\/590380\/revisions"}],"wp:featuredmedia":[{"embeddable":true,"href":"https:\/\/nextsnkr.com\/fi\/wp-json\/wp\/v2\/media\/590381"}],"wp:attachment":[{"href":"https:\/\/nextsnkr.com\/fi\/wp-json\/wp\/v2\/media?parent=590380"}],"wp:term":[{"taxonomy":"product_brand","embeddable":true,"href":"https:\/\/nextsnkr.com\/fi\/wp-json\/wp\/v2\/product_brand?post=590380"},{"taxonomy":"product_cat","embeddable":true,"href":"https:\/\/nextsnkr.com\/fi\/wp-json\/wp\/v2\/product_cat?post=590380"},{"taxonomy":"product_tag","embeddable":true,"href":"https:\/\/nextsnkr.com\/fi\/wp-json\/wp\/v2\/product_tag?post=590380"}],"curies":[{"name":"wp","href":"https:\/\/api.w.org\/{rel}","templated":true}]}}