{"id":590210,"date":"2025-06-19T22:50:40","date_gmt":"2025-06-19T19:50:40","guid":{"rendered":"https:\/\/nextsnkr.com\/product\/air-force-shadow\/"},"modified":"2026-01-30T18:29:39","modified_gmt":"2026-01-30T15:29:39","slug":"air-force-shadow","status":"publish","type":"product","link":"https:\/\/nextsnkr.com\/fi\/tuote\/air-force-shadow\/","title":{"rendered":"Nike Air Force Shadow nahkaiset tennarit tyylikk\u00e4\u00e4seen rentoon ilmeeseen"},"content":{"rendered":"<h2>Nike Air Force Shadow nahkaiset tennarit tyylikk\u00e4\u00e4seen rentoon ilmeeseen<\/h2>\n<p>Tyylikk\u00e4\u00e4t Nike Air Force Shadow-tennarit on valmistettu korkealaatuisesta nahasta, mik\u00e4 takaa kest\u00e4vyyden ja mukavuuden p\u00e4ivitt\u00e4isess\u00e4 k\u00e4yt\u00f6ss\u00e4. N\u00e4iss\u00e4 Niken nahkalenkkareissa yhdistyv\u00e4t moderni muotoilu, kest\u00e4vyys ja keveys, jotka ovat ihanteellisia ulkoiluun ja muodikkaan ilmeen luomiseen. Valitse Nike Air Force Shadow saadaksesi mukavuutta ja eleganssia jokaisessa vaiheessa.<\/p>\n","protected":false},"excerpt":{"rendered":"<p>Tyylikk\u00e4\u00e4t Nike Air Force Shadow-tennarit on valmistettu korkealaatuisesta nahasta, mik\u00e4 takaa kest\u00e4vyyden ja mukavuuden p\u00e4ivitt\u00e4isess\u00e4 k\u00e4yt\u00f6ss\u00e4. N\u00e4iss\u00e4 Niken nahkalenkkareissa yhdistyv\u00e4t moderni muotoilu, kest\u00e4vyys ja keveys, jotka ovat ihanteellisia ulkoiluun ja muodikkaan ilmeen luomiseen. Valitse Nike Air Force Shadow saadaksesi mukavuutta ja eleganssia jokaisessa vaiheessa.<\/p>\n","protected":false},"featured_media":590211,"comment_status":"open","ping_status":"open","template":"","meta":[],"product_brand":[],"product_cat":[3199,3318],"product_tag":[],"class_list":{"0":"post-590210","1":"product","2":"type-product","3":"status-publish","4":"has-post-thumbnail","6":"product_cat-all-product","7":"product_cat-kedy","8":"pa_rozmir-910","9":"pa_rozmir-912","10":"pa_rozmir-914","11":"pa_rozmir-915","12":"pa_rozmir-916","13":"pa_rozmir-917","14":"pa_rozmir-918","15":"pa_rozmir-919","16":"pa_rozmir-920","17":"pa_rozmir-921","18":"pa_rozmir-922","20":"first","21":"instock","22":"purchasable","23":"product-type-variable"},"_links":{"self":[{"href":"https:\/\/nextsnkr.com\/fi\/wp-json\/wp\/v2\/product\/590210","targetHints":{"allow":["GET"]}}],"collection":[{"href":"https:\/\/nextsnkr.com\/fi\/wp-json\/wp\/v2\/product"}],"about":[{"href":"https:\/\/nextsnkr.com\/fi\/wp-json\/wp\/v2\/types\/product"}],"replies":[{"embeddable":true,"href":"https:\/\/nextsnkr.com\/fi\/wp-json\/wp\/v2\/comments?post=590210"}],"version-history":[{"count":0,"href":"https:\/\/nextsnkr.com\/fi\/wp-json\/wp\/v2\/product\/590210\/revisions"}],"wp:featuredmedia":[{"embeddable":true,"href":"https:\/\/nextsnkr.com\/fi\/wp-json\/wp\/v2\/media\/590211"}],"wp:attachment":[{"href":"https:\/\/nextsnkr.com\/fi\/wp-json\/wp\/v2\/media?parent=590210"}],"wp:term":[{"taxonomy":"product_brand","embeddable":true,"href":"https:\/\/nextsnkr.com\/fi\/wp-json\/wp\/v2\/product_brand?post=590210"},{"taxonomy":"product_cat","embeddable":true,"href":"https:\/\/nextsnkr.com\/fi\/wp-json\/wp\/v2\/product_cat?post=590210"},{"taxonomy":"product_tag","embeddable":true,"href":"https:\/\/nextsnkr.com\/fi\/wp-json\/wp\/v2\/product_tag?post=590210"}],"curies":[{"name":"wp","href":"https:\/\/api.w.org\/{rel}","templated":true}]}}