{"id":589530,"date":"2025-06-19T22:54:39","date_gmt":"2025-06-19T19:54:39","guid":{"rendered":"https:\/\/nextsnkr.com\/product\/9060-artic-grey-blue\/"},"modified":"2026-01-30T18:29:21","modified_gmt":"2026-01-30T15:29:21","slug":"9060-artic-grey-blue","status":"publish","type":"product","link":"https:\/\/nextsnkr.com\/fi\/tuote\/9060-artic-grey-blue\/","title":{"rendered":"9060 Artic Harmaasiniset nahasta ja mokkanahasta valmistetut tennarit"},"content":{"rendered":"<h2>9060 Artic Harmaasiniset nahasta ja mokkanahasta valmistetut tennarit<\/h2>\n<p>Tyylikk\u00e4\u00e4t 9060 Artic Harmaasiniset tennarit on valmistettu mokkanahan ja aidon nahan yhdistelm\u00e4st\u00e4, mik\u00e4 takaa mukavuuden ja kest\u00e4vyyden. Harmaan ja sinisen v\u00e4rien hieno yhdistelm\u00e4 korostaa modernia muotoilua, ja kevyt pohja tekee niist\u00e4 ihanteellisia jokap\u00e4iv\u00e4iseen k\u00e4ytt\u00f6\u00f6n. Malli on valmistettu Vietnamissa, takaa laadun ja luotettavuuden, lis\u00e4\u00e4 tyylikk\u00e4\u00e4n aksentin mihin tahansa urheilu-tai rentoon ilmeeseen.<\/p>\n","protected":false},"excerpt":{"rendered":"<p>Tyylikk\u00e4\u00e4t 9060 Artic Harmaasiniset tennarit on valmistettu mokkanahan ja aidon nahan yhdistelm\u00e4st\u00e4, mik\u00e4 takaa mukavuuden ja kest\u00e4vyyden. Harmaan ja sinisen v\u00e4rien hieno yhdistelm\u00e4 korostaa modernia muotoilua, ja kevyt pohja tekee niist\u00e4 ihanteellisia jokap\u00e4iv\u00e4iseen k\u00e4ytt\u00f6\u00f6n. Malli on valmistettu Vietnamissa, takaa laadun ja luotettavuuden, lis\u00e4\u00e4 tyylikk\u00e4\u00e4n aksentin mihin tahansa urheilu-tai rentoon ilmeeseen.<\/p>\n","protected":false},"featured_media":589531,"comment_status":"open","ping_status":"open","template":"","meta":[],"product_brand":[],"product_cat":[3199,3200],"product_tag":[],"class_list":{"0":"post-589530","1":"product","2":"type-product","3":"status-publish","4":"has-post-thumbnail","6":"product_cat-all-product","7":"product_cat-krosivky","8":"pa_rozmir-910","9":"pa_rozmir-912","10":"pa_rozmir-914","11":"pa_rozmir-915","12":"pa_rozmir-916","13":"pa_rozmir-917","14":"pa_rozmir-918","15":"pa_rozmir-919","16":"pa_rozmir-920","17":"pa_rozmir-921","18":"pa_rozmir-922","20":"first","21":"instock","22":"purchasable","23":"product-type-variable"},"_links":{"self":[{"href":"https:\/\/nextsnkr.com\/fi\/wp-json\/wp\/v2\/product\/589530","targetHints":{"allow":["GET"]}}],"collection":[{"href":"https:\/\/nextsnkr.com\/fi\/wp-json\/wp\/v2\/product"}],"about":[{"href":"https:\/\/nextsnkr.com\/fi\/wp-json\/wp\/v2\/types\/product"}],"replies":[{"embeddable":true,"href":"https:\/\/nextsnkr.com\/fi\/wp-json\/wp\/v2\/comments?post=589530"}],"version-history":[{"count":0,"href":"https:\/\/nextsnkr.com\/fi\/wp-json\/wp\/v2\/product\/589530\/revisions"}],"wp:featuredmedia":[{"embeddable":true,"href":"https:\/\/nextsnkr.com\/fi\/wp-json\/wp\/v2\/media\/589531"}],"wp:attachment":[{"href":"https:\/\/nextsnkr.com\/fi\/wp-json\/wp\/v2\/media?parent=589530"}],"wp:term":[{"taxonomy":"product_brand","embeddable":true,"href":"https:\/\/nextsnkr.com\/fi\/wp-json\/wp\/v2\/product_brand?post=589530"},{"taxonomy":"product_cat","embeddable":true,"href":"https:\/\/nextsnkr.com\/fi\/wp-json\/wp\/v2\/product_cat?post=589530"},{"taxonomy":"product_tag","embeddable":true,"href":"https:\/\/nextsnkr.com\/fi\/wp-json\/wp\/v2\/product_tag?post=589530"}],"curies":[{"name":"wp","href":"https:\/\/api.w.org\/{rel}","templated":true}]}}