{"id":589020,"date":"2025-06-19T22:57:44","date_gmt":"2025-06-19T19:57:44","guid":{"rendered":"https:\/\/nextsnkr.com\/product\/x-miu-miu-530-cinnamon\/"},"modified":"2026-01-30T18:29:06","modified_gmt":"2026-01-30T15:29:06","slug":"x-miu-miu-530-cinnamon","status":"publish","type":"product","link":"https:\/\/nextsnkr.com\/fi\/tuote\/x-miu-miu-530-cinnamon\/","title":{"rendered":"X Miu Miu 530 Cinnamon mokkanahka lenkkarit Italiasta"},"content":{"rendered":"<h2>X Miu Miu 530 Cinnamon mokkanahka lenkkarit Italiasta<\/h2>\n<p>Tyylikk\u00e4\u00e4t X Miu Miu 530 Cinnamon tennarit on valmistettu korkealaatuisesta mokkanahasta, mik\u00e4 takaa mukavuuden ja kest\u00e4vyyden. Italialainen tuotanto takaa ensiluokkaisen laadun ja tyylikk\u00e4\u00e4n muotoilun. Malli on t\u00e4ydellinen jokap\u00e4iv\u00e4iseen k\u00e4ytt\u00f6\u00f6n ja muodikkaan ilmeen luomiseen. Valitse X Miu Miu 530 Cinnamon yhdist\u00e4\u00e4ksesi tyylin, mukavuuden ja ensiluokkaisen ulkon\u00e4\u00f6n.<\/p>\n","protected":false},"excerpt":{"rendered":"<p>Tyylikk\u00e4\u00e4t X Miu Miu 530 Cinnamon tennarit on valmistettu korkealaatuisesta mokkanahasta, mik\u00e4 takaa mukavuuden ja kest\u00e4vyyden. Italialainen tuotanto takaa ensiluokkaisen laadun ja tyylikk\u00e4\u00e4n muotoilun. Malli on t\u00e4ydellinen jokap\u00e4iv\u00e4iseen k\u00e4ytt\u00f6\u00f6n ja muodikkaan ilmeen luomiseen. Valitse X Miu Miu 530 Cinnamon yhdist\u00e4\u00e4ksesi tyylin, mukavuuden ja ensiluokkaisen ulkon\u00e4\u00f6n.<\/p>\n","protected":false},"featured_media":589021,"comment_status":"open","ping_status":"open","template":"","meta":[],"product_brand":[],"product_cat":[3199,3200],"product_tag":[],"class_list":{"0":"post-589020","1":"product","2":"type-product","3":"status-publish","4":"has-post-thumbnail","6":"product_cat-all-product","7":"product_cat-krosivky","8":"pa_rozmir-910","9":"pa_rozmir-912","10":"pa_rozmir-914","11":"pa_rozmir-915","12":"pa_rozmir-916","13":"pa_rozmir-917","14":"pa_rozmir-918","15":"pa_rozmir-919","16":"pa_rozmir-920","17":"pa_rozmir-921","18":"pa_rozmir-922","20":"first","21":"instock","22":"purchasable","23":"product-type-variable"},"_links":{"self":[{"href":"https:\/\/nextsnkr.com\/fi\/wp-json\/wp\/v2\/product\/589020","targetHints":{"allow":["GET"]}}],"collection":[{"href":"https:\/\/nextsnkr.com\/fi\/wp-json\/wp\/v2\/product"}],"about":[{"href":"https:\/\/nextsnkr.com\/fi\/wp-json\/wp\/v2\/types\/product"}],"replies":[{"embeddable":true,"href":"https:\/\/nextsnkr.com\/fi\/wp-json\/wp\/v2\/comments?post=589020"}],"version-history":[{"count":0,"href":"https:\/\/nextsnkr.com\/fi\/wp-json\/wp\/v2\/product\/589020\/revisions"}],"wp:featuredmedia":[{"embeddable":true,"href":"https:\/\/nextsnkr.com\/fi\/wp-json\/wp\/v2\/media\/589021"}],"wp:attachment":[{"href":"https:\/\/nextsnkr.com\/fi\/wp-json\/wp\/v2\/media?parent=589020"}],"wp:term":[{"taxonomy":"product_brand","embeddable":true,"href":"https:\/\/nextsnkr.com\/fi\/wp-json\/wp\/v2\/product_brand?post=589020"},{"taxonomy":"product_cat","embeddable":true,"href":"https:\/\/nextsnkr.com\/fi\/wp-json\/wp\/v2\/product_cat?post=589020"},{"taxonomy":"product_tag","embeddable":true,"href":"https:\/\/nextsnkr.com\/fi\/wp-json\/wp\/v2\/product_tag?post=589020"}],"curies":[{"name":"wp","href":"https:\/\/api.w.org\/{rel}","templated":true}]}}