{"id":588333,"date":"2025-06-18T21:36:06","date_gmt":"2025-06-18T18:36:06","guid":{"rendered":"https:\/\/nextsnkr.com\/product\/nike-sb-dunk-grey-brown\/"},"modified":"2026-01-30T18:28:48","modified_gmt":"2026-01-30T15:28:48","slug":"nike-sb-dunk-grey-brown","status":"publish","type":"product","link":"https:\/\/nextsnkr.com\/fi\/tuote\/nike-sb-dunk-grey-brown\/","title":{"rendered":"Nike SB Dunk harmaa \/ ruskea lenkkarit-mokka ja nahka tyyli\u00e4 ja mukavuutta"},"content":{"rendered":"<h2>Nike SB Dunk harmaa \/ ruskea lenkkarit-mokka ja nahka tyyli\u00e4 ja mukavuutta<\/h2>\n<p>Nike SB Dunk Grey \/ Brown tennarit on valmistettu aidosta mokkanahasta ja nahasta, mik\u00e4 takaa kest\u00e4vyyden ja mukavuuden k\u00e4yt\u00f6n aikana. Valmistettu Vietnamissa, ne ovat ihanteellisia jokap\u00e4iv\u00e4iseen k\u00e4ytt\u00f6\u00f6n ja ulkoiluun. Tyylik\u00e4s harmaan ja ruskean v\u00e4rien yhdistelm\u00e4 lis\u00e4\u00e4 eleganssia ja tekee jokaisesta ilmeest\u00e4 ilmeikk\u00e4\u00e4n. Kevyet, Kest\u00e4v\u00e4t ja tyylikk\u00e4\u00e4t \u2014 n\u00e4m\u00e4 tennarit korostavat yksil\u00f6llist\u00e4 tyyli\u00e4si.<\/p>\n","protected":false},"excerpt":{"rendered":"<p>Nike SB Dunk Grey \/ Brown tennarit on valmistettu aidosta mokkanahasta ja nahasta, mik\u00e4 takaa kest\u00e4vyyden ja mukavuuden k\u00e4yt\u00f6n aikana. Valmistettu Vietnamissa, ne ovat ihanteellisia jokap\u00e4iv\u00e4iseen k\u00e4ytt\u00f6\u00f6n ja ulkoiluun. Tyylik\u00e4s harmaan ja ruskean v\u00e4rien yhdistelm\u00e4 lis\u00e4\u00e4 eleganssia ja tekee jokaisesta ilmeest\u00e4 ilmeikk\u00e4\u00e4n. Kevyet, Kest\u00e4v\u00e4t ja tyylikk\u00e4\u00e4t \u2014 n\u00e4m\u00e4 tennarit korostavat yksil\u00f6llist\u00e4 tyyli\u00e4si.<\/p>\n","protected":false},"featured_media":588334,"comment_status":"open","ping_status":"open","template":"","meta":[],"product_brand":[],"product_cat":[3199,3318],"product_tag":[],"class_list":{"0":"post-588333","1":"product","2":"type-product","3":"status-publish","4":"has-post-thumbnail","6":"product_cat-all-product","7":"product_cat-kedy","8":"pa_rozmir-910","9":"pa_rozmir-912","10":"pa_rozmir-914","11":"pa_rozmir-915","12":"pa_rozmir-916","13":"pa_rozmir-917","14":"pa_rozmir-918","15":"pa_rozmir-919","16":"pa_rozmir-920","17":"pa_rozmir-921","18":"pa_rozmir-922","20":"first","21":"instock","22":"purchasable","23":"product-type-variable"},"_links":{"self":[{"href":"https:\/\/nextsnkr.com\/fi\/wp-json\/wp\/v2\/product\/588333","targetHints":{"allow":["GET"]}}],"collection":[{"href":"https:\/\/nextsnkr.com\/fi\/wp-json\/wp\/v2\/product"}],"about":[{"href":"https:\/\/nextsnkr.com\/fi\/wp-json\/wp\/v2\/types\/product"}],"replies":[{"embeddable":true,"href":"https:\/\/nextsnkr.com\/fi\/wp-json\/wp\/v2\/comments?post=588333"}],"version-history":[{"count":0,"href":"https:\/\/nextsnkr.com\/fi\/wp-json\/wp\/v2\/product\/588333\/revisions"}],"wp:featuredmedia":[{"embeddable":true,"href":"https:\/\/nextsnkr.com\/fi\/wp-json\/wp\/v2\/media\/588334"}],"wp:attachment":[{"href":"https:\/\/nextsnkr.com\/fi\/wp-json\/wp\/v2\/media?parent=588333"}],"wp:term":[{"taxonomy":"product_brand","embeddable":true,"href":"https:\/\/nextsnkr.com\/fi\/wp-json\/wp\/v2\/product_brand?post=588333"},{"taxonomy":"product_cat","embeddable":true,"href":"https:\/\/nextsnkr.com\/fi\/wp-json\/wp\/v2\/product_cat?post=588333"},{"taxonomy":"product_tag","embeddable":true,"href":"https:\/\/nextsnkr.com\/fi\/wp-json\/wp\/v2\/product_tag?post=588333"}],"curies":[{"name":"wp","href":"https:\/\/api.w.org\/{rel}","templated":true}]}}