{"id":588163,"date":"2025-06-18T21:39:57","date_gmt":"2025-06-18T18:39:57","guid":{"rendered":"https:\/\/nextsnkr.com\/product\/prada-white-beige\/"},"modified":"2026-01-30T18:28:44","modified_gmt":"2026-01-30T15:28:44","slug":"prada-white-beige","status":"publish","type":"product","link":"https:\/\/nextsnkr.com\/fi\/tuote\/prada-white-beige\/","title":{"rendered":"Prada Valkoinen \/ Beige lenkkarit-mokka ja tekstiilit, tyyli ja mukavuus"},"content":{"rendered":"<h2>Prada Valkoinen \/ Beige lenkkarit-mokka ja tekstiilit, tyyli ja mukavuus<\/h2>\n<p>Tyylikk\u00e4\u00e4t Pradan valkoiset \/ Beiget lenkkarit on valmistettu korkealaatuisesta mokkanahasta ja tekstiileist\u00e4, mik\u00e4 takaa mukavuuden ja kest\u00e4vyyden. Tyylik\u00e4s muotoilu sopii t\u00e4ydellisesti jokap\u00e4iv\u00e4iseen k\u00e4ytt\u00f6\u00f6n ja muodikkaan ilmeen luomiseen. Kevyt ja mukava, n\u00e4m\u00e4 Prada lenkkarit yhdist\u00e4\u00e4 tuotemerkin arvovaltaa k\u00e4yt\u00e4nn\u00f6llisyys, joten ne v\u00e4ltt\u00e4m\u00e4t\u00f6n valinta niille, jotka arvostavat laatua ja tyyli\u00e4 jokaisessa vaiheessa.<\/p>\n","protected":false},"excerpt":{"rendered":"<p>Tyylikk\u00e4\u00e4t Pradan valkoiset \/ Beiget lenkkarit on valmistettu korkealaatuisesta mokkanahasta ja tekstiileist\u00e4, mik\u00e4 takaa mukavuuden ja kest\u00e4vyyden. Tyylik\u00e4s muotoilu sopii t\u00e4ydellisesti jokap\u00e4iv\u00e4iseen k\u00e4ytt\u00f6\u00f6n ja muodikkaan ilmeen luomiseen. Kevyt ja mukava, n\u00e4m\u00e4 Prada lenkkarit yhdist\u00e4\u00e4 tuotemerkin arvovaltaa k\u00e4yt\u00e4nn\u00f6llisyys, joten ne v\u00e4ltt\u00e4m\u00e4t\u00f6n valinta niille, jotka arvostavat laatua ja tyyli\u00e4 jokaisessa vaiheessa.<\/p>\n","protected":false},"featured_media":588164,"comment_status":"open","ping_status":"open","template":"","meta":[],"product_brand":[],"product_cat":[3199,3318],"product_tag":[],"class_list":{"0":"post-588163","1":"product","2":"type-product","3":"status-publish","4":"has-post-thumbnail","6":"product_cat-all-product","7":"product_cat-kedy","8":"pa_rozmir-910","9":"pa_rozmir-912","10":"pa_rozmir-914","11":"pa_rozmir-915","12":"pa_rozmir-916","13":"pa_rozmir-917","14":"pa_rozmir-918","15":"pa_rozmir-919","16":"pa_rozmir-920","17":"pa_rozmir-921","18":"pa_rozmir-922","20":"first","21":"onbackorder","22":"purchasable","23":"product-type-variable"},"_links":{"self":[{"href":"https:\/\/nextsnkr.com\/fi\/wp-json\/wp\/v2\/product\/588163","targetHints":{"allow":["GET"]}}],"collection":[{"href":"https:\/\/nextsnkr.com\/fi\/wp-json\/wp\/v2\/product"}],"about":[{"href":"https:\/\/nextsnkr.com\/fi\/wp-json\/wp\/v2\/types\/product"}],"replies":[{"embeddable":true,"href":"https:\/\/nextsnkr.com\/fi\/wp-json\/wp\/v2\/comments?post=588163"}],"version-history":[{"count":0,"href":"https:\/\/nextsnkr.com\/fi\/wp-json\/wp\/v2\/product\/588163\/revisions"}],"wp:featuredmedia":[{"embeddable":true,"href":"https:\/\/nextsnkr.com\/fi\/wp-json\/wp\/v2\/media\/588164"}],"wp:attachment":[{"href":"https:\/\/nextsnkr.com\/fi\/wp-json\/wp\/v2\/media?parent=588163"}],"wp:term":[{"taxonomy":"product_brand","embeddable":true,"href":"https:\/\/nextsnkr.com\/fi\/wp-json\/wp\/v2\/product_brand?post=588163"},{"taxonomy":"product_cat","embeddable":true,"href":"https:\/\/nextsnkr.com\/fi\/wp-json\/wp\/v2\/product_cat?post=588163"},{"taxonomy":"product_tag","embeddable":true,"href":"https:\/\/nextsnkr.com\/fi\/wp-json\/wp\/v2\/product_tag?post=588163"}],"curies":[{"name":"wp","href":"https:\/\/api.w.org\/{rel}","templated":true}]}}