{"id":587823,"date":"2025-06-18T21:42:29","date_gmt":"2025-06-18T18:42:29","guid":{"rendered":"https:\/\/nextsnkr.com\/product\/pravda-white-black\/"},"modified":"2026-01-30T18:28:34","modified_gmt":"2026-01-30T15:28:34","slug":"pravda-white-black","status":"publish","type":"product","link":"https:\/\/nextsnkr.com\/fi\/tuote\/pravda-white-black\/","title":{"rendered":"Pravda Valkoinen \/ musta mokka ja Tekstiili lenkkarit, tyylik\u00e4s ja mukava"},"content":{"rendered":"<h2>Pravda Valkoinen \/ musta mokka ja Tekstiili lenkkarit, tyylik\u00e4s ja mukava<\/h2>\n<p>Pravdan valkoiset \/ mustat tennarit ovat yhdistelm\u00e4 modernia muotoilua ja korkeaa laatua. Mokkanahasta ja tekstiilist\u00e4 valmistetut ne tarjoavat kest\u00e4vyytt\u00e4, mukavuutta ja tyylikk\u00e4\u00e4n istuvuuden jalkaan. Ihanteellinen p\u00e4ivitt\u00e4iseen k\u00e4ytt\u00f6\u00f6n, k\u00e4velyyn ja ulkoiluun. Kirkkaan kontrastinen muotoilu tekee ulkon\u00e4\u00f6st\u00e4 muodikkaan ja her\u00e4tt\u00e4\u00e4 huomiota, kun taas kevyt muotoilu takaa mukavuuden koko p\u00e4iv\u00e4n ajan.<\/p>\n","protected":false},"excerpt":{"rendered":"<p>Pravdan valkoiset \/ mustat tennarit ovat yhdistelm\u00e4 modernia muotoilua ja korkeaa laatua. Mokkanahasta ja tekstiilist\u00e4 valmistetut ne tarjoavat kest\u00e4vyytt\u00e4, mukavuutta ja tyylikk\u00e4\u00e4n istuvuuden jalkaan. Ihanteellinen p\u00e4ivitt\u00e4iseen k\u00e4ytt\u00f6\u00f6n, k\u00e4velyyn ja ulkoiluun. Kirkkaan kontrastinen muotoilu tekee ulkon\u00e4\u00f6st\u00e4 muodikkaan ja her\u00e4tt\u00e4\u00e4 huomiota, kun taas kevyt muotoilu takaa mukavuuden koko p\u00e4iv\u00e4n ajan.<\/p>\n","protected":false},"featured_media":587824,"comment_status":"open","ping_status":"open","template":"","meta":[],"product_brand":[],"product_cat":[3199,3318],"product_tag":[],"class_list":{"0":"post-587823","1":"product","2":"type-product","3":"status-publish","4":"has-post-thumbnail","6":"product_cat-all-product","7":"product_cat-kedy","8":"pa_rozmir-910","9":"pa_rozmir-912","10":"pa_rozmir-914","11":"pa_rozmir-915","12":"pa_rozmir-916","13":"pa_rozmir-917","14":"pa_rozmir-918","15":"pa_rozmir-919","16":"pa_rozmir-920","17":"pa_rozmir-921","18":"pa_rozmir-922","20":"first","21":"onbackorder","22":"purchasable","23":"product-type-variable"},"_links":{"self":[{"href":"https:\/\/nextsnkr.com\/fi\/wp-json\/wp\/v2\/product\/587823","targetHints":{"allow":["GET"]}}],"collection":[{"href":"https:\/\/nextsnkr.com\/fi\/wp-json\/wp\/v2\/product"}],"about":[{"href":"https:\/\/nextsnkr.com\/fi\/wp-json\/wp\/v2\/types\/product"}],"replies":[{"embeddable":true,"href":"https:\/\/nextsnkr.com\/fi\/wp-json\/wp\/v2\/comments?post=587823"}],"version-history":[{"count":0,"href":"https:\/\/nextsnkr.com\/fi\/wp-json\/wp\/v2\/product\/587823\/revisions"}],"wp:featuredmedia":[{"embeddable":true,"href":"https:\/\/nextsnkr.com\/fi\/wp-json\/wp\/v2\/media\/587824"}],"wp:attachment":[{"href":"https:\/\/nextsnkr.com\/fi\/wp-json\/wp\/v2\/media?parent=587823"}],"wp:term":[{"taxonomy":"product_brand","embeddable":true,"href":"https:\/\/nextsnkr.com\/fi\/wp-json\/wp\/v2\/product_brand?post=587823"},{"taxonomy":"product_cat","embeddable":true,"href":"https:\/\/nextsnkr.com\/fi\/wp-json\/wp\/v2\/product_cat?post=587823"},{"taxonomy":"product_tag","embeddable":true,"href":"https:\/\/nextsnkr.com\/fi\/wp-json\/wp\/v2\/product_tag?post=587823"}],"curies":[{"name":"wp","href":"https:\/\/api.w.org\/{rel}","templated":true}]}}