{"id":587314,"date":"2025-06-18T21:50:35","date_gmt":"2025-06-18T18:50:35","guid":{"rendered":"https:\/\/nextsnkr.com\/product\/dg-custom-2-zero-balck\/"},"modified":"2026-01-30T18:28:09","modified_gmt":"2026-01-30T15:28:09","slug":"dg-custom-2-zero-balck","status":"publish","type":"product","link":"https:\/\/nextsnkr.com\/fi\/tuote\/dg-custom-2-zero-balck\/","title":{"rendered":"DG Custom 2. Zero Mustat nahasta ja mokkanahasta valmistetut tennarit"},"content":{"rendered":"<h2>DG Custom 2. Zero Mustat nahasta ja mokkanahasta valmistetut tennarit<\/h2>\n<p>Tyylik\u00e4s DG Custom 2.Zero Black-tennarit on valmistettu korkealaatuisesta nahasta ja mokkanahasta, mik\u00e4 takaa mukavuuden ja kest\u00e4vyyden. Ihanteellinen p\u00e4ivitt\u00e4iseen k\u00e4ytt\u00f6\u00f6n, k\u00e4velyyn ja ulkoiluun. Ainutlaatuinen muotoilu korostaa yksil\u00f6llist\u00e4 tyyli\u00e4 ja lis\u00e4\u00e4 muodikkaan aksentin ulkoasuusi. N\u00e4iss\u00e4 DG-lenkkareissa yhdistyv\u00e4t laatu, tyyli ja k\u00e4yt\u00e4nn\u00f6llisyys yhten\u00e4 kappaleena.<\/p>\n","protected":false},"excerpt":{"rendered":"<p>Tyylik\u00e4s DG Custom 2.Zero Black-tennarit on valmistettu korkealaatuisesta nahasta ja mokkanahasta, mik\u00e4 takaa mukavuuden ja kest\u00e4vyyden. Ihanteellinen p\u00e4ivitt\u00e4iseen k\u00e4ytt\u00f6\u00f6n, k\u00e4velyyn ja ulkoiluun. Ainutlaatuinen muotoilu korostaa yksil\u00f6llist\u00e4 tyyli\u00e4 ja lis\u00e4\u00e4 muodikkaan aksentin ulkoasuusi. N\u00e4iss\u00e4 DG-lenkkareissa yhdistyv\u00e4t laatu, tyyli ja k\u00e4yt\u00e4nn\u00f6llisyys yhten\u00e4 kappaleena.<\/p>\n","protected":false},"featured_media":587315,"comment_status":"open","ping_status":"open","template":"","meta":[],"product_brand":[],"product_cat":[3199,3318],"product_tag":[],"class_list":{"0":"post-587314","1":"product","2":"type-product","3":"status-publish","4":"has-post-thumbnail","6":"product_cat-all-product","7":"product_cat-kedy","8":"pa_rozmir-910","9":"pa_rozmir-912","10":"pa_rozmir-914","11":"pa_rozmir-915","12":"pa_rozmir-916","13":"pa_rozmir-917","14":"pa_rozmir-918","15":"pa_rozmir-919","16":"pa_rozmir-920","17":"pa_rozmir-921","18":"pa_rozmir-922","20":"first","21":"instock","22":"purchasable","23":"product-type-variable"},"_links":{"self":[{"href":"https:\/\/nextsnkr.com\/fi\/wp-json\/wp\/v2\/product\/587314","targetHints":{"allow":["GET"]}}],"collection":[{"href":"https:\/\/nextsnkr.com\/fi\/wp-json\/wp\/v2\/product"}],"about":[{"href":"https:\/\/nextsnkr.com\/fi\/wp-json\/wp\/v2\/types\/product"}],"replies":[{"embeddable":true,"href":"https:\/\/nextsnkr.com\/fi\/wp-json\/wp\/v2\/comments?post=587314"}],"version-history":[{"count":0,"href":"https:\/\/nextsnkr.com\/fi\/wp-json\/wp\/v2\/product\/587314\/revisions"}],"wp:featuredmedia":[{"embeddable":true,"href":"https:\/\/nextsnkr.com\/fi\/wp-json\/wp\/v2\/media\/587315"}],"wp:attachment":[{"href":"https:\/\/nextsnkr.com\/fi\/wp-json\/wp\/v2\/media?parent=587314"}],"wp:term":[{"taxonomy":"product_brand","embeddable":true,"href":"https:\/\/nextsnkr.com\/fi\/wp-json\/wp\/v2\/product_brand?post=587314"},{"taxonomy":"product_cat","embeddable":true,"href":"https:\/\/nextsnkr.com\/fi\/wp-json\/wp\/v2\/product_cat?post=587314"},{"taxonomy":"product_tag","embeddable":true,"href":"https:\/\/nextsnkr.com\/fi\/wp-json\/wp\/v2\/product_tag?post=587314"}],"curies":[{"name":"wp","href":"https:\/\/api.w.org\/{rel}","templated":true}]}}