{"id":586974,"date":"2025-06-18T22:25:09","date_gmt":"2025-06-18T19:25:09","guid":{"rendered":"https:\/\/nextsnkr.com\/product\/air-jordan-retro-4-x-a-ma-maniere-fossil-stone-premium\/"},"modified":"2026-01-30T18:28:00","modified_gmt":"2026-01-30T15:28:00","slug":"air-jordan-retro-4-x-a-ma-maniere-fossil-stone-premium","status":"publish","type":"product","link":"https:\/\/nextsnkr.com\/fi\/tuote\/air-jordan-retro-4-x-a-ma-maniere-fossil-stone-premium\/","title":{"rendered":"\u041a\u0440\u043e\u0441\u0430\u0432\u043a\u0438 AIR JORDAN RETRO 4 x A MA MANI\u00c8RE &#8221;FOSSIL STONE&#8221;"},"content":{"rendered":"<h2>\u041a\u0440\u043e\u0441\u0430\u0432\u043a\u0438 AIR JORDAN RETRO 4 x A MA MANI\u00c8RE &#8221;FOSSIL STONE&#8221;<\/h2>\n<p>Tyylik\u00e4s AIR JORDAN RETRO 4 x MA MANI\u00c8RE &#8221;FOSSIL STONE&#8221; lenkkarit on valmistettu korkealaatuisesta aidosta mokkanahasta ja nahasta, mik\u00e4 takaa mukavuuden ja kest\u00e4vyyden. Ensiluokkainen muotoilu korostaa yksil\u00f6llisyytt\u00e4 ja modernia tyyli\u00e4, mik\u00e4 tekee niist\u00e4 ihanteellisia jokap\u00e4iv\u00e4iseen k\u00e4ytt\u00f6\u00f6n ja urheiluun. Air Jordan-br\u00e4ndi takaa luotettavuuden ja korkean laadun luoden tyylikk\u00e4\u00e4n ja k\u00e4yt\u00e4nn\u00f6llisen valinnan vaatekaappiisi.<\/p>\n","protected":false},"excerpt":{"rendered":"<p>Tyylik\u00e4s AIR JORDAN RETRO 4 x MA MANI\u00c8RE &#8221;FOSSIL STONE&#8221; lenkkarit on valmistettu korkealaatuisesta aidosta mokkanahasta ja nahasta, mik\u00e4 takaa mukavuuden ja kest\u00e4vyyden. Ensiluokkainen muotoilu korostaa yksil\u00f6llisyytt\u00e4 ja modernia tyyli\u00e4, mik\u00e4 tekee niist\u00e4 ihanteellisia jokap\u00e4iv\u00e4iseen k\u00e4ytt\u00f6\u00f6n ja urheiluun. Air Jordan-br\u00e4ndi takaa luotettavuuden ja korkean laadun luoden tyylikk\u00e4\u00e4n ja k\u00e4yt\u00e4nn\u00f6llisen valinnan vaatekaappiisi.<\/p>\n","protected":false},"featured_media":586975,"comment_status":"open","ping_status":"open","template":"","meta":[],"product_brand":[],"product_cat":[3383,3199,3200],"product_tag":[],"class_list":{"0":"post-586974","1":"product","2":"type-product","3":"status-publish","4":"has-post-thumbnail","6":"product_cat-nike-jordan","7":"product_cat-all-product","8":"product_cat-krosivky","9":"pa_rozmir-910","10":"pa_rozmir-912","11":"pa_rozmir-914","12":"pa_rozmir-915","13":"pa_rozmir-916","14":"pa_rozmir-917","15":"pa_rozmir-918","16":"pa_rozmir-919","17":"pa_rozmir-920","18":"pa_rozmir-921","19":"pa_rozmir-922","21":"first","22":"instock","23":"purchasable","24":"product-type-variable"},"_links":{"self":[{"href":"https:\/\/nextsnkr.com\/fi\/wp-json\/wp\/v2\/product\/586974","targetHints":{"allow":["GET"]}}],"collection":[{"href":"https:\/\/nextsnkr.com\/fi\/wp-json\/wp\/v2\/product"}],"about":[{"href":"https:\/\/nextsnkr.com\/fi\/wp-json\/wp\/v2\/types\/product"}],"replies":[{"embeddable":true,"href":"https:\/\/nextsnkr.com\/fi\/wp-json\/wp\/v2\/comments?post=586974"}],"version-history":[{"count":0,"href":"https:\/\/nextsnkr.com\/fi\/wp-json\/wp\/v2\/product\/586974\/revisions"}],"wp:featuredmedia":[{"embeddable":true,"href":"https:\/\/nextsnkr.com\/fi\/wp-json\/wp\/v2\/media\/586975"}],"wp:attachment":[{"href":"https:\/\/nextsnkr.com\/fi\/wp-json\/wp\/v2\/media?parent=586974"}],"wp:term":[{"taxonomy":"product_brand","embeddable":true,"href":"https:\/\/nextsnkr.com\/fi\/wp-json\/wp\/v2\/product_brand?post=586974"},{"taxonomy":"product_cat","embeddable":true,"href":"https:\/\/nextsnkr.com\/fi\/wp-json\/wp\/v2\/product_cat?post=586974"},{"taxonomy":"product_tag","embeddable":true,"href":"https:\/\/nextsnkr.com\/fi\/wp-json\/wp\/v2\/product_tag?post=586974"}],"curies":[{"name":"wp","href":"https:\/\/api.w.org\/{rel}","templated":true}]}}