{"id":586127,"date":"2025-06-18T22:29:48","date_gmt":"2025-06-18T19:29:48","guid":{"rendered":"https:\/\/nextsnkr.com\/product\/air-jordan-retro-4-craft-olive-premium\/"},"modified":"2026-01-30T18:27:35","modified_gmt":"2026-01-30T15:27:35","slug":"air-jordan-retro-4-craft-olive-premium","status":"publish","type":"product","link":"https:\/\/nextsnkr.com\/fi\/tuote\/air-jordan-retro-4-craft-olive-premium\/","title":{"rendered":"Air Jordan Retro 4 &#8221;Craft Olive&#8221; sneakers premium nahka ja mokka"},"content":{"rendered":"<h2>Air Jordan Retro 4 &#8221;Craft Olive&#8221; sneakers premium nahka ja mokka<\/h2>\n<p>Air Jordan Retro 4&#8243; Craft Olive &#8221; on tyylik\u00e4s premium sneaker valmistettuyhdistelm\u00e4 mokka ja nahka. Tuotanto Vietnamissa takaa materiaalien korkean laadun ja kest\u00e4vyyden. Malli on ihanteellinen jokap\u00e4iv\u00e4iseen k\u00e4ytt\u00f6\u00f6n ja ulkoiluun korostaen modernia tyyli\u00e4 ja mukavuutta. Harkitun muotoilun ja kest\u00e4v\u00e4n pohjan ansiosta n\u00e4m\u00e4 tennarit tarjoavat tukea ja mukavuutta kaikissa olosuhteissa.<\/p>\n","protected":false},"excerpt":{"rendered":"<p>Air Jordan Retro 4&#8243; Craft Olive &#8221; on tyylik\u00e4s premium sneaker valmistettuyhdistelm\u00e4 mokka ja nahka. Tuotanto Vietnamissa takaa materiaalien korkean laadun ja kest\u00e4vyyden. Malli on ihanteellinen jokap\u00e4iv\u00e4iseen k\u00e4ytt\u00f6\u00f6n ja ulkoiluun korostaen modernia tyyli\u00e4 ja mukavuutta. Harkitun muotoilun ja kest\u00e4v\u00e4n pohjan ansiosta n\u00e4m\u00e4 tennarit tarjoavat tukea ja mukavuutta kaikissa olosuhteissa.<\/p>\n","protected":false},"featured_media":586128,"comment_status":"open","ping_status":"open","template":"","meta":[],"product_brand":[],"product_cat":[3383,3199,3200],"product_tag":[],"class_list":{"0":"post-586127","1":"product","2":"type-product","3":"status-publish","4":"has-post-thumbnail","6":"product_cat-nike-jordan","7":"product_cat-all-product","8":"product_cat-krosivky","9":"pa_rozmir-910","10":"pa_rozmir-912","11":"pa_rozmir-914","12":"pa_rozmir-915","13":"pa_rozmir-916","14":"pa_rozmir-917","15":"pa_rozmir-918","16":"pa_rozmir-919","17":"pa_rozmir-920","18":"pa_rozmir-921","19":"pa_rozmir-922","21":"first","22":"onbackorder","23":"purchasable","24":"product-type-variable"},"_links":{"self":[{"href":"https:\/\/nextsnkr.com\/fi\/wp-json\/wp\/v2\/product\/586127","targetHints":{"allow":["GET"]}}],"collection":[{"href":"https:\/\/nextsnkr.com\/fi\/wp-json\/wp\/v2\/product"}],"about":[{"href":"https:\/\/nextsnkr.com\/fi\/wp-json\/wp\/v2\/types\/product"}],"replies":[{"embeddable":true,"href":"https:\/\/nextsnkr.com\/fi\/wp-json\/wp\/v2\/comments?post=586127"}],"version-history":[{"count":0,"href":"https:\/\/nextsnkr.com\/fi\/wp-json\/wp\/v2\/product\/586127\/revisions"}],"wp:featuredmedia":[{"embeddable":true,"href":"https:\/\/nextsnkr.com\/fi\/wp-json\/wp\/v2\/media\/586128"}],"wp:attachment":[{"href":"https:\/\/nextsnkr.com\/fi\/wp-json\/wp\/v2\/media?parent=586127"}],"wp:term":[{"taxonomy":"product_brand","embeddable":true,"href":"https:\/\/nextsnkr.com\/fi\/wp-json\/wp\/v2\/product_brand?post=586127"},{"taxonomy":"product_cat","embeddable":true,"href":"https:\/\/nextsnkr.com\/fi\/wp-json\/wp\/v2\/product_cat?post=586127"},{"taxonomy":"product_tag","embeddable":true,"href":"https:\/\/nextsnkr.com\/fi\/wp-json\/wp\/v2\/product_tag?post=586127"}],"curies":[{"name":"wp","href":"https:\/\/api.w.org\/{rel}","templated":true}]}}