{"id":585619,"date":"2025-06-19T21:20:33","date_gmt":"2025-06-19T18:20:33","guid":{"rendered":"https:\/\/nextsnkr.com\/product\/air-jordan-retro-4-cement\/"},"modified":"2026-01-30T18:27:21","modified_gmt":"2026-01-30T15:27:21","slug":"air-jordan-retro-4-cement","status":"publish","type":"product","link":"https:\/\/nextsnkr.com\/fi\/tuote\/air-jordan-retro-4-cement\/","title":{"rendered":"AIR JORDAN RETRO 4 &#8221;sementti&#8221; lenkkarit-Nahka, Tyyli ja mukavuus"},"content":{"rendered":"<h2>AIR JORDAN RETRO 4 &#8221;sementti&#8221; lenkkarit-Nahka, Tyyli ja mukavuus<\/h2>\n<p>AIR JORDAN RETRO 4 &#8221;CEMENT&#8221; -legendaarinen lenkkarit tuotemerkin Air Jordan, valmistettu korkealaatuisesta aitoa nahkaa. Kest\u00e4v\u00e4 pohja ja ergonominen muotoilu takaavat mukavuuden p\u00e4ivitt\u00e4isess\u00e4 k\u00e4yt\u00f6ss\u00e4. Klassinen musta ja harmaa &#8221;Sementtiv\u00e4ri&#8221; lis\u00e4\u00e4 tyyli\u00e4 ja monipuolisuutta mihin tahansa ilmeeseen. N\u00e4m\u00e4 tennarit sopivat t\u00e4ydellisesti urheiluun, k\u00e4velyyn ja jokap\u00e4iv\u00e4iseen k\u00e4ytt\u00f6\u00f6n, ja niiss\u00e4 yhdistyv\u00e4t laatu, kest\u00e4vyys ja muodikas muotoilu.<\/p>\n","protected":false},"excerpt":{"rendered":"<p>AIR JORDAN RETRO 4 &#8221;CEMENT&#8221; -legendaarinen lenkkarit tuotemerkin Air Jordan, valmistettu korkealaatuisesta aitoa nahkaa. Kest\u00e4v\u00e4 pohja ja ergonominen muotoilu takaavat mukavuuden p\u00e4ivitt\u00e4isess\u00e4 k\u00e4yt\u00f6ss\u00e4. Klassinen musta ja harmaa &#8221;Sementtiv\u00e4ri&#8221; lis\u00e4\u00e4 tyyli\u00e4 ja monipuolisuutta mihin tahansa ilmeeseen. N\u00e4m\u00e4 tennarit sopivat t\u00e4ydellisesti urheiluun, k\u00e4velyyn ja jokap\u00e4iv\u00e4iseen k\u00e4ytt\u00f6\u00f6n, ja niiss\u00e4 yhdistyv\u00e4t laatu, kest\u00e4vyys ja muodikas muotoilu.<\/p>\n","protected":false},"featured_media":585620,"comment_status":"open","ping_status":"open","template":"","meta":[],"product_brand":[],"product_cat":[3383,3199,3200],"product_tag":[],"class_list":{"0":"post-585619","1":"product","2":"type-product","3":"status-publish","4":"has-post-thumbnail","6":"product_cat-nike-jordan","7":"product_cat-all-product","8":"product_cat-krosivky","9":"pa_rozmir-910","10":"pa_rozmir-912","11":"pa_rozmir-914","12":"pa_rozmir-915","13":"pa_rozmir-916","14":"pa_rozmir-917","15":"pa_rozmir-918","16":"pa_rozmir-919","17":"pa_rozmir-920","18":"pa_rozmir-921","19":"pa_rozmir-922","21":"first","22":"instock","23":"purchasable","24":"product-type-variable"},"_links":{"self":[{"href":"https:\/\/nextsnkr.com\/fi\/wp-json\/wp\/v2\/product\/585619","targetHints":{"allow":["GET"]}}],"collection":[{"href":"https:\/\/nextsnkr.com\/fi\/wp-json\/wp\/v2\/product"}],"about":[{"href":"https:\/\/nextsnkr.com\/fi\/wp-json\/wp\/v2\/types\/product"}],"replies":[{"embeddable":true,"href":"https:\/\/nextsnkr.com\/fi\/wp-json\/wp\/v2\/comments?post=585619"}],"version-history":[{"count":0,"href":"https:\/\/nextsnkr.com\/fi\/wp-json\/wp\/v2\/product\/585619\/revisions"}],"wp:featuredmedia":[{"embeddable":true,"href":"https:\/\/nextsnkr.com\/fi\/wp-json\/wp\/v2\/media\/585620"}],"wp:attachment":[{"href":"https:\/\/nextsnkr.com\/fi\/wp-json\/wp\/v2\/media?parent=585619"}],"wp:term":[{"taxonomy":"product_brand","embeddable":true,"href":"https:\/\/nextsnkr.com\/fi\/wp-json\/wp\/v2\/product_brand?post=585619"},{"taxonomy":"product_cat","embeddable":true,"href":"https:\/\/nextsnkr.com\/fi\/wp-json\/wp\/v2\/product_cat?post=585619"},{"taxonomy":"product_tag","embeddable":true,"href":"https:\/\/nextsnkr.com\/fi\/wp-json\/wp\/v2\/product_tag?post=585619"}],"curies":[{"name":"wp","href":"https:\/\/api.w.org\/{rel}","templated":true}]}}