{"id":585111,"date":"2025-06-19T21:33:38","date_gmt":"2025-06-19T18:33:38","guid":{"rendered":"https:\/\/nextsnkr.com\/product\/dunk-brown-pink\/"},"modified":"2026-01-30T18:27:08","modified_gmt":"2026-01-30T15:27:08","slug":"dunk-brown-pink","status":"publish","type":"product","link":"https:\/\/nextsnkr.com\/fi\/tuote\/dunk-brown-pink\/","title":{"rendered":"Dunk Brown \/ Pink nahka lenkkarit-tyylik\u00e4s ja mukava p\u00e4ivitt\u00e4iseen k\u00e4ytt\u00f6\u00f6n"},"content":{"rendered":"<h2>Dunk Brown \/ Pink nahka lenkkarit-tyylik\u00e4s ja mukava p\u00e4ivitt\u00e4iseen k\u00e4ytt\u00f6\u00f6n<\/h2>\n<p>Dunk Brown \/ Pink tennarit on valmistettu korkealaatuisesta nahasta, mik\u00e4 takaa kest\u00e4vyyden ja mukavuuden koko p\u00e4iv\u00e4n ajan. Ruskean ja vaaleanpunaisen v\u00e4rin kirkas yhdistelm\u00e4 antaa ainutlaatuisen tyylin ja korostaa yksil\u00f6llisyytt\u00e4. Malli on ihanteellinen jokap\u00e4iv\u00e4iseen k\u00e4ytt\u00f6\u00f6n ja ulkoiluun. Valitse Dunk Brown \/ Pink mukavuuden, muodikkaan ilmeen ja pitk\u00e4kestoisen kulumisen vuoksi joka p\u00e4iv\u00e4.<\/p>\n","protected":false},"excerpt":{"rendered":"<p>Dunk Brown \/ Pink tennarit on valmistettu korkealaatuisesta nahasta, mik\u00e4 takaa kest\u00e4vyyden ja mukavuuden koko p\u00e4iv\u00e4n ajan. Ruskean ja vaaleanpunaisen v\u00e4rin kirkas yhdistelm\u00e4 antaa ainutlaatuisen tyylin ja korostaa yksil\u00f6llisyytt\u00e4. Malli on ihanteellinen jokap\u00e4iv\u00e4iseen k\u00e4ytt\u00f6\u00f6n ja ulkoiluun. Valitse Dunk Brown \/ Pink mukavuuden, muodikkaan ilmeen ja pitk\u00e4kestoisen kulumisen vuoksi joka p\u00e4iv\u00e4.<\/p>\n","protected":false},"featured_media":585112,"comment_status":"open","ping_status":"open","template":"","meta":[],"product_brand":[],"product_cat":[3199,3318],"product_tag":[],"class_list":{"0":"post-585111","1":"product","2":"type-product","3":"status-publish","4":"has-post-thumbnail","6":"product_cat-all-product","7":"product_cat-kedy","8":"pa_rozmir-910","9":"pa_rozmir-912","10":"pa_rozmir-914","11":"pa_rozmir-915","12":"pa_rozmir-916","13":"pa_rozmir-917","14":"pa_rozmir-918","15":"pa_rozmir-919","16":"pa_rozmir-920","17":"pa_rozmir-921","18":"pa_rozmir-922","20":"first","21":"instock","22":"purchasable","23":"product-type-variable"},"_links":{"self":[{"href":"https:\/\/nextsnkr.com\/fi\/wp-json\/wp\/v2\/product\/585111","targetHints":{"allow":["GET"]}}],"collection":[{"href":"https:\/\/nextsnkr.com\/fi\/wp-json\/wp\/v2\/product"}],"about":[{"href":"https:\/\/nextsnkr.com\/fi\/wp-json\/wp\/v2\/types\/product"}],"replies":[{"embeddable":true,"href":"https:\/\/nextsnkr.com\/fi\/wp-json\/wp\/v2\/comments?post=585111"}],"version-history":[{"count":0,"href":"https:\/\/nextsnkr.com\/fi\/wp-json\/wp\/v2\/product\/585111\/revisions"}],"wp:featuredmedia":[{"embeddable":true,"href":"https:\/\/nextsnkr.com\/fi\/wp-json\/wp\/v2\/media\/585112"}],"wp:attachment":[{"href":"https:\/\/nextsnkr.com\/fi\/wp-json\/wp\/v2\/media?parent=585111"}],"wp:term":[{"taxonomy":"product_brand","embeddable":true,"href":"https:\/\/nextsnkr.com\/fi\/wp-json\/wp\/v2\/product_brand?post=585111"},{"taxonomy":"product_cat","embeddable":true,"href":"https:\/\/nextsnkr.com\/fi\/wp-json\/wp\/v2\/product_cat?post=585111"},{"taxonomy":"product_tag","embeddable":true,"href":"https:\/\/nextsnkr.com\/fi\/wp-json\/wp\/v2\/product_tag?post=585111"}],"curies":[{"name":"wp","href":"https:\/\/api.w.org\/{rel}","templated":true}]}}