{"id":584433,"date":"2025-06-19T21:38:07","date_gmt":"2025-06-19T18:38:07","guid":{"rendered":"https:\/\/nextsnkr.com\/product\/v2k-beige-grey\/"},"modified":"2026-01-30T18:26:50","modified_gmt":"2026-01-30T15:26:50","slug":"v2k-beige-grey","status":"publish","type":"product","link":"https:\/\/nextsnkr.com\/fi\/tuote\/v2k-beige-grey\/","title":{"rendered":"V2K Beige \/ Harmaa lenkkarit tekstiili ja premium nahka"},"content":{"rendered":"<h2>V2K Beige \/ Harmaa lenkkarit tekstiili ja premium nahka<\/h2>\n<p>V2K Beige \/ Grey ovat tyylikk\u00e4\u00e4t premium-tennarit, jotka on valmistettu korkealaatuisista tekstiileist\u00e4 ja aidosta nahasta. Tuotanto Vietnamissa takaa materiaalien luotettavuuden ja kest\u00e4vyyden. Malli sopii jokap\u00e4iv\u00e4iseen k\u00e4ytt\u00f6\u00f6n ja ulkoiluun, tarjoten mukavuutta, jalkatukea ja modernin ilmeen. Ihanteellinen valinta niille, jotka arvostavat tyyli\u00e4, laatua ja k\u00e4yt\u00e4nn\u00f6llisyytt\u00e4 arkikengiss\u00e4.<\/p>\n","protected":false},"excerpt":{"rendered":"<p>V2K Beige \/ Grey ovat tyylikk\u00e4\u00e4t premium-tennarit, jotka on valmistettu korkealaatuisista tekstiileist\u00e4 ja aidosta nahasta. Tuotanto Vietnamissa takaa materiaalien luotettavuuden ja kest\u00e4vyyden. Malli sopii jokap\u00e4iv\u00e4iseen k\u00e4ytt\u00f6\u00f6n ja ulkoiluun, tarjoten mukavuutta, jalkatukea ja modernin ilmeen. Ihanteellinen valinta niille, jotka arvostavat tyyli\u00e4, laatua ja k\u00e4yt\u00e4nn\u00f6llisyytt\u00e4 arkikengiss\u00e4.<\/p>\n","protected":false},"featured_media":584434,"comment_status":"open","ping_status":"open","template":"","meta":[],"product_brand":[],"product_cat":[3199,3200],"product_tag":[],"class_list":{"0":"post-584433","1":"product","2":"type-product","3":"status-publish","4":"has-post-thumbnail","6":"product_cat-all-product","7":"product_cat-krosivky","8":"pa_rozmir-910","9":"pa_rozmir-912","10":"pa_rozmir-914","11":"pa_rozmir-915","12":"pa_rozmir-916","13":"pa_rozmir-917","14":"pa_rozmir-918","15":"pa_rozmir-919","16":"pa_rozmir-920","17":"pa_rozmir-921","18":"pa_rozmir-922","20":"first","21":"instock","22":"purchasable","23":"product-type-variable"},"_links":{"self":[{"href":"https:\/\/nextsnkr.com\/fi\/wp-json\/wp\/v2\/product\/584433","targetHints":{"allow":["GET"]}}],"collection":[{"href":"https:\/\/nextsnkr.com\/fi\/wp-json\/wp\/v2\/product"}],"about":[{"href":"https:\/\/nextsnkr.com\/fi\/wp-json\/wp\/v2\/types\/product"}],"replies":[{"embeddable":true,"href":"https:\/\/nextsnkr.com\/fi\/wp-json\/wp\/v2\/comments?post=584433"}],"version-history":[{"count":0,"href":"https:\/\/nextsnkr.com\/fi\/wp-json\/wp\/v2\/product\/584433\/revisions"}],"wp:featuredmedia":[{"embeddable":true,"href":"https:\/\/nextsnkr.com\/fi\/wp-json\/wp\/v2\/media\/584434"}],"wp:attachment":[{"href":"https:\/\/nextsnkr.com\/fi\/wp-json\/wp\/v2\/media?parent=584433"}],"wp:term":[{"taxonomy":"product_brand","embeddable":true,"href":"https:\/\/nextsnkr.com\/fi\/wp-json\/wp\/v2\/product_brand?post=584433"},{"taxonomy":"product_cat","embeddable":true,"href":"https:\/\/nextsnkr.com\/fi\/wp-json\/wp\/v2\/product_cat?post=584433"},{"taxonomy":"product_tag","embeddable":true,"href":"https:\/\/nextsnkr.com\/fi\/wp-json\/wp\/v2\/product_tag?post=584433"}],"curies":[{"name":"wp","href":"https:\/\/api.w.org\/{rel}","templated":true}]}}