{"id":583756,"date":"2025-06-19T21:48:06","date_gmt":"2025-06-19T18:48:06","guid":{"rendered":"https:\/\/nextsnkr.com\/product\/v2k-runtekk-beige\/"},"modified":"2026-01-30T18:26:20","modified_gmt":"2026-01-30T15:26:20","slug":"v2k-runtekk-beige","status":"publish","type":"product","link":"https:\/\/nextsnkr.com\/fi\/tuote\/v2k-runtekk-beige\/","title":{"rendered":"V2k Runtekk beiget nahasta ja tekstiileist\u00e4 valmistetut tennarit-tyyli\u00e4 ja mukavuutta"},"content":{"rendered":"<h2>V2k Runtekk beiget nahasta ja tekstiileist\u00e4 valmistetut tennarit-tyyli\u00e4 ja mukavuutta<\/h2>\n<p>Moderneissa V2k Runtekk beigeiss\u00e4 tennareissa yhdistyv\u00e4t laadukas nahka ja tekstiilit, jotka tarjoavat mukavuutta ja kest\u00e4vyytt\u00e4. Malli on ihanteellinen p\u00e4ivitt\u00e4iseen k\u00e4ytt\u00f6\u00f6n ja ulkoiluun, se antaa vakautta ja tukea jalalle. Tyylik\u00e4s beige v\u00e4ri sopii harmonisesti mihin tahansa kuvaan. Valitse V2k Runtekk yhdist\u00e4\u00e4ksesi k\u00e4yt\u00e4nn\u00f6llisyyden, muodikkaan muotoilun ja luotettavuuden jokaisessa vaiheessa.<\/p>\n","protected":false},"excerpt":{"rendered":"<p>Moderneissa V2k Runtekk beigeiss\u00e4 tennareissa yhdistyv\u00e4t laadukas nahka ja tekstiilit, jotka tarjoavat mukavuutta ja kest\u00e4vyytt\u00e4. Malli on ihanteellinen p\u00e4ivitt\u00e4iseen k\u00e4ytt\u00f6\u00f6n ja ulkoiluun, se antaa vakautta ja tukea jalalle. Tyylik\u00e4s beige v\u00e4ri sopii harmonisesti mihin tahansa kuvaan. Valitse V2k Runtekk yhdist\u00e4\u00e4ksesi k\u00e4yt\u00e4nn\u00f6llisyyden, muodikkaan muotoilun ja luotettavuuden jokaisessa vaiheessa.<\/p>\n","protected":false},"featured_media":583757,"comment_status":"open","ping_status":"open","template":"","meta":[],"product_brand":[],"product_cat":[3199,3200],"product_tag":[],"class_list":{"0":"post-583756","1":"product","2":"type-product","3":"status-publish","4":"has-post-thumbnail","6":"product_cat-all-product","7":"product_cat-krosivky","8":"pa_rozmir-910","9":"pa_rozmir-912","10":"pa_rozmir-914","11":"pa_rozmir-915","12":"pa_rozmir-916","13":"pa_rozmir-917","14":"pa_rozmir-918","15":"pa_rozmir-919","16":"pa_rozmir-920","17":"pa_rozmir-921","18":"pa_rozmir-922","20":"first","21":"onbackorder","22":"purchasable","23":"product-type-variable"},"_links":{"self":[{"href":"https:\/\/nextsnkr.com\/fi\/wp-json\/wp\/v2\/product\/583756","targetHints":{"allow":["GET"]}}],"collection":[{"href":"https:\/\/nextsnkr.com\/fi\/wp-json\/wp\/v2\/product"}],"about":[{"href":"https:\/\/nextsnkr.com\/fi\/wp-json\/wp\/v2\/types\/product"}],"replies":[{"embeddable":true,"href":"https:\/\/nextsnkr.com\/fi\/wp-json\/wp\/v2\/comments?post=583756"}],"version-history":[{"count":0,"href":"https:\/\/nextsnkr.com\/fi\/wp-json\/wp\/v2\/product\/583756\/revisions"}],"wp:featuredmedia":[{"embeddable":true,"href":"https:\/\/nextsnkr.com\/fi\/wp-json\/wp\/v2\/media\/583757"}],"wp:attachment":[{"href":"https:\/\/nextsnkr.com\/fi\/wp-json\/wp\/v2\/media?parent=583756"}],"wp:term":[{"taxonomy":"product_brand","embeddable":true,"href":"https:\/\/nextsnkr.com\/fi\/wp-json\/wp\/v2\/product_brand?post=583756"},{"taxonomy":"product_cat","embeddable":true,"href":"https:\/\/nextsnkr.com\/fi\/wp-json\/wp\/v2\/product_cat?post=583756"},{"taxonomy":"product_tag","embeddable":true,"href":"https:\/\/nextsnkr.com\/fi\/wp-json\/wp\/v2\/product_tag?post=583756"}],"curies":[{"name":"wp","href":"https:\/\/api.w.org\/{rel}","templated":true}]}}