{"id":579962,"date":"2025-06-19T22:22:41","date_gmt":"2025-06-19T19:22:41","guid":{"rendered":"https:\/\/nextsnkr.com\/product\/panama-prada\/"},"modified":"2026-01-30T18:24:14","modified_gmt":"2026-01-30T15:24:14","slug":"panama-prada","status":"publish","type":"product","link":"https:\/\/nextsnkr.com\/fi\/tuote\/panama-prada\/","title":{"rendered":"Prada Tekstiili Panama hattu tyylik\u00e4s aurinkosuoja"},"content":{"rendered":"<h2>Prada Tekstiili Panama hattu tyylik\u00e4s aurinkosuoja<\/h2>\n<p>Prada panama hattu on valmistettu korkealaatuisista tekstiileist\u00e4, jotka tarjoavat mukavuutta ja luotettavaa suojaa auringolta. Br\u00e4ndin tyylikk\u00e4\u00e4ss\u00e4 muotoilussa yhdistyv\u00e4t tyyli ja k\u00e4yt\u00e4nn\u00f6llisyys, joka sopii jokap\u00e4iv\u00e4iseen k\u00e4ytt\u00f6\u00f6n ja ulkoiluun. Kevyt materiaali takaa mukavuuden helteell\u00e4, ja tyylik\u00e4s muotoilu korostaa persoonallisuuttasi. T\u00e4ydellinen valinta niille, jotka arvostavat br\u00e4ndi\u00e4, laatua ja mukavuutta kes\u00e4vaatekaapissaan.<\/p>\n","protected":false},"excerpt":{"rendered":"<p>Prada panama hattu on valmistettu korkealaatuisista tekstiileist\u00e4, jotka tarjoavat mukavuutta ja luotettavaa suojaa auringolta. Br\u00e4ndin tyylikk\u00e4\u00e4ss\u00e4 muotoilussa yhdistyv\u00e4t tyyli ja k\u00e4yt\u00e4nn\u00f6llisyys, joka sopii jokap\u00e4iv\u00e4iseen k\u00e4ytt\u00f6\u00f6n ja ulkoiluun. Kevyt materiaali takaa mukavuuden helteell\u00e4, ja tyylik\u00e4s muotoilu korostaa persoonallisuuttasi. T\u00e4ydellinen valinta niille, jotka arvostavat br\u00e4ndi\u00e4, laatua ja mukavuutta kes\u00e4vaatekaapissaan.<\/p>\n","protected":false},"featured_media":579963,"comment_status":"open","ping_status":"open","template":"","meta":[],"product_brand":[],"product_cat":[3199],"product_tag":[],"class_list":{"0":"post-579962","1":"product","2":"type-product","3":"status-publish","4":"has-post-thumbnail","6":"product_cat-all-product","7":"pa_rozmir-one-size","9":"first","10":"instock","11":"purchasable","12":"product-type-simple"},"_links":{"self":[{"href":"https:\/\/nextsnkr.com\/fi\/wp-json\/wp\/v2\/product\/579962","targetHints":{"allow":["GET"]}}],"collection":[{"href":"https:\/\/nextsnkr.com\/fi\/wp-json\/wp\/v2\/product"}],"about":[{"href":"https:\/\/nextsnkr.com\/fi\/wp-json\/wp\/v2\/types\/product"}],"replies":[{"embeddable":true,"href":"https:\/\/nextsnkr.com\/fi\/wp-json\/wp\/v2\/comments?post=579962"}],"version-history":[{"count":0,"href":"https:\/\/nextsnkr.com\/fi\/wp-json\/wp\/v2\/product\/579962\/revisions"}],"wp:featuredmedia":[{"embeddable":true,"href":"https:\/\/nextsnkr.com\/fi\/wp-json\/wp\/v2\/media\/579963"}],"wp:attachment":[{"href":"https:\/\/nextsnkr.com\/fi\/wp-json\/wp\/v2\/media?parent=579962"}],"wp:term":[{"taxonomy":"product_brand","embeddable":true,"href":"https:\/\/nextsnkr.com\/fi\/wp-json\/wp\/v2\/product_brand?post=579962"},{"taxonomy":"product_cat","embeddable":true,"href":"https:\/\/nextsnkr.com\/fi\/wp-json\/wp\/v2\/product_cat?post=579962"},{"taxonomy":"product_tag","embeddable":true,"href":"https:\/\/nextsnkr.com\/fi\/wp-json\/wp\/v2\/product_tag?post=579962"}],"curies":[{"name":"wp","href":"https:\/\/api.w.org\/{rel}","templated":true}]}}