{"id":579798,"date":"2025-06-19T22:28:03","date_gmt":"2025-06-19T19:28:03","guid":{"rendered":"https:\/\/nextsnkr.com\/product\/louis-vuitton-black-fur\/"},"modified":"2026-01-30T18:24:18","modified_gmt":"2026-01-30T15:24:18","slug":"louis-vuitton-black-fur","status":"publish","type":"product","link":"https:\/\/nextsnkr.com\/fi\/tuote\/louis-vuitton-black-fur\/","title":{"rendered":"Louis Vuitton Mustat turkisjalkineet aidosta nahasta tyylikk\u00e4\u00e4seen ilmeeseen"},"content":{"rendered":"<h2>Louis Vuitton Mustat turkisjalkineet aidosta nahasta tyylikk\u00e4\u00e4seen ilmeeseen<\/h2>\n<p>Tyylikk\u00e4\u00e4t Louis Vuittonin Mustat turkissaappaat on valmistettu korkealaatuisesta nahasta ja tarjoavat mukavuutta ja l\u00e4mp\u00f6\u00e4. Ne sopivat t\u00e4ydellisesti talvikauteen, ja niiss\u00e4 yhdistyv\u00e4t ylellinen muotoilu ja k\u00e4yt\u00e4nn\u00f6llisyys. Luonnonmateriaalit takaavat kest\u00e4vyyden, ja trendik\u00e4s musta v\u00e4ri on helppo yhdist\u00e4\u00e4 mihin tahansa vaatekaappiin. Valitse Louis Vuitton-saappaat tyylikk\u00e4\u00e4seen ja itsevarmaan p\u00e4ivitt\u00e4iseen lookiin.<\/p>\n","protected":false},"excerpt":{"rendered":"<p>Tyylikk\u00e4\u00e4t Louis Vuittonin Mustat turkissaappaat on valmistettu korkealaatuisesta nahasta ja tarjoavat mukavuutta ja l\u00e4mp\u00f6\u00e4. Ne sopivat t\u00e4ydellisesti talvikauteen, ja niiss\u00e4 yhdistyv\u00e4t ylellinen muotoilu ja k\u00e4yt\u00e4nn\u00f6llisyys. Luonnonmateriaalit takaavat kest\u00e4vyyden, ja trendik\u00e4s musta v\u00e4ri on helppo yhdist\u00e4\u00e4 mihin tahansa vaatekaappiin. Valitse Louis Vuitton-saappaat tyylikk\u00e4\u00e4seen ja itsevarmaan p\u00e4ivitt\u00e4iseen lookiin.<\/p>\n","protected":false},"featured_media":579799,"comment_status":"open","ping_status":"open","template":"","meta":[],"product_brand":[],"product_cat":[3199,3331],"product_tag":[],"class_list":{"0":"post-579798","1":"product","2":"type-product","3":"status-publish","4":"has-post-thumbnail","6":"product_cat-all-product","7":"product_cat-cherevyky","8":"pa_rozmir-910","9":"pa_rozmir-912","10":"pa_rozmir-914","11":"pa_rozmir-915","12":"pa_rozmir-916","13":"pa_rozmir-917","14":"pa_rozmir-918","15":"pa_rozmir-919","16":"pa_rozmir-920","17":"pa_rozmir-921","18":"pa_rozmir-922","20":"first","21":"instock","22":"purchasable","23":"product-type-variable"},"_links":{"self":[{"href":"https:\/\/nextsnkr.com\/fi\/wp-json\/wp\/v2\/product\/579798","targetHints":{"allow":["GET"]}}],"collection":[{"href":"https:\/\/nextsnkr.com\/fi\/wp-json\/wp\/v2\/product"}],"about":[{"href":"https:\/\/nextsnkr.com\/fi\/wp-json\/wp\/v2\/types\/product"}],"replies":[{"embeddable":true,"href":"https:\/\/nextsnkr.com\/fi\/wp-json\/wp\/v2\/comments?post=579798"}],"version-history":[{"count":0,"href":"https:\/\/nextsnkr.com\/fi\/wp-json\/wp\/v2\/product\/579798\/revisions"}],"wp:featuredmedia":[{"embeddable":true,"href":"https:\/\/nextsnkr.com\/fi\/wp-json\/wp\/v2\/media\/579799"}],"wp:attachment":[{"href":"https:\/\/nextsnkr.com\/fi\/wp-json\/wp\/v2\/media?parent=579798"}],"wp:term":[{"taxonomy":"product_brand","embeddable":true,"href":"https:\/\/nextsnkr.com\/fi\/wp-json\/wp\/v2\/product_brand?post=579798"},{"taxonomy":"product_cat","embeddable":true,"href":"https:\/\/nextsnkr.com\/fi\/wp-json\/wp\/v2\/product_cat?post=579798"},{"taxonomy":"product_tag","embeddable":true,"href":"https:\/\/nextsnkr.com\/fi\/wp-json\/wp\/v2\/product_tag?post=579798"}],"curies":[{"name":"wp","href":"https:\/\/api.w.org\/{rel}","templated":true}]}}