{"id":578439,"date":"2025-06-23T08:58:59","date_gmt":"2025-06-23T05:58:59","guid":{"rendered":"https:\/\/nextsnkr.com\/product\/valentino-garavani-white\/"},"modified":"2026-01-30T18:23:35","modified_gmt":"2026-01-30T15:23:35","slug":"valentino-garavani-white","status":"publish","type":"product","link":"https:\/\/nextsnkr.com\/fi\/tuote\/valentino-garavani-white\/","title":{"rendered":"Valentino Garavani valkoiset aitoa nahkaa olevat tennarit tyylikk\u00e4\u00e4seen ilmeeseen"},"content":{"rendered":"<h2>Valentino Garavani valkoiset aitoa nahkaa olevat tennarit tyylikk\u00e4\u00e4seen ilmeeseen<\/h2>\n<p>Valentino Garavani valkoiset tennarit yhdist\u00e4v\u00e4t ensiluokkaista luonnollista nahkaa ja Valentino Garavani-br\u00e4ndin modernia muotoilua. Ne tarjoavat mukavuutta ja kest\u00e4vyytt\u00e4 korostaen jokap\u00e4iv\u00e4isen ulkoasusi eleganssia ja tyyli\u00e4. T\u00e4ydellinen jokap\u00e4iv\u00e4iseen k\u00e4ytt\u00f6\u00f6n ja urbaaniin tyyliin, ne voidaan helposti yhdist\u00e4\u00e4 mihin tahansa vaatekaappiin, mik\u00e4 lis\u00e4\u00e4 ripauksen ylellisyytt\u00e4 ja persoonallisuutta jokaiseen vaiheeseen.<\/p>\n","protected":false},"excerpt":{"rendered":"<p>Valentino Garavani valkoiset tennarit yhdist\u00e4v\u00e4t ensiluokkaista luonnollista nahkaa ja Valentino Garavani-br\u00e4ndin modernia muotoilua. Ne tarjoavat mukavuutta ja kest\u00e4vyytt\u00e4 korostaen jokap\u00e4iv\u00e4isen ulkoasusi eleganssia ja tyyli\u00e4. T\u00e4ydellinen jokap\u00e4iv\u00e4iseen k\u00e4ytt\u00f6\u00f6n ja urbaaniin tyyliin, ne voidaan helposti yhdist\u00e4\u00e4 mihin tahansa vaatekaappiin, mik\u00e4 lis\u00e4\u00e4 ripauksen ylellisyytt\u00e4 ja persoonallisuutta jokaiseen vaiheeseen.<\/p>\n","protected":false},"featured_media":578440,"comment_status":"open","ping_status":"open","template":"","meta":[],"product_brand":[],"product_cat":[3199,3200],"product_tag":[],"class_list":{"0":"post-578439","1":"product","2":"type-product","3":"status-publish","4":"has-post-thumbnail","6":"product_cat-all-product","7":"product_cat-krosivky","8":"pa_rozmir-910","9":"pa_rozmir-912","10":"pa_rozmir-914","11":"pa_rozmir-915","12":"pa_rozmir-916","13":"pa_rozmir-917","14":"pa_rozmir-918","15":"pa_rozmir-919","16":"pa_rozmir-920","17":"pa_rozmir-921","18":"pa_rozmir-922","20":"first","21":"instock","22":"purchasable","23":"product-type-variable"},"_links":{"self":[{"href":"https:\/\/nextsnkr.com\/fi\/wp-json\/wp\/v2\/product\/578439","targetHints":{"allow":["GET"]}}],"collection":[{"href":"https:\/\/nextsnkr.com\/fi\/wp-json\/wp\/v2\/product"}],"about":[{"href":"https:\/\/nextsnkr.com\/fi\/wp-json\/wp\/v2\/types\/product"}],"replies":[{"embeddable":true,"href":"https:\/\/nextsnkr.com\/fi\/wp-json\/wp\/v2\/comments?post=578439"}],"version-history":[{"count":0,"href":"https:\/\/nextsnkr.com\/fi\/wp-json\/wp\/v2\/product\/578439\/revisions"}],"wp:featuredmedia":[{"embeddable":true,"href":"https:\/\/nextsnkr.com\/fi\/wp-json\/wp\/v2\/media\/578440"}],"wp:attachment":[{"href":"https:\/\/nextsnkr.com\/fi\/wp-json\/wp\/v2\/media?parent=578439"}],"wp:term":[{"taxonomy":"product_brand","embeddable":true,"href":"https:\/\/nextsnkr.com\/fi\/wp-json\/wp\/v2\/product_brand?post=578439"},{"taxonomy":"product_cat","embeddable":true,"href":"https:\/\/nextsnkr.com\/fi\/wp-json\/wp\/v2\/product_cat?post=578439"},{"taxonomy":"product_tag","embeddable":true,"href":"https:\/\/nextsnkr.com\/fi\/wp-json\/wp\/v2\/product_tag?post=578439"}],"curies":[{"name":"wp","href":"https:\/\/api.w.org\/{rel}","templated":true}]}}