{"id":577928,"date":"2025-06-23T09:01:36","date_gmt":"2025-06-23T06:01:36","guid":{"rendered":"https:\/\/nextsnkr.com\/product\/valentino-garavani-black\/"},"modified":"2026-01-30T18:23:23","modified_gmt":"2026-01-30T15:23:23","slug":"valentino-garavani-black","status":"publish","type":"product","link":"https:\/\/nextsnkr.com\/fi\/tuote\/valentino-garavani-black\/","title":{"rendered":"Valentino Garavani mustat tennarit-ensiluokkaiset nahkakeng\u00e4t tyylikk\u00e4\u00e4seen ilmeeseen"},"content":{"rendered":"<h2>Valentino Garavani mustat tennarit-ensiluokkaiset nahkakeng\u00e4t tyylikk\u00e4\u00e4seen ilmeeseen<\/h2>\n<p>Tyylikk\u00e4\u00e4t Valentino Garavani mustat tennarit on valmistettu korkealaatuisesta aidosta nahasta. Niiss\u00e4 yhdistyv\u00e4t tyylik\u00e4s muotoilu ja mukavuus jokap\u00e4iv\u00e4iseen k\u00e4ytt\u00f6\u00f6n. Ne ovat ihanteellisia muodikkaan ilmeen luomiseen ja statuksesi korostamiseen. N\u00e4m\u00e4 tunnetun tuotemerkin nahkalenkkarit takaavat kest\u00e4vyyden ja maksimaalisen mukavuuden koko p\u00e4iv\u00e4n.<\/p>\n","protected":false},"excerpt":{"rendered":"<p>Tyylikk\u00e4\u00e4t Valentino Garavani mustat tennarit on valmistettu korkealaatuisesta aidosta nahasta. Niiss\u00e4 yhdistyv\u00e4t tyylik\u00e4s muotoilu ja mukavuus jokap\u00e4iv\u00e4iseen k\u00e4ytt\u00f6\u00f6n. Ne ovat ihanteellisia muodikkaan ilmeen luomiseen ja statuksesi korostamiseen. N\u00e4m\u00e4 tunnetun tuotemerkin nahkalenkkarit takaavat kest\u00e4vyyden ja maksimaalisen mukavuuden koko p\u00e4iv\u00e4n.<\/p>\n","protected":false},"featured_media":577929,"comment_status":"open","ping_status":"open","template":"","meta":[],"product_brand":[],"product_cat":[3199,3200],"product_tag":[],"class_list":{"0":"post-577928","1":"product","2":"type-product","3":"status-publish","4":"has-post-thumbnail","6":"product_cat-all-product","7":"product_cat-krosivky","8":"pa_rozmir-910","9":"pa_rozmir-912","10":"pa_rozmir-914","11":"pa_rozmir-915","12":"pa_rozmir-916","13":"pa_rozmir-917","14":"pa_rozmir-918","15":"pa_rozmir-919","16":"pa_rozmir-920","17":"pa_rozmir-921","18":"pa_rozmir-922","20":"first","21":"instock","22":"purchasable","23":"product-type-variable"},"_links":{"self":[{"href":"https:\/\/nextsnkr.com\/fi\/wp-json\/wp\/v2\/product\/577928","targetHints":{"allow":["GET"]}}],"collection":[{"href":"https:\/\/nextsnkr.com\/fi\/wp-json\/wp\/v2\/product"}],"about":[{"href":"https:\/\/nextsnkr.com\/fi\/wp-json\/wp\/v2\/types\/product"}],"replies":[{"embeddable":true,"href":"https:\/\/nextsnkr.com\/fi\/wp-json\/wp\/v2\/comments?post=577928"}],"version-history":[{"count":0,"href":"https:\/\/nextsnkr.com\/fi\/wp-json\/wp\/v2\/product\/577928\/revisions"}],"wp:featuredmedia":[{"embeddable":true,"href":"https:\/\/nextsnkr.com\/fi\/wp-json\/wp\/v2\/media\/577929"}],"wp:attachment":[{"href":"https:\/\/nextsnkr.com\/fi\/wp-json\/wp\/v2\/media?parent=577928"}],"wp:term":[{"taxonomy":"product_brand","embeddable":true,"href":"https:\/\/nextsnkr.com\/fi\/wp-json\/wp\/v2\/product_brand?post=577928"},{"taxonomy":"product_cat","embeddable":true,"href":"https:\/\/nextsnkr.com\/fi\/wp-json\/wp\/v2\/product_cat?post=577928"},{"taxonomy":"product_tag","embeddable":true,"href":"https:\/\/nextsnkr.com\/fi\/wp-json\/wp\/v2\/product_tag?post=577928"}],"curies":[{"name":"wp","href":"https:\/\/api.w.org\/{rel}","templated":true}]}}