{"id":859454,"date":"2025-06-11T23:16:35","date_gmt":"2025-06-11T20:16:35","guid":{"rendered":"https:\/\/nextsnkr.com\/product\/balenciaga-3xl-extreme-lace-white\/"},"modified":"2026-01-30T17:46:53","modified_gmt":"2026-01-30T14:46:53","slug":"balenciaga-3xl-extreme-lace-white","status":"publish","type":"product","link":"https:\/\/nextsnkr.com\/et\/toode\/balenciaga-3xl-extreme-lace-white\/","title":{"rendered":"Balenciaga 3XL Extreme Lace White tossud-nahk ja Tekstiil"},"content":{"rendered":"<h2>Balenciaga 3XL Extreme Lace White tossud-nahk ja Tekstiil<\/h2>\n<p>Balenciaga 3XL Extreme Lace White tossud \u00fchendavad esmaklassilise naha ja tekstiili maksimaalse mugavuse ja vastupidavuse tagamiseks. Tuntud kaubam\u00e4rgi Balenciaga mudelil on kaasaegne disain, Silmatorkav valge v\u00e4rv ja ergonoomiline tald, mis tagab suurep\u00e4rase haarduvuse. Ideaalne stiilseks igap\u00e4evaseks kandmiseks, need tossud r\u00f5hutavad teie isikup\u00e4ra ja staatust, tagades mugavuse ja vastupidavuse.<\/p>\n","protected":false},"excerpt":{"rendered":"<p>Balenciaga 3XL Extreme Lace White tossud \u00fchendavad esmaklassilise naha ja tekstiili maksimaalse mugavuse ja vastupidavuse tagamiseks. Tuntud kaubam\u00e4rgi Balenciaga mudelil on kaasaegne disain, Silmatorkav valge v\u00e4rv ja ergonoomiline tald, mis tagab suurep\u00e4rase haarduvuse. Ideaalne stiilseks igap\u00e4evaseks kandmiseks, need tossud r\u00f5hutavad teie isikup\u00e4ra ja staatust, tagades mugavuse ja vastupidavuse.<\/p>\n","protected":false},"featured_media":859455,"comment_status":"open","ping_status":"open","template":"","meta":[],"product_brand":[],"product_cat":[3186,3187],"product_tag":[],"class_list":{"0":"post-859454","1":"product","2":"type-product","3":"status-publish","4":"has-post-thumbnail","6":"product_cat-all-product","7":"product_cat-krosivky","8":"pa_rozmir-910","9":"pa_rozmir-912","10":"pa_rozmir-914","11":"pa_rozmir-915","12":"pa_rozmir-916","13":"pa_rozmir-917","14":"pa_rozmir-918","15":"pa_rozmir-919","16":"pa_rozmir-920","17":"pa_rozmir-921","18":"pa_rozmir-922","20":"first","21":"onbackorder","22":"purchasable","23":"product-type-variable"},"_links":{"self":[{"href":"https:\/\/nextsnkr.com\/et\/wp-json\/wp\/v2\/product\/859454","targetHints":{"allow":["GET"]}}],"collection":[{"href":"https:\/\/nextsnkr.com\/et\/wp-json\/wp\/v2\/product"}],"about":[{"href":"https:\/\/nextsnkr.com\/et\/wp-json\/wp\/v2\/types\/product"}],"replies":[{"embeddable":true,"href":"https:\/\/nextsnkr.com\/et\/wp-json\/wp\/v2\/comments?post=859454"}],"version-history":[{"count":0,"href":"https:\/\/nextsnkr.com\/et\/wp-json\/wp\/v2\/product\/859454\/revisions"}],"wp:featuredmedia":[{"embeddable":true,"href":"https:\/\/nextsnkr.com\/et\/wp-json\/wp\/v2\/media\/859455"}],"wp:attachment":[{"href":"https:\/\/nextsnkr.com\/et\/wp-json\/wp\/v2\/media?parent=859454"}],"wp:term":[{"taxonomy":"product_brand","embeddable":true,"href":"https:\/\/nextsnkr.com\/et\/wp-json\/wp\/v2\/product_brand?post=859454"},{"taxonomy":"product_cat","embeddable":true,"href":"https:\/\/nextsnkr.com\/et\/wp-json\/wp\/v2\/product_cat?post=859454"},{"taxonomy":"product_tag","embeddable":true,"href":"https:\/\/nextsnkr.com\/et\/wp-json\/wp\/v2\/product_tag?post=859454"}],"curies":[{"name":"wp","href":"https:\/\/api.w.org\/{rel}","templated":true}]}}