{"id":858775,"date":"2025-06-11T23:18:55","date_gmt":"2025-06-11T20:18:55","guid":{"rendered":"https:\/\/nextsnkr.com\/product\/dior-logo-black\/"},"modified":"2026-01-30T17:46:25","modified_gmt":"2026-01-30T14:46:25","slug":"dior-logo-black","status":"publish","type":"product","link":"https:\/\/nextsnkr.com\/et\/toode\/dior-logo-black\/","title":{"rendered":"Dior Logo Mustad tossud-stiilsed nahast ja tekstiilist Premium tossud"},"content":{"rendered":"<h2>Dior Logo Mustad tossud-stiilsed nahast ja tekstiilist Premium tossud<\/h2>\n<p>Dior Logo Black tossud \u00fchendavad Diori kaubam\u00e4rgi elegantsi ja kvaliteetseid materjale: nahka ja tekstiili. Mudel pakub mugavust, vastupidavust ja kaasaegset stiili, r\u00f5hutades v\u00e4limuse ainulaadsust. Ideaalne igap\u00e4evaseks kandmiseks ja moodsateks vibudeks, tagades Diori esmaklassilise kvaliteedi ja \u00e4ratuntava disaini.<\/p>\n","protected":false},"excerpt":{"rendered":"<p>Dior Logo Black tossud \u00fchendavad Diori kaubam\u00e4rgi elegantsi ja kvaliteetseid materjale: nahka ja tekstiili. Mudel pakub mugavust, vastupidavust ja kaasaegset stiili, r\u00f5hutades v\u00e4limuse ainulaadsust. Ideaalne igap\u00e4evaseks kandmiseks ja moodsateks vibudeks, tagades Diori esmaklassilise kvaliteedi ja \u00e4ratuntava disaini.<\/p>\n","protected":false},"featured_media":858776,"comment_status":"open","ping_status":"open","template":"","meta":[],"product_brand":[],"product_cat":[3186,3317],"product_tag":[],"class_list":{"0":"post-858775","1":"product","2":"type-product","3":"status-publish","4":"has-post-thumbnail","6":"product_cat-all-product","7":"product_cat-kedy","8":"pa_rozmir-910","9":"pa_rozmir-912","10":"pa_rozmir-914","11":"pa_rozmir-915","12":"pa_rozmir-916","13":"pa_rozmir-917","14":"pa_rozmir-918","15":"pa_rozmir-919","16":"pa_rozmir-920","17":"pa_rozmir-921","18":"pa_rozmir-922","20":"first","21":"instock","22":"purchasable","23":"product-type-variable"},"_links":{"self":[{"href":"https:\/\/nextsnkr.com\/et\/wp-json\/wp\/v2\/product\/858775","targetHints":{"allow":["GET"]}}],"collection":[{"href":"https:\/\/nextsnkr.com\/et\/wp-json\/wp\/v2\/product"}],"about":[{"href":"https:\/\/nextsnkr.com\/et\/wp-json\/wp\/v2\/types\/product"}],"replies":[{"embeddable":true,"href":"https:\/\/nextsnkr.com\/et\/wp-json\/wp\/v2\/comments?post=858775"}],"version-history":[{"count":0,"href":"https:\/\/nextsnkr.com\/et\/wp-json\/wp\/v2\/product\/858775\/revisions"}],"wp:featuredmedia":[{"embeddable":true,"href":"https:\/\/nextsnkr.com\/et\/wp-json\/wp\/v2\/media\/858776"}],"wp:attachment":[{"href":"https:\/\/nextsnkr.com\/et\/wp-json\/wp\/v2\/media?parent=858775"}],"wp:term":[{"taxonomy":"product_brand","embeddable":true,"href":"https:\/\/nextsnkr.com\/et\/wp-json\/wp\/v2\/product_brand?post=858775"},{"taxonomy":"product_cat","embeddable":true,"href":"https:\/\/nextsnkr.com\/et\/wp-json\/wp\/v2\/product_cat?post=858775"},{"taxonomy":"product_tag","embeddable":true,"href":"https:\/\/nextsnkr.com\/et\/wp-json\/wp\/v2\/product_tag?post=858775"}],"curies":[{"name":"wp","href":"https:\/\/api.w.org\/{rel}","templated":true}]}}