{"id":857415,"date":"2025-06-11T23:22:43","date_gmt":"2025-06-11T20:22:43","guid":{"rendered":"https:\/\/nextsnkr.com\/product\/celine-tippi-slide-premium\/"},"modified":"2026-01-30T17:45:20","modified_gmt":"2026-01-30T14:45:20","slug":"celine-tippi-slide-premium","status":"publish","type":"product","link":"https:\/\/nextsnkr.com\/et\/toode\/celine-tippi-slide-premium\/","title":{"rendered":"Celine Tippi Slide Premium sussid-stiilne nahk kodus ja v\u00e4ljas"},"content":{"rendered":"<h2>Celine Tippi Slide Premium sussid-stiilne nahk kodus ja v\u00e4ljas<\/h2>\n<p>Celine Tippi Slide Premium Sussid on valmistatud kvaliteetsest nahast, mis tagab mugavuse ja vastupidavuse. Celine &#8216; i br\u00e4ndi stiilne disain r\u00f5hutab elegantsi ja modernsust. Ideaalne igap\u00e4evaseks kandmiseks kodus v\u00f5i jalutusk\u00e4igul \u00fchendavad need sussid praktilisuse, pehmuse ja esmaklassilise ilme, luues moodsa ja mugava v\u00e4limuse jaoks h\u00e4davajaliku aksessuaari.<\/p>\n","protected":false},"excerpt":{"rendered":"<p>Celine Tippi Slide Premium Sussid on valmistatud kvaliteetsest nahast, mis tagab mugavuse ja vastupidavuse. Celine &#8216; i br\u00e4ndi stiilne disain r\u00f5hutab elegantsi ja modernsust. Ideaalne igap\u00e4evaseks kandmiseks kodus v\u00f5i jalutusk\u00e4igul \u00fchendavad need sussid praktilisuse, pehmuse ja esmaklassilise ilme, luues moodsa ja mugava v\u00e4limuse jaoks h\u00e4davajaliku aksessuaari.<\/p>\n","protected":false},"featured_media":857416,"comment_status":"open","ping_status":"open","template":"","meta":[],"product_brand":[],"product_cat":[3186,3419],"product_tag":[],"class_list":{"0":"post-857415","1":"product","2":"type-product","3":"status-publish","4":"has-post-thumbnail","6":"product_cat-all-product","7":"product_cat-shlopantsi","8":"pa_rozmir-910","9":"pa_rozmir-912","10":"pa_rozmir-914","11":"pa_rozmir-915","12":"pa_rozmir-916","13":"pa_rozmir-917","14":"pa_rozmir-918","15":"pa_rozmir-919","16":"pa_rozmir-920","17":"pa_rozmir-921","18":"pa_rozmir-922","20":"first","21":"instock","22":"purchasable","23":"product-type-variable"},"_links":{"self":[{"href":"https:\/\/nextsnkr.com\/et\/wp-json\/wp\/v2\/product\/857415","targetHints":{"allow":["GET"]}}],"collection":[{"href":"https:\/\/nextsnkr.com\/et\/wp-json\/wp\/v2\/product"}],"about":[{"href":"https:\/\/nextsnkr.com\/et\/wp-json\/wp\/v2\/types\/product"}],"replies":[{"embeddable":true,"href":"https:\/\/nextsnkr.com\/et\/wp-json\/wp\/v2\/comments?post=857415"}],"version-history":[{"count":0,"href":"https:\/\/nextsnkr.com\/et\/wp-json\/wp\/v2\/product\/857415\/revisions"}],"wp:featuredmedia":[{"embeddable":true,"href":"https:\/\/nextsnkr.com\/et\/wp-json\/wp\/v2\/media\/857416"}],"wp:attachment":[{"href":"https:\/\/nextsnkr.com\/et\/wp-json\/wp\/v2\/media?parent=857415"}],"wp:term":[{"taxonomy":"product_brand","embeddable":true,"href":"https:\/\/nextsnkr.com\/et\/wp-json\/wp\/v2\/product_brand?post=857415"},{"taxonomy":"product_cat","embeddable":true,"href":"https:\/\/nextsnkr.com\/et\/wp-json\/wp\/v2\/product_cat?post=857415"},{"taxonomy":"product_tag","embeddable":true,"href":"https:\/\/nextsnkr.com\/et\/wp-json\/wp\/v2\/product_tag?post=857415"}],"curies":[{"name":"wp","href":"https:\/\/api.w.org\/{rel}","templated":true}]}}