{"id":856395,"date":"2025-06-11T22:38:29","date_gmt":"2025-06-11T19:38:29","guid":{"rendered":"https:\/\/nextsnkr.com\/product\/nike-v2k-run-pink-premium\/"},"modified":"2026-01-30T17:44:34","modified_gmt":"2026-01-30T14:44:34","slug":"nike-v2k-run-pink-premium","status":"publish","type":"product","link":"https:\/\/nextsnkr.com\/et\/toode\/nike-v2k-run-pink-premium\/","title":{"rendered":"Nike v2k Run Pink Premium tossud-stiilsed roosad tekstiilist tossud"},"content":{"rendered":"<h2>Nike v2k Run Pink Premium tossud-stiilsed roosad tekstiilist tossud<\/h2>\n<p>Nike v2k Run Pink Premium tossudel on kerge tekstiilist \u00fclaosa, mis tagab igap\u00e4evase kandmise ajal suurep\u00e4rase ventilatsiooni ja mugavuse. Roosa esmaklassiline disain lisab v\u00e4limusele heledust ja eemaldatavad eesmised paelad v\u00f5imaldavad sobivust individuaalselt kohandada. Pehmendav tald tagab liikumise ajal pehmuse ja toe. Nike V2K Run Pink Premium on ideaalne valik aktiivseks ja stiilseks linnaeluks.<\/p>\n","protected":false},"excerpt":{"rendered":"<p>Nike v2k Run Pink Premium tossudel on kerge tekstiilist \u00fclaosa, mis tagab igap\u00e4evase kandmise ajal suurep\u00e4rase ventilatsiooni ja mugavuse. Roosa esmaklassiline disain lisab v\u00e4limusele heledust ja eemaldatavad eesmised paelad v\u00f5imaldavad sobivust individuaalselt kohandada. Pehmendav tald tagab liikumise ajal pehmuse ja toe. Nike V2K Run Pink Premium on ideaalne valik aktiivseks ja stiilseks linnaeluks.<\/p>\n","protected":false},"featured_media":856396,"comment_status":"open","ping_status":"open","template":"","meta":[],"product_brand":[],"product_cat":[3186,3187],"product_tag":[],"class_list":{"0":"post-856395","1":"product","2":"type-product","3":"status-publish","4":"has-post-thumbnail","6":"product_cat-all-product","7":"product_cat-krosivky","8":"pa_rozmir-910","9":"pa_rozmir-912","10":"pa_rozmir-914","11":"pa_rozmir-915","12":"pa_rozmir-916","13":"pa_rozmir-917","14":"pa_rozmir-918","15":"pa_rozmir-919","16":"pa_rozmir-920","17":"pa_rozmir-921","18":"pa_rozmir-922","20":"first","21":"instock","22":"purchasable","23":"product-type-variable"},"_links":{"self":[{"href":"https:\/\/nextsnkr.com\/et\/wp-json\/wp\/v2\/product\/856395","targetHints":{"allow":["GET"]}}],"collection":[{"href":"https:\/\/nextsnkr.com\/et\/wp-json\/wp\/v2\/product"}],"about":[{"href":"https:\/\/nextsnkr.com\/et\/wp-json\/wp\/v2\/types\/product"}],"replies":[{"embeddable":true,"href":"https:\/\/nextsnkr.com\/et\/wp-json\/wp\/v2\/comments?post=856395"}],"version-history":[{"count":0,"href":"https:\/\/nextsnkr.com\/et\/wp-json\/wp\/v2\/product\/856395\/revisions"}],"wp:featuredmedia":[{"embeddable":true,"href":"https:\/\/nextsnkr.com\/et\/wp-json\/wp\/v2\/media\/856396"}],"wp:attachment":[{"href":"https:\/\/nextsnkr.com\/et\/wp-json\/wp\/v2\/media?parent=856395"}],"wp:term":[{"taxonomy":"product_brand","embeddable":true,"href":"https:\/\/nextsnkr.com\/et\/wp-json\/wp\/v2\/product_brand?post=856395"},{"taxonomy":"product_cat","embeddable":true,"href":"https:\/\/nextsnkr.com\/et\/wp-json\/wp\/v2\/product_cat?post=856395"},{"taxonomy":"product_tag","embeddable":true,"href":"https:\/\/nextsnkr.com\/et\/wp-json\/wp\/v2\/product_tag?post=856395"}],"curies":[{"name":"wp","href":"https:\/\/api.w.org\/{rel}","templated":true}]}}