{"id":856225,"date":"2025-06-11T22:38:29","date_gmt":"2025-06-11T19:38:29","guid":{"rendered":"https:\/\/nextsnkr.com\/product\/nike-v2k-run-premium\/"},"modified":"2026-01-30T17:44:30","modified_gmt":"2026-01-30T14:44:30","slug":"nike-v2k-run-premium","status":"publish","type":"product","link":"https:\/\/nextsnkr.com\/et\/toode\/nike-v2k-run-premium\/","title":{"rendered":"Nike V2K Run Premium tossud-kerged tekstiilist tossud igap\u00e4evaseks liikumiseks"},"content":{"rendered":"<h2>Nike V2K Run Premium tossud-kerged tekstiilist tossud igap\u00e4evaseks liikumiseks<\/h2>\n<p>Nike v2k Run Premium tossud on m\u00f5eldud neile, kes hindavad mugavust, stiili ja kergust. Tekstiilist \u00fclaosa tagab suurep\u00e4rase ventilatsiooni ja meeldiva istuvuse, samas kui kaasaegne siluett lisab v\u00e4limusele d\u00fcnaamilisust. Pehmendav tald muudab iga sammu pehmeks ja loomulikuks, tagades mugavuse kogu p\u00e4eva v\u00e4ltel. Nike V2K Run Premium on segu kvaliteedist, funktsionaalsusest ja trendikujundusest aktiivseks linnaeluks.<\/p>\n","protected":false},"excerpt":{"rendered":"<p>Nike v2k Run Premium tossud on m\u00f5eldud neile, kes hindavad mugavust, stiili ja kergust. Tekstiilist \u00fclaosa tagab suurep\u00e4rase ventilatsiooni ja meeldiva istuvuse, samas kui kaasaegne siluett lisab v\u00e4limusele d\u00fcnaamilisust. Pehmendav tald muudab iga sammu pehmeks ja loomulikuks, tagades mugavuse kogu p\u00e4eva v\u00e4ltel. Nike V2K Run Premium on segu kvaliteedist, funktsionaalsusest ja trendikujundusest aktiivseks linnaeluks.<\/p>\n","protected":false},"featured_media":856226,"comment_status":"open","ping_status":"open","template":"","meta":[],"product_brand":[],"product_cat":[3186,3187],"product_tag":[],"class_list":{"0":"post-856225","1":"product","2":"type-product","3":"status-publish","4":"has-post-thumbnail","6":"product_cat-all-product","7":"product_cat-krosivky","8":"pa_rozmir-910","9":"pa_rozmir-912","10":"pa_rozmir-914","11":"pa_rozmir-915","12":"pa_rozmir-916","13":"pa_rozmir-917","14":"pa_rozmir-918","15":"pa_rozmir-919","16":"pa_rozmir-920","17":"pa_rozmir-921","18":"pa_rozmir-922","20":"first","21":"instock","22":"purchasable","23":"product-type-variable"},"_links":{"self":[{"href":"https:\/\/nextsnkr.com\/et\/wp-json\/wp\/v2\/product\/856225","targetHints":{"allow":["GET"]}}],"collection":[{"href":"https:\/\/nextsnkr.com\/et\/wp-json\/wp\/v2\/product"}],"about":[{"href":"https:\/\/nextsnkr.com\/et\/wp-json\/wp\/v2\/types\/product"}],"replies":[{"embeddable":true,"href":"https:\/\/nextsnkr.com\/et\/wp-json\/wp\/v2\/comments?post=856225"}],"version-history":[{"count":0,"href":"https:\/\/nextsnkr.com\/et\/wp-json\/wp\/v2\/product\/856225\/revisions"}],"wp:featuredmedia":[{"embeddable":true,"href":"https:\/\/nextsnkr.com\/et\/wp-json\/wp\/v2\/media\/856226"}],"wp:attachment":[{"href":"https:\/\/nextsnkr.com\/et\/wp-json\/wp\/v2\/media?parent=856225"}],"wp:term":[{"taxonomy":"product_brand","embeddable":true,"href":"https:\/\/nextsnkr.com\/et\/wp-json\/wp\/v2\/product_brand?post=856225"},{"taxonomy":"product_cat","embeddable":true,"href":"https:\/\/nextsnkr.com\/et\/wp-json\/wp\/v2\/product_cat?post=856225"},{"taxonomy":"product_tag","embeddable":true,"href":"https:\/\/nextsnkr.com\/et\/wp-json\/wp\/v2\/product_tag?post=856225"}],"curies":[{"name":"wp","href":"https:\/\/api.w.org\/{rel}","templated":true}]}}