{"id":855545,"date":"2025-06-11T22:40:37","date_gmt":"2025-06-11T19:40:37","guid":{"rendered":"https:\/\/nextsnkr.com\/product\/nike-v2k-run-premium-light-bone-viotech\/"},"modified":"2026-01-30T17:43:53","modified_gmt":"2026-01-30T14:43:53","slug":"nike-v2k-run-premium-light-bone-viotech","status":"publish","type":"product","link":"https:\/\/nextsnkr.com\/et\/toode\/nike-v2k-run-premium-light-bone-viotech\/","title":{"rendered":"Nike v2k Run Premium Light Bone viotech tossud-kerged tekstiilist tossud"},"content":{"rendered":"<h2>Nike v2k Run Premium Light Bone viotech tossud-kerged tekstiilist tossud<\/h2>\n<p>Nike v2k Run Premium Light Bone viotech tossud on loodud mugavaks igap\u00e4evaseks kandmiseks ja aktiivseks liikumiseks. Kerge tekstiilist \u00fclaosa tagab ventilatsiooni ja mugava istuvuse, samas kui kaasaegne heledates toonides disain lisab v\u00e4limusele stiili. Pehmendav tald annab pehmuse ja toe k\u00f5ndimise v\u00f5i s\u00f6rkimise ajal. Nike V2K Run Premium Light Bone Viotech-kvaliteedi, mugavuse ja trendika v\u00e4limuse kombinatsioon aktiivseks linnaeluks.<\/p>\n","protected":false},"excerpt":{"rendered":"<p>Nike v2k Run Premium Light Bone viotech tossud on loodud mugavaks igap\u00e4evaseks kandmiseks ja aktiivseks liikumiseks. Kerge tekstiilist \u00fclaosa tagab ventilatsiooni ja mugava istuvuse, samas kui kaasaegne heledates toonides disain lisab v\u00e4limusele stiili. Pehmendav tald annab pehmuse ja toe k\u00f5ndimise v\u00f5i s\u00f6rkimise ajal. Nike V2K Run Premium Light Bone Viotech-kvaliteedi, mugavuse ja trendika v\u00e4limuse kombinatsioon aktiivseks linnaeluks.<\/p>\n","protected":false},"featured_media":855546,"comment_status":"open","ping_status":"open","template":"","meta":[],"product_brand":[],"product_cat":[3186,3187],"product_tag":[],"class_list":{"0":"post-855545","1":"product","2":"type-product","3":"status-publish","4":"has-post-thumbnail","6":"product_cat-all-product","7":"product_cat-krosivky","8":"pa_rozmir-910","9":"pa_rozmir-912","10":"pa_rozmir-914","11":"pa_rozmir-915","12":"pa_rozmir-916","13":"pa_rozmir-917","14":"pa_rozmir-918","15":"pa_rozmir-919","16":"pa_rozmir-920","17":"pa_rozmir-921","18":"pa_rozmir-922","20":"first","21":"instock","22":"purchasable","23":"product-type-variable"},"_links":{"self":[{"href":"https:\/\/nextsnkr.com\/et\/wp-json\/wp\/v2\/product\/855545","targetHints":{"allow":["GET"]}}],"collection":[{"href":"https:\/\/nextsnkr.com\/et\/wp-json\/wp\/v2\/product"}],"about":[{"href":"https:\/\/nextsnkr.com\/et\/wp-json\/wp\/v2\/types\/product"}],"replies":[{"embeddable":true,"href":"https:\/\/nextsnkr.com\/et\/wp-json\/wp\/v2\/comments?post=855545"}],"version-history":[{"count":0,"href":"https:\/\/nextsnkr.com\/et\/wp-json\/wp\/v2\/product\/855545\/revisions"}],"wp:featuredmedia":[{"embeddable":true,"href":"https:\/\/nextsnkr.com\/et\/wp-json\/wp\/v2\/media\/855546"}],"wp:attachment":[{"href":"https:\/\/nextsnkr.com\/et\/wp-json\/wp\/v2\/media?parent=855545"}],"wp:term":[{"taxonomy":"product_brand","embeddable":true,"href":"https:\/\/nextsnkr.com\/et\/wp-json\/wp\/v2\/product_brand?post=855545"},{"taxonomy":"product_cat","embeddable":true,"href":"https:\/\/nextsnkr.com\/et\/wp-json\/wp\/v2\/product_cat?post=855545"},{"taxonomy":"product_tag","embeddable":true,"href":"https:\/\/nextsnkr.com\/et\/wp-json\/wp\/v2\/product_tag?post=855545"}],"curies":[{"name":"wp","href":"https:\/\/api.w.org\/{rel}","templated":true}]}}