{"id":855376,"date":"2025-06-11T22:41:23","date_gmt":"2025-06-11T19:41:23","guid":{"rendered":"https:\/\/nextsnkr.com\/product\/nike-v2k-run-light-orewood-brown\/"},"modified":"2026-01-30T17:43:49","modified_gmt":"2026-01-30T14:43:49","slug":"nike-v2k-run-light-orewood-brown","status":"publish","type":"product","link":"https:\/\/nextsnkr.com\/et\/toode\/nike-v2k-run-light-orewood-brown\/","title":{"rendered":"Nike v2k Run Light Orewood Brown tossud-kerged tekstiilist tossud"},"content":{"rendered":"<h2>Nike v2k Run Light Orewood Brown tossud-kerged tekstiilist tossud<\/h2>\n<p>Nike v2k Run Light Orewood Brown tossud \u00fchendavad mugavuse, kerguse ja stiilse disaini soojades pruunides toonides. Tekstiilist pealmine osa tagab suurep\u00e4rase ventilatsiooni ja mugavuse igap\u00e4evaseks kandmiseks, samas kui l\u00f6\u00f6ke neelav tald annab liikumise ajal pehmuse ja toe. Mudel sobib nii aktiivseks puhkuseks kui ka linnastiiliks. Nike V2K Run Light Orewood Brown on kindel valik mugavaks ja stiilseks igap\u00e4evaeluks.<\/p>\n","protected":false},"excerpt":{"rendered":"<p>Nike v2k Run Light Orewood Brown tossud \u00fchendavad mugavuse, kerguse ja stiilse disaini soojades pruunides toonides. Tekstiilist pealmine osa tagab suurep\u00e4rase ventilatsiooni ja mugavuse igap\u00e4evaseks kandmiseks, samas kui l\u00f6\u00f6ke neelav tald annab liikumise ajal pehmuse ja toe. Mudel sobib nii aktiivseks puhkuseks kui ka linnastiiliks. Nike V2K Run Light Orewood Brown on kindel valik mugavaks ja stiilseks igap\u00e4evaeluks.<\/p>\n","protected":false},"featured_media":855377,"comment_status":"open","ping_status":"open","template":"","meta":[],"product_brand":[],"product_cat":[3186,3187],"product_tag":[],"class_list":{"0":"post-855376","1":"product","2":"type-product","3":"status-publish","4":"has-post-thumbnail","6":"product_cat-all-product","7":"product_cat-krosivky","8":"pa_rozmir-910","9":"pa_rozmir-912","10":"pa_rozmir-914","11":"pa_rozmir-915","12":"pa_rozmir-916","13":"pa_rozmir-917","14":"pa_rozmir-918","15":"pa_rozmir-919","16":"pa_rozmir-920","17":"pa_rozmir-921","18":"pa_rozmir-922","20":"first","21":"instock","22":"purchasable","23":"product-type-variable"},"_links":{"self":[{"href":"https:\/\/nextsnkr.com\/et\/wp-json\/wp\/v2\/product\/855376","targetHints":{"allow":["GET"]}}],"collection":[{"href":"https:\/\/nextsnkr.com\/et\/wp-json\/wp\/v2\/product"}],"about":[{"href":"https:\/\/nextsnkr.com\/et\/wp-json\/wp\/v2\/types\/product"}],"replies":[{"embeddable":true,"href":"https:\/\/nextsnkr.com\/et\/wp-json\/wp\/v2\/comments?post=855376"}],"version-history":[{"count":0,"href":"https:\/\/nextsnkr.com\/et\/wp-json\/wp\/v2\/product\/855376\/revisions"}],"wp:featuredmedia":[{"embeddable":true,"href":"https:\/\/nextsnkr.com\/et\/wp-json\/wp\/v2\/media\/855377"}],"wp:attachment":[{"href":"https:\/\/nextsnkr.com\/et\/wp-json\/wp\/v2\/media?parent=855376"}],"wp:term":[{"taxonomy":"product_brand","embeddable":true,"href":"https:\/\/nextsnkr.com\/et\/wp-json\/wp\/v2\/product_brand?post=855376"},{"taxonomy":"product_cat","embeddable":true,"href":"https:\/\/nextsnkr.com\/et\/wp-json\/wp\/v2\/product_cat?post=855376"},{"taxonomy":"product_tag","embeddable":true,"href":"https:\/\/nextsnkr.com\/et\/wp-json\/wp\/v2\/product_tag?post=855376"}],"curies":[{"name":"wp","href":"https:\/\/api.w.org\/{rel}","templated":true}]}}