{"id":854773,"date":"2025-06-11T22:44:06","date_gmt":"2025-06-11T19:44:06","guid":{"rendered":"https:\/\/nextsnkr.com\/product\/nike-p-6000-2\/"},"modified":"2026-01-30T17:43:20","modified_gmt":"2026-01-30T14:43:20","slug":"nike-p-6000-2","status":"publish","type":"product","link":"https:\/\/nextsnkr.com\/et\/toode\/nike-p-6000-2\/","title":{"rendered":"Nike P-6000 tossud-stiilsed nahast ja tekstiilist meeste tossud"},"content":{"rendered":"<h2>Nike P-6000 tossud-stiilsed nahast ja tekstiilist meeste tossud<\/h2>\n<p>Nike P-6000 tossud \u00fchendavad retro disaini ja kaasaegse mugavuse, et luua ideaalne mudel igap\u00e4evaseks kandmiseks. Nahast ja hingavast tekstiilist pealispind tagab tugevuse ja ventilatsiooni ning pehme polsterdus pakub k\u00f5ndimisel mugavust. Universaalset siluetti on lihtne kombineerida igap\u00e4evaste piltidega. Nike P-6000 on seotud usaldusv\u00e4\u00e4rsuse, stiili ja mugavusega igas liikumises.<\/p>\n","protected":false},"excerpt":{"rendered":"<p>Nike P-6000 tossud \u00fchendavad retro disaini ja kaasaegse mugavuse, et luua ideaalne mudel igap\u00e4evaseks kandmiseks. Nahast ja hingavast tekstiilist pealispind tagab tugevuse ja ventilatsiooni ning pehme polsterdus pakub k\u00f5ndimisel mugavust. Universaalset siluetti on lihtne kombineerida igap\u00e4evaste piltidega. Nike P-6000 on seotud usaldusv\u00e4\u00e4rsuse, stiili ja mugavusega igas liikumises.<\/p>\n","protected":false},"featured_media":854673,"comment_status":"open","ping_status":"open","template":"","meta":[],"product_brand":[],"product_cat":[3186,3187],"product_tag":[],"class_list":{"0":"post-854773","1":"product","2":"type-product","3":"status-publish","4":"has-post-thumbnail","6":"product_cat-all-product","7":"product_cat-krosivky","8":"pa_rozmir-910","9":"pa_rozmir-912","10":"pa_rozmir-914","11":"pa_rozmir-915","12":"pa_rozmir-916","14":"first","15":"instock","16":"purchasable","17":"product-type-variable"},"_links":{"self":[{"href":"https:\/\/nextsnkr.com\/et\/wp-json\/wp\/v2\/product\/854773","targetHints":{"allow":["GET"]}}],"collection":[{"href":"https:\/\/nextsnkr.com\/et\/wp-json\/wp\/v2\/product"}],"about":[{"href":"https:\/\/nextsnkr.com\/et\/wp-json\/wp\/v2\/types\/product"}],"replies":[{"embeddable":true,"href":"https:\/\/nextsnkr.com\/et\/wp-json\/wp\/v2\/comments?post=854773"}],"version-history":[{"count":0,"href":"https:\/\/nextsnkr.com\/et\/wp-json\/wp\/v2\/product\/854773\/revisions"}],"wp:featuredmedia":[{"embeddable":true,"href":"https:\/\/nextsnkr.com\/et\/wp-json\/wp\/v2\/media\/854673"}],"wp:attachment":[{"href":"https:\/\/nextsnkr.com\/et\/wp-json\/wp\/v2\/media?parent=854773"}],"wp:term":[{"taxonomy":"product_brand","embeddable":true,"href":"https:\/\/nextsnkr.com\/et\/wp-json\/wp\/v2\/product_brand?post=854773"},{"taxonomy":"product_cat","embeddable":true,"href":"https:\/\/nextsnkr.com\/et\/wp-json\/wp\/v2\/product_cat?post=854773"},{"taxonomy":"product_tag","embeddable":true,"href":"https:\/\/nextsnkr.com\/et\/wp-json\/wp\/v2\/product_tag?post=854773"}],"curies":[{"name":"wp","href":"https:\/\/api.w.org\/{rel}","templated":true}]}}