{"id":853793,"date":"2025-06-11T23:01:26","date_gmt":"2025-06-11T20:01:26","guid":{"rendered":"https:\/\/nextsnkr.com\/product\/nike-pro-silver\/"},"modified":"2026-01-30T17:42:22","modified_gmt":"2026-01-30T14:42:22","slug":"nike-pro-silver","status":"publish","type":"product","link":"https:\/\/nextsnkr.com\/et\/toode\/nike-pro-silver\/","title":{"rendered":"Nike Pro Silver tossud-Tekstiil-ja \u00f6ko-nahast stiilsed tossud"},"content":{"rendered":"<h2>Nike Pro Silver tossud-Tekstiil-ja \u00f6ko-nahast stiilsed tossud<\/h2>\n<p>Nike Pro Silver tossud \u00fchendavad kaasaegse disaini ja mugavuse igap\u00e4evaseks kandmiseks. Tekstiili-ja \u00f6ko-nahast pealsed tagavad kerguse, ventilatsiooni ja vastupidavuse, samas kui l\u00f6\u00f6ke neelav tald annab liikumise ajal pehmuse ja toe. H\u00f5bedane v\u00e4rv annab moes aktsendi ja muudab mudeli universaalseks iga stiili jaoks. Nike Pro Silver on ideaalne valik neile, kes hindavad stiili, kvaliteeti ja mugavust igal sammul.<\/p>\n","protected":false},"excerpt":{"rendered":"<p>Nike Pro Silver tossud \u00fchendavad kaasaegse disaini ja mugavuse igap\u00e4evaseks kandmiseks. Tekstiili-ja \u00f6ko-nahast pealsed tagavad kerguse, ventilatsiooni ja vastupidavuse, samas kui l\u00f6\u00f6ke neelav tald annab liikumise ajal pehmuse ja toe. H\u00f5bedane v\u00e4rv annab moes aktsendi ja muudab mudeli universaalseks iga stiili jaoks. Nike Pro Silver on ideaalne valik neile, kes hindavad stiili, kvaliteeti ja mugavust igal sammul.<\/p>\n","protected":false},"featured_media":853794,"comment_status":"open","ping_status":"open","template":"","meta":[],"product_brand":[],"product_cat":[3186,3187],"product_tag":[],"class_list":{"0":"post-853793","1":"product","2":"type-product","3":"status-publish","4":"has-post-thumbnail","6":"product_cat-all-product","7":"product_cat-krosivky","8":"pa_rozmir-910","9":"pa_rozmir-912","10":"pa_rozmir-914","11":"pa_rozmir-915","12":"pa_rozmir-916","13":"pa_rozmir-917","14":"pa_rozmir-918","15":"pa_rozmir-919","16":"pa_rozmir-920","17":"pa_rozmir-921","18":"pa_rozmir-922","20":"first","21":"instock","22":"purchasable","23":"product-type-variable"},"_links":{"self":[{"href":"https:\/\/nextsnkr.com\/et\/wp-json\/wp\/v2\/product\/853793","targetHints":{"allow":["GET"]}}],"collection":[{"href":"https:\/\/nextsnkr.com\/et\/wp-json\/wp\/v2\/product"}],"about":[{"href":"https:\/\/nextsnkr.com\/et\/wp-json\/wp\/v2\/types\/product"}],"replies":[{"embeddable":true,"href":"https:\/\/nextsnkr.com\/et\/wp-json\/wp\/v2\/comments?post=853793"}],"version-history":[{"count":0,"href":"https:\/\/nextsnkr.com\/et\/wp-json\/wp\/v2\/product\/853793\/revisions"}],"wp:featuredmedia":[{"embeddable":true,"href":"https:\/\/nextsnkr.com\/et\/wp-json\/wp\/v2\/media\/853794"}],"wp:attachment":[{"href":"https:\/\/nextsnkr.com\/et\/wp-json\/wp\/v2\/media?parent=853793"}],"wp:term":[{"taxonomy":"product_brand","embeddable":true,"href":"https:\/\/nextsnkr.com\/et\/wp-json\/wp\/v2\/product_brand?post=853793"},{"taxonomy":"product_cat","embeddable":true,"href":"https:\/\/nextsnkr.com\/et\/wp-json\/wp\/v2\/product_cat?post=853793"},{"taxonomy":"product_tag","embeddable":true,"href":"https:\/\/nextsnkr.com\/et\/wp-json\/wp\/v2\/product_tag?post=853793"}],"curies":[{"name":"wp","href":"https:\/\/api.w.org\/{rel}","templated":true}]}}