{"id":852945,"date":"2025-06-11T23:03:44","date_gmt":"2025-06-11T20:03:44","guid":{"rendered":"https:\/\/nextsnkr.com\/product\/nike-pro-black-white\/"},"modified":"2026-01-30T17:41:50","modified_gmt":"2026-01-30T14:41:50","slug":"nike-pro-black-white","status":"publish","type":"product","link":"https:\/\/nextsnkr.com\/et\/toode\/nike-pro-black-white\/","title":{"rendered":"Nike Pro mustad \/ valged tossud-stiilsed nahast ja tekstiilist meeste tossud"},"content":{"rendered":"<h2>Nike Pro mustad \/ valged tossud-stiilsed nahast ja tekstiilist meeste tossud<\/h2>\n<p>Nike Pro Black \/ White tossud \u00fchendavad esmaklassilise mugavuse ja stiilse klassikalise disaini. Nahast ja tekstiilist pealsed tagavad vastupidavuse, ventilatsiooni ja mugava istuvuse, samas kui l\u00f6\u00f6ke neelav tald annab liikumise ajal pehmuse. Musta ja valge kontrastne kombinatsioon muudab mudeli mitmek\u00fclgseks igap\u00e4evaseks kandmiseks ja aktiivseks elustiiliks. Nike Pro Black \/ White on kindel valik stiili, mugavuse ja kvaliteedi jaoks.<\/p>\n","protected":false},"excerpt":{"rendered":"<p>Nike Pro Black \/ White tossud \u00fchendavad esmaklassilise mugavuse ja stiilse klassikalise disaini. Nahast ja tekstiilist pealsed tagavad vastupidavuse, ventilatsiooni ja mugava istuvuse, samas kui l\u00f6\u00f6ke neelav tald annab liikumise ajal pehmuse. Musta ja valge kontrastne kombinatsioon muudab mudeli mitmek\u00fclgseks igap\u00e4evaseks kandmiseks ja aktiivseks elustiiliks. Nike Pro Black \/ White on kindel valik stiili, mugavuse ja kvaliteedi jaoks.<\/p>\n","protected":false},"featured_media":852946,"comment_status":"open","ping_status":"open","template":"","meta":[],"product_brand":[],"product_cat":[3186,3187],"product_tag":[],"class_list":{"0":"post-852945","1":"product","2":"type-product","3":"status-publish","4":"has-post-thumbnail","6":"product_cat-all-product","7":"product_cat-krosivky","8":"pa_rozmir-910","9":"pa_rozmir-912","10":"pa_rozmir-914","11":"pa_rozmir-915","12":"pa_rozmir-916","13":"pa_rozmir-917","14":"pa_rozmir-918","15":"pa_rozmir-919","16":"pa_rozmir-920","17":"pa_rozmir-921","18":"pa_rozmir-922","20":"first","21":"instock","22":"purchasable","23":"product-type-variable"},"_links":{"self":[{"href":"https:\/\/nextsnkr.com\/et\/wp-json\/wp\/v2\/product\/852945","targetHints":{"allow":["GET"]}}],"collection":[{"href":"https:\/\/nextsnkr.com\/et\/wp-json\/wp\/v2\/product"}],"about":[{"href":"https:\/\/nextsnkr.com\/et\/wp-json\/wp\/v2\/types\/product"}],"replies":[{"embeddable":true,"href":"https:\/\/nextsnkr.com\/et\/wp-json\/wp\/v2\/comments?post=852945"}],"version-history":[{"count":0,"href":"https:\/\/nextsnkr.com\/et\/wp-json\/wp\/v2\/product\/852945\/revisions"}],"wp:featuredmedia":[{"embeddable":true,"href":"https:\/\/nextsnkr.com\/et\/wp-json\/wp\/v2\/media\/852946"}],"wp:attachment":[{"href":"https:\/\/nextsnkr.com\/et\/wp-json\/wp\/v2\/media?parent=852945"}],"wp:term":[{"taxonomy":"product_brand","embeddable":true,"href":"https:\/\/nextsnkr.com\/et\/wp-json\/wp\/v2\/product_brand?post=852945"},{"taxonomy":"product_cat","embeddable":true,"href":"https:\/\/nextsnkr.com\/et\/wp-json\/wp\/v2\/product_cat?post=852945"},{"taxonomy":"product_tag","embeddable":true,"href":"https:\/\/nextsnkr.com\/et\/wp-json\/wp\/v2\/product_tag?post=852945"}],"curies":[{"name":"wp","href":"https:\/\/api.w.org\/{rel}","templated":true}]}}