{"id":848863,"date":"2025-06-11T23:23:23","date_gmt":"2025-06-11T20:23:23","guid":{"rendered":"https:\/\/nextsnkr.com\/product\/miu-miu-white-sneakers\/"},"modified":"2026-01-30T17:38:49","modified_gmt":"2026-01-30T14:38:49","slug":"miu-miu-white-sneakers","status":"publish","type":"product","link":"https:\/\/nextsnkr.com\/et\/toode\/miu-miu-white-sneakers\/","title":{"rendered":"Miu Miu White Sneakers tossud-stiilne nahk igap\u00e4evaseks kandmiseks"},"content":{"rendered":"<h2>Miu Miu White Sneakers tossud-stiilne nahk igap\u00e4evaseks kandmiseks<\/h2>\n<p>Miu Miu White Sneakers on valmistatud kvaliteetsest nahast, mis tagab mugavuse, vastupidavuse ja elegantse v\u00e4limuse. Nende Valge disain on mitmek\u00fclgne ja sobib h\u00f5lpsalt mis tahes stiiliga, alates juhuslikust kuni sportlikuni. Ideaalne igap\u00e4evaseks kandmiseks, need tossud \u00fchendavad Miu Miu br\u00e4ndi esmaklassilise kvaliteedi ja moodsa moeilme, tuues esile teie stiili ja isikup\u00e4ra.<\/p>\n","protected":false},"excerpt":{"rendered":"<p>Miu Miu White Sneakers on valmistatud kvaliteetsest nahast, mis tagab mugavuse, vastupidavuse ja elegantse v\u00e4limuse. Nende Valge disain on mitmek\u00fclgne ja sobib h\u00f5lpsalt mis tahes stiiliga, alates juhuslikust kuni sportlikuni. Ideaalne igap\u00e4evaseks kandmiseks, need tossud \u00fchendavad Miu Miu br\u00e4ndi esmaklassilise kvaliteedi ja moodsa moeilme, tuues esile teie stiili ja isikup\u00e4ra.<\/p>\n","protected":false},"featured_media":848864,"comment_status":"open","ping_status":"open","template":"","meta":[],"product_brand":[],"product_cat":[3186,3187],"product_tag":[],"class_list":{"0":"post-848863","1":"product","2":"type-product","3":"status-publish","4":"has-post-thumbnail","6":"product_cat-all-product","7":"product_cat-krosivky","8":"pa_rozmir-910","9":"pa_rozmir-912","10":"pa_rozmir-914","11":"pa_rozmir-915","12":"pa_rozmir-916","13":"pa_rozmir-917","14":"pa_rozmir-918","15":"pa_rozmir-919","16":"pa_rozmir-920","17":"pa_rozmir-921","18":"pa_rozmir-922","20":"first","21":"onbackorder","22":"purchasable","23":"product-type-variable"},"_links":{"self":[{"href":"https:\/\/nextsnkr.com\/et\/wp-json\/wp\/v2\/product\/848863","targetHints":{"allow":["GET"]}}],"collection":[{"href":"https:\/\/nextsnkr.com\/et\/wp-json\/wp\/v2\/product"}],"about":[{"href":"https:\/\/nextsnkr.com\/et\/wp-json\/wp\/v2\/types\/product"}],"replies":[{"embeddable":true,"href":"https:\/\/nextsnkr.com\/et\/wp-json\/wp\/v2\/comments?post=848863"}],"version-history":[{"count":0,"href":"https:\/\/nextsnkr.com\/et\/wp-json\/wp\/v2\/product\/848863\/revisions"}],"wp:featuredmedia":[{"embeddable":true,"href":"https:\/\/nextsnkr.com\/et\/wp-json\/wp\/v2\/media\/848864"}],"wp:attachment":[{"href":"https:\/\/nextsnkr.com\/et\/wp-json\/wp\/v2\/media?parent=848863"}],"wp:term":[{"taxonomy":"product_brand","embeddable":true,"href":"https:\/\/nextsnkr.com\/et\/wp-json\/wp\/v2\/product_brand?post=848863"},{"taxonomy":"product_cat","embeddable":true,"href":"https:\/\/nextsnkr.com\/et\/wp-json\/wp\/v2\/product_cat?post=848863"},{"taxonomy":"product_tag","embeddable":true,"href":"https:\/\/nextsnkr.com\/et\/wp-json\/wp\/v2\/product_tag?post=848863"}],"curies":[{"name":"wp","href":"https:\/\/api.w.org\/{rel}","templated":true}]}}