{"id":846315,"date":"2025-06-11T23:29:32","date_gmt":"2025-06-11T20:29:32","guid":{"rendered":"https:\/\/nextsnkr.com\/product\/350-reflective-cinder-premium\/"},"modified":"2026-01-30T17:36:49","modified_gmt":"2026-01-30T14:36:49","slug":"350-reflective-cinder-premium","status":"publish","type":"product","link":"https:\/\/nextsnkr.com\/et\/toode\/350-reflective-cinder-premium\/","title":{"rendered":"Yeezy 350 Reflective Cinder Premium tossud-tekstiili peegeldav"},"content":{"rendered":"<h2>Yeezy 350 Reflective Cinder Premium tossud-tekstiili peegeldav<\/h2>\n<p>Yeezy 350 Reflective &#8216;Cinder&#8217; Premium tossud on valmistatud kvaliteetsetest tekstiilidest ja peegeldavatest materjalidest, et pakkuda pimedas mugavust, kergust ja n\u00e4htavust. Mudelil on stiilne minimalistlik disain, Elastne \u00fclaosa ja mugav tald, millel on suurep\u00e4rane pehmendus. Need Vietnamis toodetud tossud sobivad suurep\u00e4raselt igap\u00e4evaseks kandmiseks ja aktiivseks linnar\u00fctmiks. Valige Yeezy 350 Premium-kui kvaliteet, Stiil ja mugavus on olulised.<\/p>\n","protected":false},"excerpt":{"rendered":"<p>Yeezy 350 Reflective &#8216;Cinder&#8217; Premium tossud on valmistatud kvaliteetsetest tekstiilidest ja peegeldavatest materjalidest, et pakkuda pimedas mugavust, kergust ja n\u00e4htavust. Mudelil on stiilne minimalistlik disain, Elastne \u00fclaosa ja mugav tald, millel on suurep\u00e4rane pehmendus. Need Vietnamis toodetud tossud sobivad suurep\u00e4raselt igap\u00e4evaseks kandmiseks ja aktiivseks linnar\u00fctmiks. Valige Yeezy 350 Premium-kui kvaliteet, Stiil ja mugavus on olulised.<\/p>\n","protected":false},"featured_media":846316,"comment_status":"open","ping_status":"open","template":"","meta":[],"product_brand":[],"product_cat":[3395,3186,3187],"product_tag":[],"class_list":{"0":"post-846315","1":"product","2":"type-product","3":"status-publish","4":"has-post-thumbnail","6":"product_cat-adidas-yeezy","7":"product_cat-all-product","8":"product_cat-krosivky","9":"pa_rozmir-910","10":"pa_rozmir-912","11":"pa_rozmir-914","12":"pa_rozmir-915","13":"pa_rozmir-916","14":"pa_rozmir-917","15":"pa_rozmir-918","16":"pa_rozmir-919","17":"pa_rozmir-920","18":"pa_rozmir-921","19":"pa_rozmir-922","21":"first","22":"onbackorder","23":"purchasable","24":"product-type-variable"},"_links":{"self":[{"href":"https:\/\/nextsnkr.com\/et\/wp-json\/wp\/v2\/product\/846315","targetHints":{"allow":["GET"]}}],"collection":[{"href":"https:\/\/nextsnkr.com\/et\/wp-json\/wp\/v2\/product"}],"about":[{"href":"https:\/\/nextsnkr.com\/et\/wp-json\/wp\/v2\/types\/product"}],"replies":[{"embeddable":true,"href":"https:\/\/nextsnkr.com\/et\/wp-json\/wp\/v2\/comments?post=846315"}],"version-history":[{"count":0,"href":"https:\/\/nextsnkr.com\/et\/wp-json\/wp\/v2\/product\/846315\/revisions"}],"wp:featuredmedia":[{"embeddable":true,"href":"https:\/\/nextsnkr.com\/et\/wp-json\/wp\/v2\/media\/846316"}],"wp:attachment":[{"href":"https:\/\/nextsnkr.com\/et\/wp-json\/wp\/v2\/media?parent=846315"}],"wp:term":[{"taxonomy":"product_brand","embeddable":true,"href":"https:\/\/nextsnkr.com\/et\/wp-json\/wp\/v2\/product_brand?post=846315"},{"taxonomy":"product_cat","embeddable":true,"href":"https:\/\/nextsnkr.com\/et\/wp-json\/wp\/v2\/product_cat?post=846315"},{"taxonomy":"product_tag","embeddable":true,"href":"https:\/\/nextsnkr.com\/et\/wp-json\/wp\/v2\/product_tag?post=846315"}],"curies":[{"name":"wp","href":"https:\/\/api.w.org\/{rel}","templated":true}]}}