{"id":844113,"date":"2025-06-12T08:40:23","date_gmt":"2025-06-12T05:40:23","guid":{"rendered":"https:\/\/nextsnkr.com\/product\/jadon-mono-black\/"},"modified":"2026-01-30T17:35:02","modified_gmt":"2026-01-30T14:35:02","slug":"jadon-mono-black","status":"publish","type":"product","link":"https:\/\/nextsnkr.com\/et\/toode\/jadon-mono-black\/","title":{"rendered":"Jadon Mono mustad nahast saapad stiilse ja usaldusv\u00e4\u00e4rse v\u00e4ljan\u00e4gemise jaoks"},"content":{"rendered":"<h2>Jadon Mono mustad nahast saapad stiilse ja usaldusv\u00e4\u00e4rse v\u00e4ljan\u00e4gemise jaoks<\/h2>\n<p>Jadon Mono Black saapad on valmistatud kvaliteetsest nahast Vietnamis, \u00fchendades vastupidavuse ja mugavuse. Klassikaline must disain muudab need mitmek\u00fclgseks igas stiilis ja igap\u00e4evaseks kandmiseks. Usaldusv\u00e4\u00e4rne tald tagab stabiilsuse ja l\u00e4bim\u00f5eldud disain pakub k\u00f5ndimisel mugavust. Valige Jadon Mono Black, et \u00fchendada oma garderoobis elegants, vastupidavus ja kaasaegne stiil.<\/p>\n","protected":false},"excerpt":{"rendered":"<p>Jadon Mono Black saapad on valmistatud kvaliteetsest nahast Vietnamis, \u00fchendades vastupidavuse ja mugavuse. Klassikaline must disain muudab need mitmek\u00fclgseks igas stiilis ja igap\u00e4evaseks kandmiseks. Usaldusv\u00e4\u00e4rne tald tagab stabiilsuse ja l\u00e4bim\u00f5eldud disain pakub k\u00f5ndimisel mugavust. Valige Jadon Mono Black, et \u00fchendada oma garderoobis elegants, vastupidavus ja kaasaegne stiil.<\/p>\n","protected":false},"featured_media":844114,"comment_status":"open","ping_status":"open","template":"","meta":[],"product_brand":[],"product_cat":[3186,3330],"product_tag":[],"class_list":{"0":"post-844113","1":"product","2":"type-product","3":"status-publish","4":"has-post-thumbnail","6":"product_cat-all-product","7":"product_cat-cherevyky","8":"pa_rozmir-910","9":"pa_rozmir-912","10":"pa_rozmir-914","11":"pa_rozmir-915","12":"pa_rozmir-916","13":"pa_rozmir-917","14":"pa_rozmir-918","15":"pa_rozmir-919","16":"pa_rozmir-920","17":"pa_rozmir-921","18":"pa_rozmir-922","20":"first","21":"instock","22":"purchasable","23":"product-type-variable"},"_links":{"self":[{"href":"https:\/\/nextsnkr.com\/et\/wp-json\/wp\/v2\/product\/844113","targetHints":{"allow":["GET"]}}],"collection":[{"href":"https:\/\/nextsnkr.com\/et\/wp-json\/wp\/v2\/product"}],"about":[{"href":"https:\/\/nextsnkr.com\/et\/wp-json\/wp\/v2\/types\/product"}],"replies":[{"embeddable":true,"href":"https:\/\/nextsnkr.com\/et\/wp-json\/wp\/v2\/comments?post=844113"}],"version-history":[{"count":0,"href":"https:\/\/nextsnkr.com\/et\/wp-json\/wp\/v2\/product\/844113\/revisions"}],"wp:featuredmedia":[{"embeddable":true,"href":"https:\/\/nextsnkr.com\/et\/wp-json\/wp\/v2\/media\/844114"}],"wp:attachment":[{"href":"https:\/\/nextsnkr.com\/et\/wp-json\/wp\/v2\/media?parent=844113"}],"wp:term":[{"taxonomy":"product_brand","embeddable":true,"href":"https:\/\/nextsnkr.com\/et\/wp-json\/wp\/v2\/product_brand?post=844113"},{"taxonomy":"product_cat","embeddable":true,"href":"https:\/\/nextsnkr.com\/et\/wp-json\/wp\/v2\/product_cat?post=844113"},{"taxonomy":"product_tag","embeddable":true,"href":"https:\/\/nextsnkr.com\/et\/wp-json\/wp\/v2\/product_tag?post=844113"}],"curies":[{"name":"wp","href":"https:\/\/api.w.org\/{rel}","templated":true}]}}