{"id":843943,"date":"2025-06-12T08:40:46","date_gmt":"2025-06-12T05:40:46","guid":{"rendered":"https:\/\/nextsnkr.com\/product\/classic-black\/"},"modified":"2026-01-30T17:34:57","modified_gmt":"2026-01-30T14:34:57","slug":"classic-black","status":"publish","type":"product","link":"https:\/\/nextsnkr.com\/et\/toode\/classic-black\/","title":{"rendered":"Klassikalised mustad nahast saapad stiilseks ja mugavaks kandmiseks"},"content":{"rendered":"<h2>Klassikalised mustad nahast saapad stiilseks ja mugavaks kandmiseks<\/h2>\n<p>Classic Black saapad on valmistatud ehtsast nahast Vietnamis, mis tagab vastupidavuse ja mugavuse kogu p\u00e4eva v\u00e4ltel. Klassikaline must disain sobib igap\u00e4evaseks kasutamiseks ja erilistel puhkudel. Tugev tald ja l\u00e4bim\u00f5eldud disain tagavad mugavuse k\u00f5ndimisel. Hankige Classic Black nahast saapad ja lisage oma garderoobi stiil, kvaliteet ja t\u00f6\u00f6kindlus.<\/p>\n","protected":false},"excerpt":{"rendered":"<p>Classic Black saapad on valmistatud ehtsast nahast Vietnamis, mis tagab vastupidavuse ja mugavuse kogu p\u00e4eva v\u00e4ltel. Klassikaline must disain sobib igap\u00e4evaseks kasutamiseks ja erilistel puhkudel. Tugev tald ja l\u00e4bim\u00f5eldud disain tagavad mugavuse k\u00f5ndimisel. Hankige Classic Black nahast saapad ja lisage oma garderoobi stiil, kvaliteet ja t\u00f6\u00f6kindlus.<\/p>\n","protected":false},"featured_media":843944,"comment_status":"open","ping_status":"open","template":"","meta":[],"product_brand":[],"product_cat":[3186,3330],"product_tag":[],"class_list":{"0":"post-843943","1":"product","2":"type-product","3":"status-publish","4":"has-post-thumbnail","6":"product_cat-all-product","7":"product_cat-cherevyky","8":"pa_rozmir-910","9":"pa_rozmir-912","10":"pa_rozmir-914","11":"pa_rozmir-915","12":"pa_rozmir-916","13":"pa_rozmir-917","14":"pa_rozmir-918","15":"pa_rozmir-919","16":"pa_rozmir-920","17":"pa_rozmir-921","18":"pa_rozmir-922","20":"first","21":"onbackorder","22":"purchasable","23":"product-type-variable"},"_links":{"self":[{"href":"https:\/\/nextsnkr.com\/et\/wp-json\/wp\/v2\/product\/843943","targetHints":{"allow":["GET"]}}],"collection":[{"href":"https:\/\/nextsnkr.com\/et\/wp-json\/wp\/v2\/product"}],"about":[{"href":"https:\/\/nextsnkr.com\/et\/wp-json\/wp\/v2\/types\/product"}],"replies":[{"embeddable":true,"href":"https:\/\/nextsnkr.com\/et\/wp-json\/wp\/v2\/comments?post=843943"}],"version-history":[{"count":0,"href":"https:\/\/nextsnkr.com\/et\/wp-json\/wp\/v2\/product\/843943\/revisions"}],"wp:featuredmedia":[{"embeddable":true,"href":"https:\/\/nextsnkr.com\/et\/wp-json\/wp\/v2\/media\/843944"}],"wp:attachment":[{"href":"https:\/\/nextsnkr.com\/et\/wp-json\/wp\/v2\/media?parent=843943"}],"wp:term":[{"taxonomy":"product_brand","embeddable":true,"href":"https:\/\/nextsnkr.com\/et\/wp-json\/wp\/v2\/product_brand?post=843943"},{"taxonomy":"product_cat","embeddable":true,"href":"https:\/\/nextsnkr.com\/et\/wp-json\/wp\/v2\/product_cat?post=843943"},{"taxonomy":"product_tag","embeddable":true,"href":"https:\/\/nextsnkr.com\/et\/wp-json\/wp\/v2\/product_tag?post=843943"}],"curies":[{"name":"wp","href":"https:\/\/api.w.org\/{rel}","templated":true}]}}