{"id":842755,"date":"2025-06-12T08:44:44","date_gmt":"2025-06-12T05:44:44","guid":{"rendered":"https:\/\/nextsnkr.com\/product\/handball-spezial-pink\/"},"modified":"2026-01-30T17:34:07","modified_gmt":"2026-01-30T14:34:07","slug":"handball-spezial-pink","status":"publish","type":"product","link":"https:\/\/nextsnkr.com\/et\/toode\/handball-spezial-pink\/","title":{"rendered":"Handball Spezial Pink Suede tossud s\u00e4rava ja stiilse v\u00e4limuse jaoks"},"content":{"rendered":"<h2>Handball Spezial Pink Suede tossud s\u00e4rava ja stiilse v\u00e4limuse jaoks<\/h2>\n<p>Handball Spezial Pink tossud on valmistatud kvaliteetsest seemisnahast Vietnamis. Kerged ja mugavad, pakuvad mugavust igap\u00e4evaseks kandmiseks ja aktiivseks puhkamiseks. Elav roosa v\u00e4rv r\u00f5hutab isikup\u00e4ra ja lisab teie v\u00e4limusele originaalsust. Valige Handball Spezial Pink tossud, et \u00fchendada oma garderoobis trendikas disain, kvaliteet ja praktilisus.<\/p>\n","protected":false},"excerpt":{"rendered":"<p>Handball Spezial Pink tossud on valmistatud kvaliteetsest seemisnahast Vietnamis. Kerged ja mugavad, pakuvad mugavust igap\u00e4evaseks kandmiseks ja aktiivseks puhkamiseks. Elav roosa v\u00e4rv r\u00f5hutab isikup\u00e4ra ja lisab teie v\u00e4limusele originaalsust. Valige Handball Spezial Pink tossud, et \u00fchendada oma garderoobis trendikas disain, kvaliteet ja praktilisus.<\/p>\n","protected":false},"featured_media":842756,"comment_status":"open","ping_status":"open","template":"","meta":[],"product_brand":[],"product_cat":[3186,3317],"product_tag":[],"class_list":{"0":"post-842755","1":"product","2":"type-product","3":"status-publish","4":"has-post-thumbnail","6":"product_cat-all-product","7":"product_cat-kedy","8":"pa_rozmir-910","9":"pa_rozmir-912","10":"pa_rozmir-914","11":"pa_rozmir-915","12":"pa_rozmir-916","13":"pa_rozmir-917","14":"pa_rozmir-918","15":"pa_rozmir-919","16":"pa_rozmir-920","17":"pa_rozmir-921","18":"pa_rozmir-922","20":"first","21":"instock","22":"purchasable","23":"product-type-variable"},"_links":{"self":[{"href":"https:\/\/nextsnkr.com\/et\/wp-json\/wp\/v2\/product\/842755","targetHints":{"allow":["GET"]}}],"collection":[{"href":"https:\/\/nextsnkr.com\/et\/wp-json\/wp\/v2\/product"}],"about":[{"href":"https:\/\/nextsnkr.com\/et\/wp-json\/wp\/v2\/types\/product"}],"replies":[{"embeddable":true,"href":"https:\/\/nextsnkr.com\/et\/wp-json\/wp\/v2\/comments?post=842755"}],"version-history":[{"count":0,"href":"https:\/\/nextsnkr.com\/et\/wp-json\/wp\/v2\/product\/842755\/revisions"}],"wp:featuredmedia":[{"embeddable":true,"href":"https:\/\/nextsnkr.com\/et\/wp-json\/wp\/v2\/media\/842756"}],"wp:attachment":[{"href":"https:\/\/nextsnkr.com\/et\/wp-json\/wp\/v2\/media?parent=842755"}],"wp:term":[{"taxonomy":"product_brand","embeddable":true,"href":"https:\/\/nextsnkr.com\/et\/wp-json\/wp\/v2\/product_brand?post=842755"},{"taxonomy":"product_cat","embeddable":true,"href":"https:\/\/nextsnkr.com\/et\/wp-json\/wp\/v2\/product_cat?post=842755"},{"taxonomy":"product_tag","embeddable":true,"href":"https:\/\/nextsnkr.com\/et\/wp-json\/wp\/v2\/product_tag?post=842755"}],"curies":[{"name":"wp","href":"https:\/\/api.w.org\/{rel}","templated":true}]}}