{"id":840887,"date":"2025-06-12T08:50:10","date_gmt":"2025-06-12T05:50:10","guid":{"rendered":"https:\/\/nextsnkr.com\/product\/bad-bunny-campus-pink-white-sole\/"},"modified":"2026-01-30T17:32:40","modified_gmt":"2026-01-30T14:32:40","slug":"bad-bunny-campus-pink-white-sole","status":"publish","type":"product","link":"https:\/\/nextsnkr.com\/et\/toode\/bad-bunny-campus-pink-white-sole\/","title":{"rendered":"Bad Bunny Campus Pink tossud valge seemisnahast tallaga stiili jaoks"},"content":{"rendered":"<h2>Bad Bunny Campus Pink tossud valge seemisnahast tallaga stiili jaoks<\/h2>\n<p>Bad Bunny Campus Pink \/ White Sole tossud on valmistatud Vietnamis kvaliteetsest seemisnahast. Kerged ja mugavad, pakuvad mugavust igap\u00e4evaseks kandmiseks ja aktiivseks puhkamiseks. Hele roosa v\u00e4rv koos valge tallaga lisab teie v\u00e4limusele v\u00e4rskust ja isikup\u00e4ra. Valige Bad Bunny Campus Pink tossud, et \u00fchendada trendikas disain, praktilisus ja k\u00f5rge kvaliteet.<\/p>\n","protected":false},"excerpt":{"rendered":"<p>Bad Bunny Campus Pink \/ White Sole tossud on valmistatud Vietnamis kvaliteetsest seemisnahast. Kerged ja mugavad, pakuvad mugavust igap\u00e4evaseks kandmiseks ja aktiivseks puhkamiseks. Hele roosa v\u00e4rv koos valge tallaga lisab teie v\u00e4limusele v\u00e4rskust ja isikup\u00e4ra. Valige Bad Bunny Campus Pink tossud, et \u00fchendada trendikas disain, praktilisus ja k\u00f5rge kvaliteet.<\/p>\n","protected":false},"featured_media":840888,"comment_status":"open","ping_status":"open","template":"","meta":[],"product_brand":[],"product_cat":[3186,3317],"product_tag":[],"class_list":{"0":"post-840887","1":"product","2":"type-product","3":"status-publish","4":"has-post-thumbnail","6":"product_cat-all-product","7":"product_cat-kedy","8":"pa_rozmir-910","9":"pa_rozmir-912","10":"pa_rozmir-914","11":"pa_rozmir-915","12":"pa_rozmir-916","13":"pa_rozmir-917","14":"pa_rozmir-918","15":"pa_rozmir-919","16":"pa_rozmir-920","17":"pa_rozmir-921","18":"pa_rozmir-922","20":"first","21":"onbackorder","22":"purchasable","23":"product-type-variable"},"_links":{"self":[{"href":"https:\/\/nextsnkr.com\/et\/wp-json\/wp\/v2\/product\/840887","targetHints":{"allow":["GET"]}}],"collection":[{"href":"https:\/\/nextsnkr.com\/et\/wp-json\/wp\/v2\/product"}],"about":[{"href":"https:\/\/nextsnkr.com\/et\/wp-json\/wp\/v2\/types\/product"}],"replies":[{"embeddable":true,"href":"https:\/\/nextsnkr.com\/et\/wp-json\/wp\/v2\/comments?post=840887"}],"version-history":[{"count":0,"href":"https:\/\/nextsnkr.com\/et\/wp-json\/wp\/v2\/product\/840887\/revisions"}],"wp:featuredmedia":[{"embeddable":true,"href":"https:\/\/nextsnkr.com\/et\/wp-json\/wp\/v2\/media\/840888"}],"wp:attachment":[{"href":"https:\/\/nextsnkr.com\/et\/wp-json\/wp\/v2\/media?parent=840887"}],"wp:term":[{"taxonomy":"product_brand","embeddable":true,"href":"https:\/\/nextsnkr.com\/et\/wp-json\/wp\/v2\/product_brand?post=840887"},{"taxonomy":"product_cat","embeddable":true,"href":"https:\/\/nextsnkr.com\/et\/wp-json\/wp\/v2\/product_cat?post=840887"},{"taxonomy":"product_tag","embeddable":true,"href":"https:\/\/nextsnkr.com\/et\/wp-json\/wp\/v2\/product_tag?post=840887"}],"curies":[{"name":"wp","href":"https:\/\/api.w.org\/{rel}","templated":true}]}}