{"id":839870,"date":"2025-06-12T08:53:51","date_gmt":"2025-06-12T05:53:51","guid":{"rendered":"https:\/\/nextsnkr.com\/product\/shox-tl-black-grey\/"},"modified":"2026-01-30T17:31:54","modified_gmt":"2026-01-30T14:31:54","slug":"shox-tl-black-grey","status":"publish","type":"product","link":"https:\/\/nextsnkr.com\/et\/toode\/shox-tl-black-grey\/","title":{"rendered":"Shox TL mustad \/ hallid tekstiilist tossud sportimiseks ja igap\u00e4evaseks kandmiseks"},"content":{"rendered":"<h2>Shox TL mustad \/ hallid tekstiilist tossud sportimiseks ja igap\u00e4evaseks kandmiseks<\/h2>\n<p>Shox TL Black \/ Grey tossud on valmistatud vastupidavast Vietnami tekstiilist, mis \u00fchendab stiilse disaini ja mugavuse. Kerge disain pakub mugavust treenimiseks ja igap\u00e4evaseks kandmiseks, samas kui must ja Hall v\u00e4rviaktsent lisab v\u00e4limusele modernsust ja d\u00fcnaamilisust. Valige shox TL black \/ Grey tossud, et \u00fchendada oma garderoobis k\u00f5rge kvaliteet, t\u00f6\u00f6kindlus ja trendikas stiil.<\/p>\n","protected":false},"excerpt":{"rendered":"<p>Shox TL Black \/ Grey tossud on valmistatud vastupidavast Vietnami tekstiilist, mis \u00fchendab stiilse disaini ja mugavuse. Kerge disain pakub mugavust treenimiseks ja igap\u00e4evaseks kandmiseks, samas kui must ja Hall v\u00e4rviaktsent lisab v\u00e4limusele modernsust ja d\u00fcnaamilisust. Valige shox TL black \/ Grey tossud, et \u00fchendada oma garderoobis k\u00f5rge kvaliteet, t\u00f6\u00f6kindlus ja trendikas stiil.<\/p>\n","protected":false},"featured_media":839871,"comment_status":"open","ping_status":"open","template":"","meta":[],"product_brand":[],"product_cat":[3186,3187],"product_tag":[],"class_list":{"0":"post-839870","1":"product","2":"type-product","3":"status-publish","4":"has-post-thumbnail","6":"product_cat-all-product","7":"product_cat-krosivky","8":"pa_rozmir-910","9":"pa_rozmir-912","10":"pa_rozmir-914","11":"pa_rozmir-915","12":"pa_rozmir-916","13":"pa_rozmir-917","14":"pa_rozmir-918","15":"pa_rozmir-919","16":"pa_rozmir-920","17":"pa_rozmir-921","18":"pa_rozmir-922","20":"first","21":"onbackorder","22":"purchasable","23":"product-type-variable"},"_links":{"self":[{"href":"https:\/\/nextsnkr.com\/et\/wp-json\/wp\/v2\/product\/839870","targetHints":{"allow":["GET"]}}],"collection":[{"href":"https:\/\/nextsnkr.com\/et\/wp-json\/wp\/v2\/product"}],"about":[{"href":"https:\/\/nextsnkr.com\/et\/wp-json\/wp\/v2\/types\/product"}],"replies":[{"embeddable":true,"href":"https:\/\/nextsnkr.com\/et\/wp-json\/wp\/v2\/comments?post=839870"}],"version-history":[{"count":0,"href":"https:\/\/nextsnkr.com\/et\/wp-json\/wp\/v2\/product\/839870\/revisions"}],"wp:featuredmedia":[{"embeddable":true,"href":"https:\/\/nextsnkr.com\/et\/wp-json\/wp\/v2\/media\/839871"}],"wp:attachment":[{"href":"https:\/\/nextsnkr.com\/et\/wp-json\/wp\/v2\/media?parent=839870"}],"wp:term":[{"taxonomy":"product_brand","embeddable":true,"href":"https:\/\/nextsnkr.com\/et\/wp-json\/wp\/v2\/product_brand?post=839870"},{"taxonomy":"product_cat","embeddable":true,"href":"https:\/\/nextsnkr.com\/et\/wp-json\/wp\/v2\/product_cat?post=839870"},{"taxonomy":"product_tag","embeddable":true,"href":"https:\/\/nextsnkr.com\/et\/wp-json\/wp\/v2\/product_tag?post=839870"}],"curies":[{"name":"wp","href":"https:\/\/api.w.org\/{rel}","templated":true}]}}