{"id":838839,"date":"2025-06-12T08:57:12","date_gmt":"2025-06-12T05:57:12","guid":{"rendered":"https:\/\/nextsnkr.com\/product\/shox-tl-silver\/"},"modified":"2026-01-30T17:31:09","modified_gmt":"2026-01-30T14:31:09","slug":"shox-tl-silver","status":"publish","type":"product","link":"https:\/\/nextsnkr.com\/et\/toode\/shox-tl-silver\/","title":{"rendered":"Shox TL Silver tekstiilist tossud sportimiseks ja igap\u00e4evaseks kandmiseks"},"content":{"rendered":"<h2>Shox TL Silver tekstiilist tossud sportimiseks ja igap\u00e4evaseks kandmiseks<\/h2>\n<p>Shox TL Silver tossud on valmistatud vastupidavast tekstiilist Vietnamis. Kerge konstruktsioon ja polsterdustald pakuvad mugavust ja tuge aktiivse puhkuse ja igap\u00e4evase kandmise ajal. H\u00f5bedane v\u00e4rv lisab igale v\u00e4limusele kaasaegse ilme ja mitmek\u00fclgsuse. Valige shox TL Silver tossud, et \u00fchendada oma garderoobis stiilne disain, K\u00f5rge kvaliteet ja praktilisus.<\/p>\n","protected":false},"excerpt":{"rendered":"<p>Shox TL Silver tossud on valmistatud vastupidavast tekstiilist Vietnamis. Kerge konstruktsioon ja polsterdustald pakuvad mugavust ja tuge aktiivse puhkuse ja igap\u00e4evase kandmise ajal. H\u00f5bedane v\u00e4rv lisab igale v\u00e4limusele kaasaegse ilme ja mitmek\u00fclgsuse. Valige shox TL Silver tossud, et \u00fchendada oma garderoobis stiilne disain, K\u00f5rge kvaliteet ja praktilisus.<\/p>\n","protected":false},"featured_media":838840,"comment_status":"open","ping_status":"open","template":"","meta":[],"product_brand":[],"product_cat":[3186,3187],"product_tag":[],"class_list":{"0":"post-838839","1":"product","2":"type-product","3":"status-publish","4":"has-post-thumbnail","6":"product_cat-all-product","7":"product_cat-krosivky","8":"pa_rozmir-910","9":"pa_rozmir-912","10":"pa_rozmir-914","11":"pa_rozmir-915","12":"pa_rozmir-916","13":"pa_rozmir-917","14":"pa_rozmir-918","15":"pa_rozmir-919","16":"pa_rozmir-920","17":"pa_rozmir-921","18":"pa_rozmir-922","20":"first","21":"onbackorder","22":"purchasable","23":"product-type-variable"},"_links":{"self":[{"href":"https:\/\/nextsnkr.com\/et\/wp-json\/wp\/v2\/product\/838839","targetHints":{"allow":["GET"]}}],"collection":[{"href":"https:\/\/nextsnkr.com\/et\/wp-json\/wp\/v2\/product"}],"about":[{"href":"https:\/\/nextsnkr.com\/et\/wp-json\/wp\/v2\/types\/product"}],"replies":[{"embeddable":true,"href":"https:\/\/nextsnkr.com\/et\/wp-json\/wp\/v2\/comments?post=838839"}],"version-history":[{"count":0,"href":"https:\/\/nextsnkr.com\/et\/wp-json\/wp\/v2\/product\/838839\/revisions"}],"wp:featuredmedia":[{"embeddable":true,"href":"https:\/\/nextsnkr.com\/et\/wp-json\/wp\/v2\/media\/838840"}],"wp:attachment":[{"href":"https:\/\/nextsnkr.com\/et\/wp-json\/wp\/v2\/media?parent=838839"}],"wp:term":[{"taxonomy":"product_brand","embeddable":true,"href":"https:\/\/nextsnkr.com\/et\/wp-json\/wp\/v2\/product_brand?post=838839"},{"taxonomy":"product_cat","embeddable":true,"href":"https:\/\/nextsnkr.com\/et\/wp-json\/wp\/v2\/product_cat?post=838839"},{"taxonomy":"product_tag","embeddable":true,"href":"https:\/\/nextsnkr.com\/et\/wp-json\/wp\/v2\/product_tag?post=838839"}],"curies":[{"name":"wp","href":"https:\/\/api.w.org\/{rel}","templated":true}]}}