{"id":838500,"date":"2025-06-12T08:58:27","date_gmt":"2025-06-12T05:58:27","guid":{"rendered":"https:\/\/nextsnkr.com\/product\/air-max-tn-volt-purple\/"},"modified":"2026-01-30T17:30:51","modified_gmt":"2026-01-30T14:30:51","slug":"air-max-tn-volt-purple","status":"publish","type":"product","link":"https:\/\/nextsnkr.com\/et\/toode\/air-max-tn-volt-purple\/","title":{"rendered":"Air Max TN Volt Purple tekstiilist tossud spordi ja linna jaoks"},"content":{"rendered":"<h2>Air Max TN Volt Purple tekstiilist tossud spordi ja linna jaoks<\/h2>\n<p>Air Max TN Volt Purple tossud on valmistatud vastupidavast tekstiilist Hiinas, \u00fchendades stiilse disaini ja mugavuse igap\u00e4evaseks kandmiseks. Elav lilla v\u00e4rv r\u00f5hutab isikup\u00e4ra, samas kui pehmendav tald pakub treeningute ja jalutusk\u00e4ikude ajal kergust ja tuge. Valige Air Max TN Volt Purple aktiivse ja trendika elustiili jaoks.<\/p>\n","protected":false},"excerpt":{"rendered":"<p>Air Max TN Volt Purple tossud on valmistatud vastupidavast tekstiilist Hiinas, \u00fchendades stiilse disaini ja mugavuse igap\u00e4evaseks kandmiseks. Elav lilla v\u00e4rv r\u00f5hutab isikup\u00e4ra, samas kui pehmendav tald pakub treeningute ja jalutusk\u00e4ikude ajal kergust ja tuge. Valige Air Max TN Volt Purple aktiivse ja trendika elustiili jaoks.<\/p>\n","protected":false},"featured_media":838501,"comment_status":"open","ping_status":"open","template":"","meta":[],"product_brand":[],"product_cat":[3186,3187],"product_tag":[],"class_list":{"0":"post-838500","1":"product","2":"type-product","3":"status-publish","4":"has-post-thumbnail","6":"product_cat-all-product","7":"product_cat-krosivky","8":"pa_rozmir-910","9":"pa_rozmir-912","10":"pa_rozmir-914","11":"pa_rozmir-915","12":"pa_rozmir-916","13":"pa_rozmir-917","14":"pa_rozmir-918","15":"pa_rozmir-919","16":"pa_rozmir-920","17":"pa_rozmir-921","18":"pa_rozmir-922","20":"first","21":"onbackorder","22":"purchasable","23":"product-type-variable"},"_links":{"self":[{"href":"https:\/\/nextsnkr.com\/et\/wp-json\/wp\/v2\/product\/838500","targetHints":{"allow":["GET"]}}],"collection":[{"href":"https:\/\/nextsnkr.com\/et\/wp-json\/wp\/v2\/product"}],"about":[{"href":"https:\/\/nextsnkr.com\/et\/wp-json\/wp\/v2\/types\/product"}],"replies":[{"embeddable":true,"href":"https:\/\/nextsnkr.com\/et\/wp-json\/wp\/v2\/comments?post=838500"}],"version-history":[{"count":0,"href":"https:\/\/nextsnkr.com\/et\/wp-json\/wp\/v2\/product\/838500\/revisions"}],"wp:featuredmedia":[{"embeddable":true,"href":"https:\/\/nextsnkr.com\/et\/wp-json\/wp\/v2\/media\/838501"}],"wp:attachment":[{"href":"https:\/\/nextsnkr.com\/et\/wp-json\/wp\/v2\/media?parent=838500"}],"wp:term":[{"taxonomy":"product_brand","embeddable":true,"href":"https:\/\/nextsnkr.com\/et\/wp-json\/wp\/v2\/product_brand?post=838500"},{"taxonomy":"product_cat","embeddable":true,"href":"https:\/\/nextsnkr.com\/et\/wp-json\/wp\/v2\/product_cat?post=838500"},{"taxonomy":"product_tag","embeddable":true,"href":"https:\/\/nextsnkr.com\/et\/wp-json\/wp\/v2\/product_tag?post=838500"}],"curies":[{"name":"wp","href":"https:\/\/api.w.org\/{rel}","templated":true}]}}