{"id":837820,"date":"2025-06-12T09:00:37","date_gmt":"2025-06-12T06:00:37","guid":{"rendered":"https:\/\/nextsnkr.com\/product\/max-portal-white\/"},"modified":"2026-01-30T17:30:25","modified_gmt":"2026-01-30T14:30:25","slug":"max-portal-white","status":"publish","type":"product","link":"https:\/\/nextsnkr.com\/et\/toode\/max-portal-white\/","title":{"rendered":"Max Portal white tekstiilist tossud sportimiseks ja igap\u00e4evaseks kandmiseks"},"content":{"rendered":"<h2>Max Portal white tekstiilist tossud sportimiseks ja igap\u00e4evaseks kandmiseks<\/h2>\n<p>Max Portal White tossud \u00fchendavad stiilse disaini ja mugavuse aktiivseks eluks. Kvaliteetsest tekstiilist pealmine osa tagab ventilatsiooni, samas kui kerge polsterdustald toetab jalga treeningute ja jalutusk\u00e4ikude ajal. Hiinas toodetud tossud on kindel valik sportimiseks ja igap\u00e4evaseks kasutamiseks, r\u00f5hutades teie kaasaegset stiili.<\/p>\n","protected":false},"excerpt":{"rendered":"<p>Max Portal White tossud \u00fchendavad stiilse disaini ja mugavuse aktiivseks eluks. Kvaliteetsest tekstiilist pealmine osa tagab ventilatsiooni, samas kui kerge polsterdustald toetab jalga treeningute ja jalutusk\u00e4ikude ajal. Hiinas toodetud tossud on kindel valik sportimiseks ja igap\u00e4evaseks kasutamiseks, r\u00f5hutades teie kaasaegset stiili.<\/p>\n","protected":false},"featured_media":837821,"comment_status":"open","ping_status":"open","template":"","meta":[],"product_brand":[],"product_cat":[3186,3187],"product_tag":[],"class_list":{"0":"post-837820","1":"product","2":"type-product","3":"status-publish","4":"has-post-thumbnail","6":"product_cat-all-product","7":"product_cat-krosivky","8":"pa_rozmir-910","9":"pa_rozmir-912","10":"pa_rozmir-914","11":"pa_rozmir-915","12":"pa_rozmir-916","13":"pa_rozmir-917","14":"pa_rozmir-918","15":"pa_rozmir-919","16":"pa_rozmir-920","17":"pa_rozmir-921","18":"pa_rozmir-922","20":"first","21":"instock","22":"purchasable","23":"product-type-variable"},"_links":{"self":[{"href":"https:\/\/nextsnkr.com\/et\/wp-json\/wp\/v2\/product\/837820","targetHints":{"allow":["GET"]}}],"collection":[{"href":"https:\/\/nextsnkr.com\/et\/wp-json\/wp\/v2\/product"}],"about":[{"href":"https:\/\/nextsnkr.com\/et\/wp-json\/wp\/v2\/types\/product"}],"replies":[{"embeddable":true,"href":"https:\/\/nextsnkr.com\/et\/wp-json\/wp\/v2\/comments?post=837820"}],"version-history":[{"count":0,"href":"https:\/\/nextsnkr.com\/et\/wp-json\/wp\/v2\/product\/837820\/revisions"}],"wp:featuredmedia":[{"embeddable":true,"href":"https:\/\/nextsnkr.com\/et\/wp-json\/wp\/v2\/media\/837821"}],"wp:attachment":[{"href":"https:\/\/nextsnkr.com\/et\/wp-json\/wp\/v2\/media?parent=837820"}],"wp:term":[{"taxonomy":"product_brand","embeddable":true,"href":"https:\/\/nextsnkr.com\/et\/wp-json\/wp\/v2\/product_brand?post=837820"},{"taxonomy":"product_cat","embeddable":true,"href":"https:\/\/nextsnkr.com\/et\/wp-json\/wp\/v2\/product_cat?post=837820"},{"taxonomy":"product_tag","embeddable":true,"href":"https:\/\/nextsnkr.com\/et\/wp-json\/wp\/v2\/product_tag?post=837820"}],"curies":[{"name":"wp","href":"https:\/\/api.w.org\/{rel}","templated":true}]}}