{"id":837480,"date":"2025-06-12T09:01:52","date_gmt":"2025-06-12T06:01:52","guid":{"rendered":"https:\/\/nextsnkr.com\/product\/vista-lite-white\/"},"modified":"2026-01-30T17:30:06","modified_gmt":"2026-01-30T14:30:06","slug":"vista-lite-white","status":"publish","type":"product","link":"https:\/\/nextsnkr.com\/et\/toode\/vista-lite-white\/","title":{"rendered":"Tossud Vista Lite White Tekstiil ja nailon sportimiseks"},"content":{"rendered":"<h2>Tossud Vista Lite White Tekstiil ja nailon sportimiseks<\/h2>\n<p>Vista Lite white tossud on valmistatud tekstiili ja nailoni kombinatsioonist kerguse ja hingavuse tagamiseks. Mudel pakub mugavust treeningu ja igap\u00e4evase kandmise ajal, usaldusv\u00e4\u00e4rset jalatuge ja stiilset kaasaegset v\u00e4limust. Vietnamis toodetud tossud sobivad ideaalselt sportimiseks, v\u00e4litegevuseks ja igap\u00e4evaseks kasutamiseks, \u00fchendades kvaliteedi ja vastupidavuse.<\/p>\n","protected":false},"excerpt":{"rendered":"<p>Vista Lite white tossud on valmistatud tekstiili ja nailoni kombinatsioonist kerguse ja hingavuse tagamiseks. Mudel pakub mugavust treeningu ja igap\u00e4evase kandmise ajal, usaldusv\u00e4\u00e4rset jalatuge ja stiilset kaasaegset v\u00e4limust. Vietnamis toodetud tossud sobivad ideaalselt sportimiseks, v\u00e4litegevuseks ja igap\u00e4evaseks kasutamiseks, \u00fchendades kvaliteedi ja vastupidavuse.<\/p>\n","protected":false},"featured_media":837481,"comment_status":"open","ping_status":"open","template":"","meta":[],"product_brand":[3135],"product_cat":[4460,3186,3187],"product_tag":[],"class_list":{"0":"post-837480","1":"product","2":"type-product","3":"status-publish","4":"has-post-thumbnail","6":"product_brand-nike-vista","7":"product_cat-nike-vista","8":"product_cat-all-product","9":"product_cat-krosivky","10":"pa_rozmir-910","11":"pa_rozmir-912","12":"pa_rozmir-914","13":"pa_rozmir-915","14":"pa_rozmir-916","15":"pa_rozmir-917","16":"pa_rozmir-918","17":"pa_rozmir-919","18":"pa_rozmir-920","19":"pa_rozmir-921","20":"pa_rozmir-922","22":"first","23":"onbackorder","24":"purchasable","25":"product-type-variable"},"_links":{"self":[{"href":"https:\/\/nextsnkr.com\/et\/wp-json\/wp\/v2\/product\/837480","targetHints":{"allow":["GET"]}}],"collection":[{"href":"https:\/\/nextsnkr.com\/et\/wp-json\/wp\/v2\/product"}],"about":[{"href":"https:\/\/nextsnkr.com\/et\/wp-json\/wp\/v2\/types\/product"}],"replies":[{"embeddable":true,"href":"https:\/\/nextsnkr.com\/et\/wp-json\/wp\/v2\/comments?post=837480"}],"version-history":[{"count":0,"href":"https:\/\/nextsnkr.com\/et\/wp-json\/wp\/v2\/product\/837480\/revisions"}],"wp:featuredmedia":[{"embeddable":true,"href":"https:\/\/nextsnkr.com\/et\/wp-json\/wp\/v2\/media\/837481"}],"wp:attachment":[{"href":"https:\/\/nextsnkr.com\/et\/wp-json\/wp\/v2\/media?parent=837480"}],"wp:term":[{"taxonomy":"product_brand","embeddable":true,"href":"https:\/\/nextsnkr.com\/et\/wp-json\/wp\/v2\/product_brand?post=837480"},{"taxonomy":"product_cat","embeddable":true,"href":"https:\/\/nextsnkr.com\/et\/wp-json\/wp\/v2\/product_cat?post=837480"},{"taxonomy":"product_tag","embeddable":true,"href":"https:\/\/nextsnkr.com\/et\/wp-json\/wp\/v2\/product_tag?post=837480"}],"curies":[{"name":"wp","href":"https:\/\/api.w.org\/{rel}","templated":true}]}}