{"id":836800,"date":"2025-06-12T09:04:13","date_gmt":"2025-06-12T06:04:13","guid":{"rendered":"https:\/\/nextsnkr.com\/product\/hot-step-air-terra-drake-nocta-purple\/"},"modified":"2026-01-30T17:29:39","modified_gmt":"2026-01-30T14:29:39","slug":"hot-step-air-terra-drake-nocta-purple","status":"publish","type":"product","link":"https:\/\/nextsnkr.com\/et\/toode\/hot-step-air-terra-drake-nocta-purple\/","title":{"rendered":"Hot Step Air terra Drake Nocta Purple nahast spordijalatsid"},"content":{"rendered":"<h2>Hot Step Air terra Drake Nocta Purple nahast spordijalatsid<\/h2>\n<p>Hot Step Air Terra Drake nocta Purple tossud on valmistatud kvaliteetsest nahast vastupidavuse ja mugavuse tagamiseks. Stiilne lilla disain r\u00f5hutab isikup\u00e4ra ja pehmendustald pakub tuge aktiivse liikumise ajal. Ideaalne sportimiseks, treenimiseks ja igap\u00e4evaseks kandmiseks. Vietnamis toodetud tossud \u00fchendavad kvaliteedi, vastupidavuse ja kaasaegse ilme, motiveerides neid aktiivse elustiili jaoks ostma.<\/p>\n","protected":false},"excerpt":{"rendered":"<p>Hot Step Air Terra Drake nocta Purple tossud on valmistatud kvaliteetsest nahast vastupidavuse ja mugavuse tagamiseks. Stiilne lilla disain r\u00f5hutab isikup\u00e4ra ja pehmendustald pakub tuge aktiivse liikumise ajal. Ideaalne sportimiseks, treenimiseks ja igap\u00e4evaseks kandmiseks. Vietnamis toodetud tossud \u00fchendavad kvaliteedi, vastupidavuse ja kaasaegse ilme, motiveerides neid aktiivse elustiili jaoks ostma.<\/p>\n","protected":false},"featured_media":836801,"comment_status":"open","ping_status":"open","template":"","meta":[],"product_brand":[],"product_cat":[3186,3187],"product_tag":[],"class_list":{"0":"post-836800","1":"product","2":"type-product","3":"status-publish","4":"has-post-thumbnail","6":"product_cat-all-product","7":"product_cat-krosivky","8":"pa_rozmir-910","9":"pa_rozmir-912","10":"pa_rozmir-914","11":"pa_rozmir-915","12":"pa_rozmir-916","13":"pa_rozmir-917","14":"pa_rozmir-918","15":"pa_rozmir-919","16":"pa_rozmir-920","17":"pa_rozmir-921","18":"pa_rozmir-922","20":"first","21":"instock","22":"purchasable","23":"product-type-variable"},"_links":{"self":[{"href":"https:\/\/nextsnkr.com\/et\/wp-json\/wp\/v2\/product\/836800","targetHints":{"allow":["GET"]}}],"collection":[{"href":"https:\/\/nextsnkr.com\/et\/wp-json\/wp\/v2\/product"}],"about":[{"href":"https:\/\/nextsnkr.com\/et\/wp-json\/wp\/v2\/types\/product"}],"replies":[{"embeddable":true,"href":"https:\/\/nextsnkr.com\/et\/wp-json\/wp\/v2\/comments?post=836800"}],"version-history":[{"count":0,"href":"https:\/\/nextsnkr.com\/et\/wp-json\/wp\/v2\/product\/836800\/revisions"}],"wp:featuredmedia":[{"embeddable":true,"href":"https:\/\/nextsnkr.com\/et\/wp-json\/wp\/v2\/media\/836801"}],"wp:attachment":[{"href":"https:\/\/nextsnkr.com\/et\/wp-json\/wp\/v2\/media?parent=836800"}],"wp:term":[{"taxonomy":"product_brand","embeddable":true,"href":"https:\/\/nextsnkr.com\/et\/wp-json\/wp\/v2\/product_brand?post=836800"},{"taxonomy":"product_cat","embeddable":true,"href":"https:\/\/nextsnkr.com\/et\/wp-json\/wp\/v2\/product_cat?post=836800"},{"taxonomy":"product_tag","embeddable":true,"href":"https:\/\/nextsnkr.com\/et\/wp-json\/wp\/v2\/product_tag?post=836800"}],"curies":[{"name":"wp","href":"https:\/\/api.w.org\/{rel}","templated":true}]}}