{"id":836630,"date":"2025-06-12T09:04:33","date_gmt":"2025-06-12T06:04:33","guid":{"rendered":"https:\/\/nextsnkr.com\/product\/trainer-multi-caged-runner-sneakers\/"},"modified":"2026-01-30T17:29:35","modified_gmt":"2026-01-30T14:29:35","slug":"trainer-multi-caged-runner-sneakers","status":"publish","type":"product","link":"https:\/\/nextsnkr.com\/et\/toode\/trainer-multi-caged-runner-sneakers\/","title":{"rendered":"Trainer Multi Caged Runner tekstiilist jooksujalatsid jooksmiseks ja sportimiseks"},"content":{"rendered":"<h2>Trainer Multi Caged Runner tekstiilist jooksujalatsid jooksmiseks ja sportimiseks<\/h2>\n<p>Trainer Multi Caged Runner Sneakers on valmistatud kvaliteetsest tekstiilist, mis tagab h\u00f5lpsa ja mugava istuvuse. Mitmek\u00fclgne disain Sobib jooksmiseks, treenimiseks ja igap\u00e4evaseks kandmiseks. Mugav Pehmendus ja kaasaegne stiil muudavad need tossud aktiivse elustiili jaoks usaldusv\u00e4\u00e4rseks valikuks. Hiinas toodetud tooted \u00fchendavad vastupidavuse, stiili ja funktsionaalsuse, motiveerides neid ostma spordi ja igap\u00e4evase elu jaoks.<\/p>\n","protected":false},"excerpt":{"rendered":"<p>Trainer Multi Caged Runner Sneakers on valmistatud kvaliteetsest tekstiilist, mis tagab h\u00f5lpsa ja mugava istuvuse. Mitmek\u00fclgne disain Sobib jooksmiseks, treenimiseks ja igap\u00e4evaseks kandmiseks. Mugav Pehmendus ja kaasaegne stiil muudavad need tossud aktiivse elustiili jaoks usaldusv\u00e4\u00e4rseks valikuks. Hiinas toodetud tooted \u00fchendavad vastupidavuse, stiili ja funktsionaalsuse, motiveerides neid ostma spordi ja igap\u00e4evase elu jaoks.<\/p>\n","protected":false},"featured_media":836631,"comment_status":"open","ping_status":"open","template":"","meta":[],"product_brand":[],"product_cat":[3186,3187],"product_tag":[],"class_list":{"0":"post-836630","1":"product","2":"type-product","3":"status-publish","4":"has-post-thumbnail","6":"product_cat-all-product","7":"product_cat-krosivky","8":"pa_rozmir-910","9":"pa_rozmir-912","10":"pa_rozmir-914","11":"pa_rozmir-915","12":"pa_rozmir-916","13":"pa_rozmir-917","14":"pa_rozmir-918","15":"pa_rozmir-919","16":"pa_rozmir-920","17":"pa_rozmir-921","18":"pa_rozmir-922","20":"first","21":"instock","22":"purchasable","23":"product-type-variable"},"_links":{"self":[{"href":"https:\/\/nextsnkr.com\/et\/wp-json\/wp\/v2\/product\/836630","targetHints":{"allow":["GET"]}}],"collection":[{"href":"https:\/\/nextsnkr.com\/et\/wp-json\/wp\/v2\/product"}],"about":[{"href":"https:\/\/nextsnkr.com\/et\/wp-json\/wp\/v2\/types\/product"}],"replies":[{"embeddable":true,"href":"https:\/\/nextsnkr.com\/et\/wp-json\/wp\/v2\/comments?post=836630"}],"version-history":[{"count":0,"href":"https:\/\/nextsnkr.com\/et\/wp-json\/wp\/v2\/product\/836630\/revisions"}],"wp:featuredmedia":[{"embeddable":true,"href":"https:\/\/nextsnkr.com\/et\/wp-json\/wp\/v2\/media\/836631"}],"wp:attachment":[{"href":"https:\/\/nextsnkr.com\/et\/wp-json\/wp\/v2\/media?parent=836630"}],"wp:term":[{"taxonomy":"product_brand","embeddable":true,"href":"https:\/\/nextsnkr.com\/et\/wp-json\/wp\/v2\/product_brand?post=836630"},{"taxonomy":"product_cat","embeddable":true,"href":"https:\/\/nextsnkr.com\/et\/wp-json\/wp\/v2\/product_cat?post=836630"},{"taxonomy":"product_tag","embeddable":true,"href":"https:\/\/nextsnkr.com\/et\/wp-json\/wp\/v2\/product_tag?post=836630"}],"curies":[{"name":"wp","href":"https:\/\/api.w.org\/{rel}","templated":true}]}}