{"id":836121,"date":"2025-06-12T09:06:45","date_gmt":"2025-06-12T06:06:45","guid":{"rendered":"https:\/\/nextsnkr.com\/product\/3xl-black-premium\/"},"modified":"2026-01-30T17:29:13","modified_gmt":"2026-01-30T14:29:13","slug":"3xl-black-premium","status":"publish","type":"product","link":"https:\/\/nextsnkr.com\/et\/toode\/3xl-black-premium\/","title":{"rendered":"3XL Black Premium tekstiilist tossud spordi ja aktiivse puhkuse jaoks"},"content":{"rendered":"<h2>3XL Black Premium tekstiilist tossud spordi ja aktiivse puhkuse jaoks<\/h2>\n<p>3XL Black Premium tossud on valmistatud vastupidavast tekstiilist, mis tagab aktiivse kasutamise ajal kerguse ja mugavuse. Stiilne must disain r\u00f5hutab mudeli kaasaegset v\u00e4limust ja mitmek\u00fclgsust, mis sobib ideaalselt sportimiseks, jalutamiseks ja igap\u00e4evaseks kandmiseks. Tootja Hiina tagab tossude k\u00f5rge kvaliteedi ja vastupidavuse, muutes need suurep\u00e4raseks valikuks stiilsete ja mugavate kingade jaoks.<\/p>\n","protected":false},"excerpt":{"rendered":"<p>3XL Black Premium tossud on valmistatud vastupidavast tekstiilist, mis tagab aktiivse kasutamise ajal kerguse ja mugavuse. Stiilne must disain r\u00f5hutab mudeli kaasaegset v\u00e4limust ja mitmek\u00fclgsust, mis sobib ideaalselt sportimiseks, jalutamiseks ja igap\u00e4evaseks kandmiseks. Tootja Hiina tagab tossude k\u00f5rge kvaliteedi ja vastupidavuse, muutes need suurep\u00e4raseks valikuks stiilsete ja mugavate kingade jaoks.<\/p>\n","protected":false},"featured_media":836122,"comment_status":"open","ping_status":"open","template":"","meta":[],"product_brand":[],"product_cat":[3186,3187],"product_tag":[],"class_list":{"0":"post-836121","1":"product","2":"type-product","3":"status-publish","4":"has-post-thumbnail","6":"product_cat-all-product","7":"product_cat-krosivky","8":"pa_rozmir-910","9":"pa_rozmir-912","10":"pa_rozmir-914","11":"pa_rozmir-915","12":"pa_rozmir-916","13":"pa_rozmir-917","14":"pa_rozmir-918","15":"pa_rozmir-919","16":"pa_rozmir-920","17":"pa_rozmir-921","18":"pa_rozmir-922","20":"first","21":"onbackorder","22":"purchasable","23":"product-type-variable"},"_links":{"self":[{"href":"https:\/\/nextsnkr.com\/et\/wp-json\/wp\/v2\/product\/836121","targetHints":{"allow":["GET"]}}],"collection":[{"href":"https:\/\/nextsnkr.com\/et\/wp-json\/wp\/v2\/product"}],"about":[{"href":"https:\/\/nextsnkr.com\/et\/wp-json\/wp\/v2\/types\/product"}],"replies":[{"embeddable":true,"href":"https:\/\/nextsnkr.com\/et\/wp-json\/wp\/v2\/comments?post=836121"}],"version-history":[{"count":0,"href":"https:\/\/nextsnkr.com\/et\/wp-json\/wp\/v2\/product\/836121\/revisions"}],"wp:featuredmedia":[{"embeddable":true,"href":"https:\/\/nextsnkr.com\/et\/wp-json\/wp\/v2\/media\/836122"}],"wp:attachment":[{"href":"https:\/\/nextsnkr.com\/et\/wp-json\/wp\/v2\/media?parent=836121"}],"wp:term":[{"taxonomy":"product_brand","embeddable":true,"href":"https:\/\/nextsnkr.com\/et\/wp-json\/wp\/v2\/product_brand?post=836121"},{"taxonomy":"product_cat","embeddable":true,"href":"https:\/\/nextsnkr.com\/et\/wp-json\/wp\/v2\/product_cat?post=836121"},{"taxonomy":"product_tag","embeddable":true,"href":"https:\/\/nextsnkr.com\/et\/wp-json\/wp\/v2\/product_tag?post=836121"}],"curies":[{"name":"wp","href":"https:\/\/api.w.org\/{rel}","templated":true}]}}