{"id":835951,"date":"2025-06-12T09:07:06","date_gmt":"2025-06-12T06:07:06","guid":{"rendered":"https:\/\/nextsnkr.com\/product\/trainer-black-white-runner-sneakers\/"},"modified":"2026-01-30T17:28:59","modified_gmt":"2026-01-30T14:28:59","slug":"trainer-black-white-runner-sneakers","status":"publish","type":"product","link":"https:\/\/nextsnkr.com\/et\/toode\/trainer-black-white-runner-sneakers\/","title":{"rendered":"Trainer Black \/ White textile tossud jooksmiseks ja sportimiseks"},"content":{"rendered":"<h2>Trainer Black \/ White textile tossud jooksmiseks ja sportimiseks<\/h2>\n<p>Trainer Black \/ White Runner Sneakers on valmistatud kergetest tekstiilidest, mis pakuvad mugavust ja ventilatsiooni treeningute ja jalutusk\u00e4ikude ajal. Stiilne musta ja valge kombinatsioon muudab mudeli universaalseks iga v\u00e4limuse jaoks. Tootja Hiina tagab k\u00f5rge kvaliteedi ja vastupidavuse ning nutikas talla disain pakub aktiivsel kasutamisel jalatuge ja pehmendust. Ideaalne valik sportimiseks ja igap\u00e4evaseks kandmiseks.<\/p>\n","protected":false},"excerpt":{"rendered":"<p>Trainer Black \/ White Runner Sneakers on valmistatud kergetest tekstiilidest, mis pakuvad mugavust ja ventilatsiooni treeningute ja jalutusk\u00e4ikude ajal. Stiilne musta ja valge kombinatsioon muudab mudeli universaalseks iga v\u00e4limuse jaoks. Tootja Hiina tagab k\u00f5rge kvaliteedi ja vastupidavuse ning nutikas talla disain pakub aktiivsel kasutamisel jalatuge ja pehmendust. Ideaalne valik sportimiseks ja igap\u00e4evaseks kandmiseks.<\/p>\n","protected":false},"featured_media":835952,"comment_status":"open","ping_status":"open","template":"","meta":[],"product_brand":[],"product_cat":[3186,3187],"product_tag":[],"class_list":{"0":"post-835951","1":"product","2":"type-product","3":"status-publish","4":"has-post-thumbnail","6":"product_cat-all-product","7":"product_cat-krosivky","8":"pa_rozmir-910","9":"pa_rozmir-912","10":"pa_rozmir-914","11":"pa_rozmir-915","12":"pa_rozmir-916","13":"pa_rozmir-917","14":"pa_rozmir-918","15":"pa_rozmir-919","16":"pa_rozmir-920","17":"pa_rozmir-921","18":"pa_rozmir-922","20":"first","21":"instock","22":"purchasable","23":"product-type-variable"},"_links":{"self":[{"href":"https:\/\/nextsnkr.com\/et\/wp-json\/wp\/v2\/product\/835951","targetHints":{"allow":["GET"]}}],"collection":[{"href":"https:\/\/nextsnkr.com\/et\/wp-json\/wp\/v2\/product"}],"about":[{"href":"https:\/\/nextsnkr.com\/et\/wp-json\/wp\/v2\/types\/product"}],"replies":[{"embeddable":true,"href":"https:\/\/nextsnkr.com\/et\/wp-json\/wp\/v2\/comments?post=835951"}],"version-history":[{"count":0,"href":"https:\/\/nextsnkr.com\/et\/wp-json\/wp\/v2\/product\/835951\/revisions"}],"wp:featuredmedia":[{"embeddable":true,"href":"https:\/\/nextsnkr.com\/et\/wp-json\/wp\/v2\/media\/835952"}],"wp:attachment":[{"href":"https:\/\/nextsnkr.com\/et\/wp-json\/wp\/v2\/media?parent=835951"}],"wp:term":[{"taxonomy":"product_brand","embeddable":true,"href":"https:\/\/nextsnkr.com\/et\/wp-json\/wp\/v2\/product_brand?post=835951"},{"taxonomy":"product_cat","embeddable":true,"href":"https:\/\/nextsnkr.com\/et\/wp-json\/wp\/v2\/product_cat?post=835951"},{"taxonomy":"product_tag","embeddable":true,"href":"https:\/\/nextsnkr.com\/et\/wp-json\/wp\/v2\/product_tag?post=835951"}],"curies":[{"name":"wp","href":"https:\/\/api.w.org\/{rel}","templated":true}]}}